{"id":1142,"date":"2020-05-15T09:14:33","date_gmt":"2020-05-15T07:14:33","guid":{"rendered":"https:\/\/kertoonstudio.fr\/?page_id=1142"},"modified":"2025-10-19T15:17:48","modified_gmt":"2025-10-19T13:17:48","slug":"silence-on-repete","status":"publish","type":"page","link":"https:\/\/kertoon.grouplive.net\/index.php\/silence-on-repete\/","title":{"rendered":"Les r\u00e9p\u00e9titions du&#8230;"},"content":{"rendered":"\n\n\n<figure class=\"wp-block-image size-large\"><img loading=\"lazy\" decoding=\"async\" width=\"1024\" height=\"334\" src=\"https:\/\/kertoonstudio.fr\/wp-content\/uploads\/2020\/07\/on-repete-scaled-1-1024x334.jpg\" alt=\"\" class=\"wp-image-2341\" srcset=\"https:\/\/kertoon.grouplive.net\/wp-content\/uploads\/2020\/07\/on-repete-scaled-1-1024x334.jpg 1024w, https:\/\/kertoon.grouplive.net\/wp-content\/uploads\/2020\/07\/on-repete-scaled-1-300x98.jpg 300w, https:\/\/kertoon.grouplive.net\/wp-content\/uploads\/2020\/07\/on-repete-scaled-1-768x251.jpg 768w, https:\/\/kertoon.grouplive.net\/wp-content\/uploads\/2020\/07\/on-repete-scaled-1-1536x502.jpg 1536w, https:\/\/kertoon.grouplive.net\/wp-content\/uploads\/2020\/07\/on-repete-scaled-1-2048x669.jpg 2048w\" sizes=\"auto, (max-width: 1024px) 100vw, 1024px\" \/><\/figure>\n\n\n\n<h1 class=\"wp-block-heading\">LES R\u00c9P\u00c9TITIONS DU\u2026<\/h1>\n\n\n\n<h2 class=\"wp-block-heading\">La page de nos r\u00e9p\u00e9titions et de nos entrainements<\/h2>\n\n\n\n<h3 class=\"wp-block-heading\">Tous les jours, les groupes r\u00e9p\u00e8tent, se perfectionnent et s&rsquo;amusent&#8230; D\u00e9couvrez nos s\u00e9ances d&rsquo;entrainements&#8230;<\/h3>\n\n\n\n<h2 class=\"wp-block-heading has-text-align-center\">Ann\u00e9e 2025 -2026<\/h2>\n\n\n\n<figure class=\"wp-block-table aligncenter is-style-stripes\"><table><tbody><tr><td class=\"has-text-align-center\" data-align=\"center\"><a href=\"https:\/\/kertoonstudio.fr\/index.php\/silence-on-repete__trashed\/lundi\/\"><img decoding=\"async\" src=\"https:\/\/kertoonstudio.fr\/wp-content\/uploads\/2020\/05\/lundi.jpg\" style=\"width: 150px\"><\/a><br><a href=\"https:\/\/kertoonstudio.fr\/index.php\/silence-on-repete__trashed\/lundi\/\">Lundi<\/a><\/td><td class=\"has-text-align-center\" data-align=\"center\"><a href=\"https:\/\/kertoonstudio.fr\/index.php\/silence-on-repete__trashed\/mardi\/\"><img decoding=\"async\" src=\"https:\/\/kertoonstudio.fr\/wp-content\/uploads\/2020\/05\/mardi.jpg\" alt=\"\" style=\"width: 150px\"><\/a><br><a href=\"https:\/\/kertoonstudio.fr\/index.php\/silence-on-repete__trashed\/mardi\/\">Mardi<\/a><\/td><td class=\"has-text-align-center\" data-align=\"center\"><a href=\"https:\/\/kertoonstudio.fr\/index.php\/silence-on-repete__trashed\/mercredi-1\/\"><img decoding=\"async\" src=\"https:\/\/kertoonstudio.fr\/wp-content\/uploads\/2020\/05\/mercredi-1.jpg\" alt=\"\" style=\"width: 150px\"><\/a><br><a href=\"https:\/\/kertoonstudio.fr\/index.php\/silence-on-repete__trashed\/mercredi-1\/\"><\/a><a href=\"https:\/\/kertoonstudio.fr\/index.php\/silence-on-repete__trashed\/mercredi-1\/\">Merc. gpe 1<\/a><\/td><td class=\"has-text-align-center\" data-align=\"center\"><a href=\"https:\/\/kertoonstudio.fr\/index.php\/silence-on-repete__trashed\/mercredi-2\/\"><img decoding=\"async\" src=\"https:\/\/kertoonstudio.fr\/wp-content\/uploads\/2020\/05\/mercredi-2.jpg\" style=\"width: 150px\"><\/a><br><a href=\"https:\/\/kertoonstudio.fr\/index.php\/silence-on-repete__trashed\/mercredi-2\/\">Merc. gpe 2<\/a><\/td><\/tr><tr><td class=\"has-text-align-center\" data-align=\"center\"><a href=\"https:\/\/kertoonstudio.fr\/index.php\/le-cinema-a-lecole\/campeneac-prive\/\"><\/a><a href=\"https:\/\/kertoonstudio.fr\/index.php\/silence-on-repete__trashed\/mercredi-3\/\"><img decoding=\"async\" src=\"https:\/\/kertoonstudio.fr\/wp-content\/uploads\/2020\/05\/mercredi-3.jpg\" alt=\"\" style=\"width: 150px\"><\/a> <br><a href=\"https:\/\/kertoonstudio.fr\/index.php\/le-cinema-a-lecole\/campeneac-prive\/\"><\/a><a href=\"https:\/\/kertoonstudio.fr\/index.php\/silence-on-repete__trashed\/mercredi-3\/\">Merc. gpe 3<\/a><\/td><td class=\"has-text-align-center\" data-align=\"center\"><a href=\"https:\/\/kertoonstudio.fr\/index.php\/le-cinema-a-lecole\/campeneac-public\/\"><\/a><a href=\"https:\/\/kertoonstudio.fr\/index.php\/silence-on-repete__trashed\/jeudi\/\"><img decoding=\"async\" src=\"https:\/\/kertoonstudio.fr\/wp-content\/uploads\/2020\/05\/jeudi.jpg\" alt=\"\" style=\"width: 150px\"><\/a> <br><a href=\"https:\/\/kertoonstudio.fr\/index.php\/le-cinema-a-lecole\/campeneac-public\/\"><\/a><a href=\"https:\/\/kertoonstudio.fr\/index.php\/silence-on-repete__trashed\/jeudi\/\">Jeudi<\/a><\/td><td class=\"has-text-align-center\" data-align=\"center\"><a href=\"https:\/\/kertoonstudio.fr\/index.php\/silence-on-repete__trashed\/vendredi\/\"><img decoding=\"async\" src=\"https:\/\/kertoonstudio.fr\/wp-content\/uploads\/2020\/05\/vendredi.jpg\" alt=\"\" style=\"width: 150px\"><\/a><a href=\"https:\/\/kertoonstudio.fr\/index.php\/le-cinema-a-lecole\/gourhel\/\"> <\/a><br><a href=\"https:\/\/kertoonstudio.fr\/index.php\/le-cinema-a-lecole\/gourhel\/\"><\/a><a href=\"https:\/\/kertoonstudio.fr\/index.php\/silence-on-repete__trashed\/vendredi\/\">Vendredi<\/a><\/td><td class=\"has-text-align-center\" data-align=\"center\"><a href=\"https:\/\/kertoonstudio.fr\/index.php\/le-cinema-a-lecole\/josselin-notre-dame-du-roncier\/\"> <\/a><a href=\"https:\/\/kertoonstudio.fr\/index.php\/silence-on-repete\/samedi-et-vacances\/\" title=\"\"><img decoding=\"async\" style=\"width: 150px\" src=\"https:\/\/kertoonstudio.fr\/wp-content\/uploads\/2020\/05\/hors-serie-2.jpg\" alt=\"\"><\/a><br><a href=\"https:\/\/kertoonstudio.fr\/index.php\/silence-on-repete\/samedi-et-vacances\/\" title=\"\">Samedi \/ Vacs<\/a><br><\/td><\/tr><\/tbody><\/table><\/figure>\n\n\n\n<div style=\"height:100px\" aria-hidden=\"true\" class=\"wp-block-spacer\"><\/div>\n","protected":false},"excerpt":{"rendered":"<p>LES R\u00c9P\u00c9TITIONS DU\u2026 La page de nos r\u00e9p\u00e9titions et de nos entrainements Tous les jours, les groupes r\u00e9p\u00e8tent, se perfectionnent et s&rsquo;amusent&#8230; D\u00e9couvrez nos s\u00e9ances d&rsquo;entrainements&#8230; Ann\u00e9e 2025 -2026 Lundi Mardi Merc. gpe 1 Merc. gpe 2 Merc. gpe 3 Jeudi Vendredi Samedi \/ Vacs<\/p>\n","protected":false},"author":2,"featured_media":0,"parent":0,"menu_order":0,"comment_status":"closed","ping_status":"closed","template":"","meta":{"neve_meta_sidebar":"","neve_meta_container":"","neve_meta_enable_content_width":"on","neve_meta_content_width":70,"neve_meta_title_alignment":"","neve_meta_author_avatar":"","neve_post_elements_order":"","neve_meta_disable_header":"","neve_meta_disable_footer":"on","neve_meta_disable_title":"","footnotes":""},"class_list":["post-1142","page","type-page","status-publish","hentry"],"aioseo_notices":[],"_links":{"self":[{"href":"https:\/\/kertoon.grouplive.net\/index.php\/wp-json\/wp\/v2\/pages\/1142","targetHints":{"allow":["GET"]}}],"collection":[{"href":"https:\/\/kertoon.grouplive.net\/index.php\/wp-json\/wp\/v2\/pages"}],"about":[{"href":"https:\/\/kertoon.grouplive.net\/index.php\/wp-json\/wp\/v2\/types\/page"}],"author":[{"embeddable":true,"href":"https:\/\/kertoon.grouplive.net\/index.php\/wp-json\/wp\/v2\/users\/2"}],"replies":[{"embeddable":true,"href":"https:\/\/kertoon.grouplive.net\/index.php\/wp-json\/wp\/v2\/comments?post=1142"}],"version-history":[{"count":28,"href":"https:\/\/kertoon.grouplive.net\/index.php\/wp-json\/wp\/v2\/pages\/1142\/revisions"}],"predecessor-version":[{"id":20542,"href":"https:\/\/kertoon.grouplive.net\/index.php\/wp-json\/wp\/v2\/pages\/1142\/revisions\/20542"}],"wp:attachment":[{"href":"https:\/\/kertoon.grouplive.net\/index.php\/wp-json\/wp\/v2\/media?parent=1142"}],"curies":[{"name":"wp","href":"https:\/\/api.w.org\/{rel}","templated":true}]}}