{"id":165,"date":"2020-01-31T16:47:31","date_gmt":"2020-01-31T15:47:31","guid":{"rendered":"http:\/\/192.168.13.9\/?page_id=165"},"modified":"2025-10-28T03:32:16","modified_gmt":"2025-10-28T02:32:16","slug":"165-2","status":"publish","type":"page","link":"https:\/\/kertoon.grouplive.net\/","title":{"rendered":"Accueil"},"content":{"rendered":"<div class=\"wp-block-image\">\n<figure class=\"alignright size-full is-resized\"><a href=\"https:\/\/www.youtube.com\/@KertoonStudio?sub_confirmation=1\"><img loading=\"lazy\" decoding=\"async\" width=\"300\" height=\"200\" src=\"https:\/\/kertoonstudio.fr\/wp-content\/uploads\/2025\/10\/abonnez-vous-color-kertoon2.png\" alt=\"\" class=\"wp-image-20703\" style=\"width:198px;height:auto\"\/><\/a><\/figure>\n<\/div>\n\n\n<h1 class=\"wp-block-heading\">BIENVENUE SUR KERTOON STUDIO<\/h1>\n\n\n\n<div class=\"wp-block-columns is-layout-flex wp-container-core-columns-is-layout-9d6595d7 wp-block-columns-is-layout-flex\">\n<div class=\"wp-block-column is-vertically-aligned-center is-layout-flow wp-block-column-is-layout-flow\"><div class=\"wp-block-image\">\n<figure class=\"alignright size-large is-resized\"><img loading=\"lazy\" decoding=\"async\" width=\"918\" height=\"1024\" src=\"https:\/\/kertoonstudio.fr\/wp-content\/uploads\/2025\/09\/logo-couleur-3-918x1024.png\" alt=\"\" class=\"wp-image-20359\" style=\"width:233px;height:auto\" srcset=\"https:\/\/kertoon.grouplive.net\/wp-content\/uploads\/2025\/09\/logo-couleur-3-918x1024.png 918w, https:\/\/kertoon.grouplive.net\/wp-content\/uploads\/2025\/09\/logo-couleur-3-269x300.png 269w, https:\/\/kertoon.grouplive.net\/wp-content\/uploads\/2025\/09\/logo-couleur-3-768x857.png 768w, https:\/\/kertoon.grouplive.net\/wp-content\/uploads\/2025\/09\/logo-couleur-3-538x600.png 538w, https:\/\/kertoon.grouplive.net\/wp-content\/uploads\/2025\/09\/logo-couleur-3.png 1024w\" sizes=\"auto, (max-width: 918px) 100vw, 918px\" \/><\/figure>\n<\/div><\/div>\n\n\n\n<div class=\"wp-block-column is-vertically-aligned-center is-layout-flow wp-block-column-is-layout-flow\">\n<figure class=\"wp-block-embed is-type-video is-provider-youtube wp-block-embed-youtube wp-embed-aspect-16-9 wp-has-aspect-ratio\"><div class=\"wp-block-embed__wrapper\">\n<div class=\"nv-iframe-embed\"><iframe loading=\"lazy\" title=\"BIENVENUE SUR KERTOON STUDIO\" width=\"1200\" height=\"675\" src=\"https:\/\/www.youtube.com\/embed\/-URhejRWIwk?feature=oembed\" frameborder=\"0\" allow=\"accelerometer; autoplay; clipboard-write; encrypted-media; gyroscope; picture-in-picture; web-share\" referrerpolicy=\"strict-origin-when-cross-origin\" allowfullscreen><\/iframe><\/div>\n<\/div><\/figure>\n<\/div>\n<\/div>\n\n\n\n<figure class=\"wp-block-table is-style-stripes\"><table><tbody><tr><td class=\"has-text-align-center\" data-align=\"center\"><br><a href=\"https:\/\/kertoonstudio.fr\/index.php\/la-vie-a-kertoon\/la-presidente\/\"><img loading=\"lazy\" decoding=\"async\" width=\"150\" height=\"150\" class=\"wp-image-10749\" style=\"width: 150px;\" src=\"https:\/\/kertoonstudio.fr\/wp-content\/uploads\/2025\/07\/la-presidente.jpeg\" alt=\"\" srcset=\"https:\/\/kertoon.grouplive.net\/wp-content\/uploads\/2025\/07\/la-presidente.jpeg 200w, https:\/\/kertoon.grouplive.net\/wp-content\/uploads\/2025\/07\/la-presidente-150x150.jpeg 150w\" sizes=\"auto, (max-width: 150px) 100vw, 150px\" \/><\/a><br><a href=\"https:\/\/kertoonstudio.fr\/index.php\/la-vie-a-kertoon\/la-presidente\/\">LA DIRECTION<\/a><a href=\"https:\/\/kertoonstudio.fr\/index.php\/la-vie-a-kertoon\/la-presidente\/\"><\/a><\/td><td class=\"has-text-align-center\" data-align=\"center\"><br><a href=\"https:\/\/kertoonstudio.fr\/index.php\/la-vie-a-kertoon\/\"><img loading=\"lazy\" decoding=\"async\" width=\"150\" height=\"150\" class=\"wp-image-10790\" style=\"width: 150px;\" src=\"https:\/\/kertoonstudio.fr\/wp-content\/uploads\/2025\/08\/vie.jpg\" alt=\"\" srcset=\"https:\/\/kertoon.grouplive.net\/wp-content\/uploads\/2025\/08\/vie.jpg 200w, https:\/\/kertoon.grouplive.net\/wp-content\/uploads\/2025\/08\/vie-150x150.jpg 150w\" sizes=\"auto, (max-width: 150px) 100vw, 150px\" \/><\/a><br><a href=\"https:\/\/kertoonstudio.fr\/index.php\/la-vie-a-kertoon\/\">LA VIE \u00c0 KERTOON<\/a><a href=\"https:\/\/kertoonstudio.fr\/index.php\/la-vie-a-kertoon\/\"><\/a><\/td><td class=\"has-text-align-center\" data-align=\"center\"><br><a href=\"https:\/\/kertoonstudio.fr\/index.php\/nos-creations\/\"><img loading=\"lazy\" decoding=\"async\" width=\"150\" height=\"150\" class=\"wp-image-10757\" style=\"width: 150px;\" src=\"https:\/\/kertoonstudio.fr\/wp-content\/uploads\/2025\/07\/notre-cinema.jpg\" alt=\"\" srcset=\"https:\/\/kertoon.grouplive.net\/wp-content\/uploads\/2025\/07\/notre-cinema.jpg 200w, https:\/\/kertoon.grouplive.net\/wp-content\/uploads\/2025\/07\/notre-cinema-150x150.jpg 150w\" sizes=\"auto, (max-width: 150px) 100vw, 150px\" \/><\/a><br><a href=\"https:\/\/kertoonstudio.fr\/index.php\/nos-creations\/\">NOTRE CIN\u00c9MA<\/a><\/td><td class=\"has-text-align-center\" data-align=\"center\"><br><a href=\"https:\/\/kertoonstudio.fr\/index.php\/silence-on-repete\/\"><img loading=\"lazy\" decoding=\"async\" width=\"150\" height=\"150\" class=\"wp-image-10772\" style=\"width: 150px;\" src=\"https:\/\/kertoonstudio.fr\/wp-content\/uploads\/2025\/08\/training.jpg\" alt=\"\" srcset=\"https:\/\/kertoon.grouplive.net\/wp-content\/uploads\/2025\/08\/training.jpg 200w, https:\/\/kertoon.grouplive.net\/wp-content\/uploads\/2025\/08\/training-150x150.jpg 150w\" sizes=\"auto, (max-width: 150px) 100vw, 150px\" \/><\/a><br><a href=\"https:\/\/kertoonstudio.fr\/index.php\/silence-on-repete\/\">NOS REPET&rsquo;S<\/a><\/td><\/tr><tr><td class=\"has-text-align-center\" data-align=\"center\"><a href=\"https:\/\/kertoonstudio.fr\/index.php\/nos-creations\/trouble\/\"><img loading=\"lazy\" decoding=\"async\" width=\"150\" height=\"150\" class=\"wp-image-10794\" style=\"width: 150px;\" src=\"https:\/\/kertoonstudio.fr\/wp-content\/uploads\/2025\/08\/serie.jpg\" alt=\"\" srcset=\"https:\/\/kertoon.grouplive.net\/wp-content\/uploads\/2025\/08\/serie.jpg 200w, https:\/\/kertoon.grouplive.net\/wp-content\/uploads\/2025\/08\/serie-150x150.jpg 150w\" sizes=\"auto, (max-width: 150px) 100vw, 150px\" \/><\/a><br><a href=\"https:\/\/kertoonstudio.fr\/index.php\/nos-creations\/trouble\/\">NOS PTITES S\u00c9RIES<\/a><\/td><td class=\"has-text-align-center\" data-align=\"center\"><a href=\"https:\/\/kertoonstudio.fr\/index.php\/nos-creations\/nos-courts-metrages\/\" title=\"\"><img loading=\"lazy\" decoding=\"async\" width=\"150\" height=\"150\" class=\"wp-image-10780\" style=\"width: 150px;\" src=\"https:\/\/kertoonstudio.fr\/wp-content\/uploads\/2025\/08\/courts.jpg\" alt=\"\" srcset=\"https:\/\/kertoon.grouplive.net\/wp-content\/uploads\/2025\/08\/courts.jpg 200w, https:\/\/kertoon.grouplive.net\/wp-content\/uploads\/2025\/08\/courts-150x150.jpg 150w\" sizes=\"auto, (max-width: 150px) 100vw, 150px\" \/><\/a><br><a href=\"https:\/\/kertoonstudio.fr\/index.php\/nos-creations\/nos-courts-metrages\/\">COURTS- M\u00c9TRAGES<\/a><\/td><td class=\"has-text-align-center\" data-align=\"center\"><a href=\"https:\/\/kertoonstudio.fr\/index.php\/archives\/\"><img loading=\"lazy\" decoding=\"async\" width=\"150\" height=\"150\" class=\"wp-image-10759\" style=\"width: 150px;\" src=\"https:\/\/kertoonstudio.fr\/wp-content\/uploads\/2025\/07\/archives.jpg\" alt=\"\" srcset=\"https:\/\/kertoon.grouplive.net\/wp-content\/uploads\/2025\/07\/archives.jpg 200w, https:\/\/kertoon.grouplive.net\/wp-content\/uploads\/2025\/07\/archives-150x150.jpg 150w\" sizes=\"auto, (max-width: 150px) 100vw, 150px\" \/><\/a><br><a href=\"https:\/\/kertoonstudio.fr\/index.php\/archives\/\">NOS ARCHIVES<\/a><\/td><td class=\"has-text-align-center\" data-align=\"center\"><a href=\"https:\/\/kertoonstudio.fr\/index.php\/la-vie-a-kertoon\/nos-histoires\/\"><img loading=\"lazy\" decoding=\"async\" width=\"150\" height=\"150\" class=\"wp-image-10797\" style=\"width: 150px;\" src=\"https:\/\/kertoonstudio.fr\/wp-content\/uploads\/2025\/08\/best.jpg\" alt=\"\" srcset=\"https:\/\/kertoon.grouplive.net\/wp-content\/uploads\/2025\/08\/best.jpg 200w, https:\/\/kertoon.grouplive.net\/wp-content\/uploads\/2025\/08\/best-150x150.jpg 150w\" sizes=\"auto, (max-width: 150px) 100vw, 150px\" \/><\/a><br>NOS <a href=\"https:\/\/kertoonstudio.fr\/index.php\/la-vie-a-kertoon\/nos-histoires\/\">BEST IMPRO<\/a>S<\/td><\/tr><tr><td class=\"has-text-align-center\" data-align=\"center\"><br><a href=\"https:\/\/kertoonstudio.fr\/index.php\/divertissements\/\"><img loading=\"lazy\" decoding=\"async\" width=\"150\" height=\"150\" class=\"wp-image-10768\" style=\"width: 150px;\" src=\"https:\/\/kertoonstudio.fr\/wp-content\/uploads\/2025\/08\/telerealite.jpg\" alt=\"\" srcset=\"https:\/\/kertoon.grouplive.net\/wp-content\/uploads\/2025\/08\/telerealite.jpg 200w, https:\/\/kertoon.grouplive.net\/wp-content\/uploads\/2025\/08\/telerealite-150x150.jpg 150w\" sizes=\"auto, (max-width: 150px) 100vw, 150px\" \/><\/a><br><a href=\"https:\/\/kertoonstudio.fr\/index.php\/divertissements\/\">COMME \u00c0 LA TV<\/a><\/td><td class=\"has-text-align-center\" data-align=\"center\"><br><a href=\"https:\/\/kertoonstudio.fr\/index.php\/making-of-kertoon\/\"><img loading=\"lazy\" decoding=\"async\" width=\"150\" height=\"150\" class=\"wp-image-10765\" style=\"width: 150px;\" src=\"https:\/\/kertoonstudio.fr\/wp-content\/uploads\/2025\/08\/making-of.jpg\" alt=\"\" srcset=\"https:\/\/kertoon.grouplive.net\/wp-content\/uploads\/2025\/08\/making-of.jpg 200w, https:\/\/kertoon.grouplive.net\/wp-content\/uploads\/2025\/08\/making-of-150x150.jpg 150w\" sizes=\"auto, (max-width: 150px) 100vw, 150px\" \/><\/a><br>NOS <a href=\"https:\/\/kertoonstudio.fr\/index.php\/making-of-kertoon\/\">MAKING-OF <\/a><\/td><td class=\"has-text-align-center\" data-align=\"center\"><br><a href=\"https:\/\/kertoonstudio.fr\/index.php\/la-vie-a-kertoon\/jeux-a-themes\/\"><img loading=\"lazy\" decoding=\"async\" width=\"150\" height=\"150\" class=\"wp-image-10783\" style=\"width: 150px;\" src=\"https:\/\/kertoonstudio.fr\/wp-content\/uploads\/2025\/08\/themes.jpg\" alt=\"\" srcset=\"https:\/\/kertoon.grouplive.net\/wp-content\/uploads\/2025\/08\/themes.jpg 200w, https:\/\/kertoon.grouplive.net\/wp-content\/uploads\/2025\/08\/themes-150x150.jpg 150w\" sizes=\"auto, (max-width: 150px) 100vw, 150px\" \/><\/a><br><a href=\"https:\/\/kertoonstudio.fr\/index.php\/la-vie-a-kertoon\/jeux-a-themes\/\">SKETCHS \u00c0 TH\u00c8ME<\/a><\/td><td class=\"has-text-align-center\" data-align=\"center\"><br><a href=\"https:\/\/kertoonstudio.fr\/index.php\/la-vie-a-kertoon\/la-team-tuto\/\"><img loading=\"lazy\" decoding=\"async\" width=\"150\" height=\"150\" class=\"wp-image-10775\" style=\"width: 150px;\" src=\"https:\/\/kertoonstudio.fr\/wp-content\/uploads\/2025\/08\/tuto.jpg\" alt=\"\" srcset=\"https:\/\/kertoon.grouplive.net\/wp-content\/uploads\/2025\/08\/tuto.jpg 200w, https:\/\/kertoon.grouplive.net\/wp-content\/uploads\/2025\/08\/tuto-150x150.jpg 150w\" sizes=\"auto, (max-width: 150px) 100vw, 150px\" \/><\/a><br><a href=\"https:\/\/kertoonstudio.fr\/index.php\/la-vie-a-kertoon\/la-team-tuto\/\">NOS PTITS TUTOS<\/a><\/td><\/tr><tr><td class=\"has-text-align-center\" data-align=\"center\"><br><a href=\"https:\/\/kertoonstudio.fr\/index.php\/my-kertoon-story\/\"><img loading=\"lazy\" decoding=\"async\" width=\"150\" height=\"150\" class=\"wp-image-10877\" style=\"width: 150px;\" src=\"https:\/\/kertoonstudio.fr\/wp-content\/uploads\/2025\/08\/vignette-kstory.jpg\" alt=\"\" srcset=\"https:\/\/kertoon.grouplive.net\/wp-content\/uploads\/2025\/08\/vignette-kstory.jpg 200w, https:\/\/kertoon.grouplive.net\/wp-content\/uploads\/2025\/08\/vignette-kstory-150x150.jpg 150w\" sizes=\"auto, (max-width: 150px) 100vw, 150px\" \/><\/a><br><a href=\"https:\/\/kertoonstudio.fr\/index.php\/my-kertoon-story\/\">KERTOON STORY<\/a><\/td><td class=\"has-text-align-center\" data-align=\"center\"><br><a href=\"https:\/\/kertoonstudio.fr\/index.php\/kertoon-dans-les-ecoles\/\"><img loading=\"lazy\" decoding=\"async\" width=\"150\" height=\"150\" class=\"wp-image-10756\" style=\"width: 150px;\" src=\"https:\/\/kertoonstudio.fr\/wp-content\/uploads\/2025\/07\/cine-a-lecole.jpg\" alt=\"\" srcset=\"https:\/\/kertoon.grouplive.net\/wp-content\/uploads\/2025\/07\/cine-a-lecole.jpg 200w, https:\/\/kertoon.grouplive.net\/wp-content\/uploads\/2025\/07\/cine-a-lecole-150x150.jpg 150w\" sizes=\"auto, (max-width: 150px) 100vw, 150px\" \/><\/a><br>CIN\u00c9MA \u00c0 L&rsquo;\u00c9COLE<\/td><td class=\"has-text-align-center\" data-align=\"center\"><br><br><a href=\"https:\/\/kertoonstudio.fr\/index.php\/betisier\/\"><img loading=\"lazy\" decoding=\"async\" width=\"150\" height=\"150\" class=\"wp-image-10753\" style=\"width: 150px;\" src=\"https:\/\/kertoonstudio.fr\/wp-content\/uploads\/2025\/07\/vie-a-kertoon.jpg\" alt=\"\" srcset=\"https:\/\/kertoon.grouplive.net\/wp-content\/uploads\/2025\/07\/vie-a-kertoon.jpg 200w, https:\/\/kertoon.grouplive.net\/wp-content\/uploads\/2025\/07\/vie-a-kertoon-150x150.jpg 150w\" sizes=\"auto, (max-width: 150px) 100vw, 150px\" \/><\/a><br><a href=\"https:\/\/kertoonstudio.fr\/index.php\/betisier\/\">B\u00caTISIER<\/a><br><\/td><td class=\"has-text-align-center\" data-align=\"center\"><br><a href=\"https:\/\/kertoonstudio.fr\/index.php\/centre-de-loisirs\/\"><img loading=\"lazy\" decoding=\"async\" width=\"150\" height=\"150\" class=\"wp-image-10788\" style=\"width: 150px;\" src=\"https:\/\/kertoonstudio.fr\/wp-content\/uploads\/2025\/08\/vacs2.jpg\" alt=\"\" srcset=\"https:\/\/kertoon.grouplive.net\/wp-content\/uploads\/2025\/08\/vacs2.jpg 200w, https:\/\/kertoon.grouplive.net\/wp-content\/uploads\/2025\/08\/vacs2-150x150.jpg 150w\" sizes=\"auto, (max-width: 150px) 100vw, 150px\" \/><\/a><br><a href=\"https:\/\/kertoonstudio.fr\/index.php\/centre-de-loisirs\/\">FILMS VACANCES<\/a><\/td><\/tr><tr><td class=\"has-text-align-center\" data-align=\"center\"><\/td><td class=\"has-text-align-center\" data-align=\"center\"><\/td><td class=\"has-text-align-center\" data-align=\"center\"><\/td><td class=\"has-text-align-center\" data-align=\"center\"><\/td><\/tr><\/tbody><\/table><\/figure>\n\n\n\n<div style=\"height:100px\" aria-hidden=\"true\" class=\"wp-block-spacer\"><\/div>\n","protected":false},"excerpt":{"rendered":"<p>BIENVENUE SUR KERTOON STUDIO LA DIRECTION LA VIE \u00c0 KERTOON NOTRE CIN\u00c9MA NOS REPET&rsquo;S NOS PTITES S\u00c9RIES COURTS- M\u00c9TRAGES NOS ARCHIVES NOS BEST IMPROS COMME \u00c0 LA TV NOS MAKING-OF SKETCHS \u00c0 TH\u00c8ME NOS PTITS TUTOS KERTOON STORY CIN\u00c9MA \u00c0 L&rsquo;\u00c9COLE B\u00caTISIER FILMS VACANCES<\/p>\n","protected":false},"author":2,"featured_media":0,"parent":0,"menu_order":-1,"comment_status":"closed","ping_status":"closed","template":"","meta":{"neve_meta_sidebar":"default","neve_meta_container":"contained","neve_meta_enable_content_width":"on","neve_meta_content_width":90,"neve_meta_title_alignment":"left","neve_meta_author_avatar":"","neve_post_elements_order":"","neve_meta_disable_header":"off","neve_meta_disable_footer":"on","neve_meta_disable_title":"","footnotes":""},"class_list":["post-165","page","type-page","status-publish","hentry"],"aioseo_notices":[],"_links":{"self":[{"href":"https:\/\/kertoon.grouplive.net\/index.php\/wp-json\/wp\/v2\/pages\/165","targetHints":{"allow":["GET"]}}],"collection":[{"href":"https:\/\/kertoon.grouplive.net\/index.php\/wp-json\/wp\/v2\/pages"}],"about":[{"href":"https:\/\/kertoon.grouplive.net\/index.php\/wp-json\/wp\/v2\/types\/page"}],"author":[{"embeddable":true,"href":"https:\/\/kertoon.grouplive.net\/index.php\/wp-json\/wp\/v2\/users\/2"}],"replies":[{"embeddable":true,"href":"https:\/\/kertoon.grouplive.net\/index.php\/wp-json\/wp\/v2\/comments?post=165"}],"version-history":[{"count":155,"href":"https:\/\/kertoon.grouplive.net\/index.php\/wp-json\/wp\/v2\/pages\/165\/revisions"}],"predecessor-version":[{"id":20704,"href":"https:\/\/kertoon.grouplive.net\/index.php\/wp-json\/wp\/v2\/pages\/165\/revisions\/20704"}],"wp:attachment":[{"href":"https:\/\/kertoon.grouplive.net\/index.php\/wp-json\/wp\/v2\/media?parent=165"}],"curies":[{"name":"wp","href":"https:\/\/api.w.org\/{rel}","templated":true}]}}