{"id":1668,"date":"2020-06-01T01:19:42","date_gmt":"2020-05-31T23:19:42","guid":{"rendered":"https:\/\/kertoonstudio.fr\/?page_id=1668"},"modified":"2025-09-29T01:19:43","modified_gmt":"2025-09-28T23:19:43","slug":"la-faq-scolaire","status":"publish","type":"page","link":"https:\/\/kertoon.grouplive.net\/index.php\/kertoon-dans-les-ecoles\/la-faq-scolaire\/","title":{"rendered":"La FAQ scolaire"},"content":{"rendered":"<div class=\"aioseo-breadcrumbs\"><span class=\"aioseo-breadcrumb\">\n\t\t\tHome\n\t\t<\/span><\/div>\n\n\n<figure class=\"wp-block-image size-large\"><img loading=\"lazy\" decoding=\"async\" width=\"1024\" height=\"334\" src=\"https:\/\/kertoonstudio.fr\/wp-content\/uploads\/2021\/04\/bandeau-tuto-1024x334.jpg\" alt=\"\" class=\"wp-image-5733\" srcset=\"https:\/\/kertoon.grouplive.net\/wp-content\/uploads\/2021\/04\/bandeau-tuto-1024x334.jpg 1024w, https:\/\/kertoon.grouplive.net\/wp-content\/uploads\/2021\/04\/bandeau-tuto-300x98.jpg 300w, https:\/\/kertoon.grouplive.net\/wp-content\/uploads\/2021\/04\/bandeau-tuto-768x251.jpg 768w, https:\/\/kertoon.grouplive.net\/wp-content\/uploads\/2021\/04\/bandeau-tuto-1536x502.jpg 1536w, https:\/\/kertoon.grouplive.net\/wp-content\/uploads\/2021\/04\/bandeau-tuto-2048x669.jpg 2048w\" sizes=\"auto, (max-width: 1024px) 100vw, 1024px\" \/><\/figure>\n\n\n\n<h1 class=\"wp-block-heading has-text-align-left\"><span style=\"background-color:rgba(0, 0, 0, 0)\" class=\"has-inline-color has-neve-link-color-color\">LA FAQ SCOLAIRE&#8230;<\/span><\/h1>\n\n\n\n<h2 class=\"wp-block-heading has-text-align-left\"><span style=\"background-color:rgba(0, 0, 0, 0)\" class=\"has-inline-color has-neve-link-color-color\">La philosophie Kertoon dans les \u00e9coles&#8230;<\/span><\/h2>\n\n\n\n<h2 class=\"wp-block-heading\">Nous vous proposons sur cette page une s\u00e9rie de vid\u00e9os qui, nous l&rsquo;esp\u00e9rons, r\u00e9pondra \u00e0 vos questions concernant l&rsquo;activit\u00e9 Kertoon dans les \u00e9coles&#8230; cette rubrique est surtout la votre, n&rsquo;h\u00e9sitez pas \u00e0 m&rsquo;envoyer vos interrogations \u00e0 l&rsquo;adresse suivante <span class=\"has-inline-color has-neve-link-color-color\"><strong><a href=\"mailto:r.malo@ploermelcommuunaute.bzh\">r.malo@ploermelcommunaute.bzh<\/a> <\/strong><\/span><\/h2>\n\n\n\n<h2 class=\"wp-block-heading\">12\/19<\/h2>\n\n\n\t\t\t<div \n\t\t\tclass=\"yotu-playlist yotuwp yotu-limit-min yotu-limit-max yotu-player-full  yotu-thumb-169  yotu-template-grid\" \n\t\t\tdata-page=\"1\"\n\t\t\tid=\"yotuwp-69dfd168cf55f\"\n\t\t\tdata-yotu=\"modal\"\n\t\t\tdata-total=\"1\"\n\t\t\tdata-settings=\"eyJ0eXBlIjoicGxheWxpc3QiLCJpZCI6IlBMYVFjOEhEZV96X0hMcVNrVkg3WG5DX2Z2TkxDQVZtR0UiLCJwYWdpbmF0aW9uIjoib24iLCJwYWdpdHlwZSI6InBhZ2VyIiwiY29sdW1uIjoiNSIsInBlcl9wYWdlIjoiMTYiLCJ0ZW1wbGF0ZSI6ImdyaWQiLCJ0aXRsZSI6Im9uIiwiZGVzY3JpcHRpb24iOiJvbiIsInRodW1icmF0aW8iOiIxNjkiLCJtZXRhIjoib2ZmIiwibWV0YV9kYXRhIjoib2ZmIiwibWV0YV9wb3NpdGlvbiI6Im9mZiIsImRhdGVfZm9ybWF0Ijoib2ZmIiwibWV0YV9hbGlnbiI6Im9mZiIsInN1YnNjcmliZSI6Im9mZiIsImR1cmF0aW9uIjoib2ZmIiwibWV0YV9pY29uIjoib2ZmIiwibmV4dHRleHQiOiIiLCJwcmV2dGV4dCI6IiIsImxvYWRtb3JldGV4dCI6IiIsInBsYXllciI6eyJtb2RlIjoicG9wdXAiLCJ3aWR0aCI6IjAiLCJzY3JvbGxpbmciOiIwIiwiYXV0b3BsYXkiOjEsImNvbnRyb2xzIjoxLCJtb2Rlc3RicmFuZGluZyI6MCwibG9vcCI6MCwiYXV0b25leHQiOjAsInNob3dpbmZvIjoxLCJyZWwiOjAsInBsYXlpbmciOjEsInBsYXlpbmdfZGVzY3JpcHRpb24iOjEsInRodW1ibmFpbHMiOjAsImNjX2xvYWRfcG9saWN5IjoiMCIsImNjX2xhbmdfcHJlZiI6IjEiLCJobCI6IiIsIml2X2xvYWRfcG9saWN5IjoiMyJ9LCJsYXN0X3RhYiI6ImFwaSIsInVzZV9hc19tb2RhbCI6Im9mZiIsIm1vZGFsX2lkIjoib2ZmIiwibGFzdF91cGRhdGUiOiIxNzU3OTI0ODQ3Iiwic3R5bGluZyI6eyJwYWdlcl9sYXlvdXQiOiJkZWZhdWx0IiwiYnV0dG9uIjoiMSIsImJ1dHRvbl9jb2xvciI6IiIsImJ1dHRvbl9iZ19jb2xvciI6IiIsImJ1dHRvbl9jb2xvcl9ob3ZlciI6IiIsImJ1dHRvbl9iZ19jb2xvcl9ob3ZlciI6IiIsInZpZGVvX3N0eWxlIjoiIiwicGxheWljb25fY29sb3IiOiIiLCJob3Zlcl9pY29uIjoiIiwiZ2FsbGVyeV9iZyI6IiJ9LCJlZmZlY3RzIjp7InZpZGVvX2JveCI6Inl0ZWYtc2hhZG93LXJhZGlhbCIsImZsaXBfZWZmZWN0IjoiIn0sImdhbGxlcnlfaWQiOiI2OWRmZDE2OGNmNTVmIiwibmV4dCI6IiIsInByZXYiOiIifQ==\"\n\t\t\tdata-player=\"popup\"\n\t\t\tdata-showdesc=\"on\" >\n\t\t\t\t<div>\n\t\t\t\t\t<div class=\"yotu-pagination yotu-hide yotu-pager_layout-default yotu-pagination-top\">\n<a href=\"#\" class=\"yotu-pagination-prev yotu-button-prs yotu-button-prs-1\" data-page=\"prev\">Pr\u00e9c\u00e9dente<\/a>\n<span class=\"yotu-pagination-current\">1<\/span> <span>of<\/span> <span class=\"yotu-pagination-total\">1<\/span>\n<a href=\"#\" class=\"yotu-pagination-next yotu-button-prs yotu-button-prs-1\" data-page=\"next\">Suivante<\/a>\n<\/div>\n<div class=\"yotu-videos yotu-mode-grid yotu-column-5 yotu-player-mode-popup\">\n\t<ul>\n\t\t\t\t\t<li class=\" yotu-first\">\n\t\t\t\t\t\t\t\t<a href=\"#UndwnkfDkBE\" class=\"yotu-video ytef-shadow-radial\" data-videoid=\"UndwnkfDkBE\" data-title=\"BIENVENUE \u00c0 LA FAQ\" title=\"BIENVENUE \u00c0 LA FAQ\">\n\t\t\t\t\t<div class=\"yotu-video-thumb-wrp\">\n\t\t\t\t\t\t<div>\n\t\t\t\t\t\t\t\t\t\t\t\t\t\t<img decoding=\"async\" class=\"yotu-video-thumb\" src=\"https:\/\/i.ytimg.com\/vi\/UndwnkfDkBE\/sddefault.jpg\" alt=\"BIENVENUE \u00c0 LA FAQ\">\t\n\t\t\t\t\t\t\t\t\t\t\t\t\t<\/div>\n\t\t\t\t\t<\/div>\n\t\t\t\t\t\t\t\t\t\t\t<h3 class=\"yotu-video-title\">BIENVENUE \u00c0 LA FAQ<\/h3>\n\t\t\t\t\t\t\t\t\t\t\t\t\t\t\t\t\t\t\t\t\t<div class=\"yotu-video-description\"><\/div>\n\t\t\t\t\t\t\t\t\t<\/a>\n\t\t\t\t\t\t\t<\/li>\n\t\t\t\t\n\t\t\t\t\t\t<li class=\"\">\n\t\t\t\t\t\t\t\t<a href=\"#BAALJ0X4ZY4\" class=\"yotu-video ytef-shadow-radial\" data-videoid=\"BAALJ0X4ZY4\" data-title=\"QU\\&#039;EST-CE QUE KERTOON STUDIO ?\" title=\"QU&#039;EST-CE QUE KERTOON STUDIO ?\">\n\t\t\t\t\t<div class=\"yotu-video-thumb-wrp\">\n\t\t\t\t\t\t<div>\n\t\t\t\t\t\t\t\t\t\t\t\t\t\t<img decoding=\"async\" class=\"yotu-video-thumb\" src=\"https:\/\/i.ytimg.com\/vi\/BAALJ0X4ZY4\/sddefault.jpg\" alt=\"QU&#039;EST-CE QUE KERTOON STUDIO ?\">\t\n\t\t\t\t\t\t\t\t\t\t\t\t\t<\/div>\n\t\t\t\t\t<\/div>\n\t\t\t\t\t\t\t\t\t\t\t<h3 class=\"yotu-video-title\">QU'EST-CE QUE KERTOON STUDIO ?<\/h3>\n\t\t\t\t\t\t\t\t\t\t\t\t\t\t\t\t\t\t\t\t\t<div class=\"yotu-video-description\"><\/div>\n\t\t\t\t\t\t\t\t\t<\/a>\n\t\t\t\t\t\t\t<\/li>\n\t\t\t\t\n\t\t\t\t\t\t<li class=\"\">\n\t\t\t\t\t\t\t\t<a href=\"#96Ds-iVAiWQ\" class=\"yotu-video ytef-shadow-radial\" data-videoid=\"96Ds-iVAiWQ\" data-title=\"P\u00c9RI-SCOLAIRE OU CO-INTERVENTION\" title=\"P\u00c9RI-SCOLAIRE OU CO-INTERVENTION\">\n\t\t\t\t\t<div class=\"yotu-video-thumb-wrp\">\n\t\t\t\t\t\t<div>\n\t\t\t\t\t\t\t\t\t\t\t\t\t\t<img decoding=\"async\" class=\"yotu-video-thumb\" src=\"https:\/\/i.ytimg.com\/vi\/96Ds-iVAiWQ\/sddefault.jpg\" alt=\"P\u00c9RI-SCOLAIRE OU CO-INTERVENTION\">\t\n\t\t\t\t\t\t\t\t\t\t\t\t\t<\/div>\n\t\t\t\t\t<\/div>\n\t\t\t\t\t\t\t\t\t\t\t<h3 class=\"yotu-video-title\">P\u00c9RI-SCOLAIRE OU CO-INTERVENTION<\/h3>\n\t\t\t\t\t\t\t\t\t\t\t\t\t\t\t\t\t\t\t\t\t<div class=\"yotu-video-description\"><\/div>\n\t\t\t\t\t\t\t\t\t<\/a>\n\t\t\t\t\t\t\t<\/li>\n\t\t\t\t\n\t\t\t\t\t\t<li class=\"\">\n\t\t\t\t\t\t\t\t<a href=\"#oUEWo4Ij_UI\" class=\"yotu-video ytef-shadow-radial\" data-videoid=\"oUEWo4Ij_UI\" data-title=\"LE DROIT A\u0300 L\\&#039;IMAGE\" title=\"LE DROIT A\u0300 L&#039;IMAGE\">\n\t\t\t\t\t<div class=\"yotu-video-thumb-wrp\">\n\t\t\t\t\t\t<div>\n\t\t\t\t\t\t\t\t\t\t\t\t\t\t<img decoding=\"async\" class=\"yotu-video-thumb\" src=\"https:\/\/i.ytimg.com\/vi\/oUEWo4Ij_UI\/sddefault.jpg\" alt=\"LE DROIT A\u0300 L&#039;IMAGE\">\t\n\t\t\t\t\t\t\t\t\t\t\t\t\t<\/div>\n\t\t\t\t\t<\/div>\n\t\t\t\t\t\t\t\t\t\t\t<h3 class=\"yotu-video-title\">LE DROIT A\u0300 L'IMAGE<\/h3>\n\t\t\t\t\t\t\t\t\t\t\t\t\t\t\t\t\t\t\t\t\t<div class=\"yotu-video-description\"><\/div>\n\t\t\t\t\t\t\t\t\t<\/a>\n\t\t\t\t\t\t\t<\/li>\n\t\t\t\t\n\t\t\t\t\t\t<li class=\"\">\n\t\t\t\t\t\t\t\t<a href=\"#TAr8VHgyCuY\" class=\"yotu-video ytef-shadow-radial\" data-videoid=\"TAr8VHgyCuY\" data-title=\"LES MOYENS DE DIFFUSION\" title=\"LES MOYENS DE DIFFUSION\">\n\t\t\t\t\t<div class=\"yotu-video-thumb-wrp\">\n\t\t\t\t\t\t<div>\n\t\t\t\t\t\t\t\t\t\t\t\t\t\t<img decoding=\"async\" class=\"yotu-video-thumb\" src=\"https:\/\/i.ytimg.com\/vi\/TAr8VHgyCuY\/sddefault.jpg\" alt=\"LES MOYENS DE DIFFUSION\">\t\n\t\t\t\t\t\t\t\t\t\t\t\t\t<\/div>\n\t\t\t\t\t<\/div>\n\t\t\t\t\t\t\t\t\t\t\t<h3 class=\"yotu-video-title\">LES MOYENS DE DIFFUSION<\/h3>\n\t\t\t\t\t\t\t\t\t\t\t\t\t\t\t\t\t\t\t\t\t<div class=\"yotu-video-description\"><\/div>\n\t\t\t\t\t\t\t\t\t<\/a>\n\t\t\t\t\t\t\t<\/li>\n\t\t\t\t\n\t\t\t\t\t\t<li class=\"\">\n\t\t\t\t\t\t\t\t<a href=\"#Kh04O4dJWIc\" class=\"yotu-video ytef-shadow-radial\" data-videoid=\"Kh04O4dJWIc\" data-title=\"PLO\u00cbRMEL COMMUNAUTE\" title=\"PLO\u00cbRMEL COMMUNAUTE\">\n\t\t\t\t\t<div class=\"yotu-video-thumb-wrp\">\n\t\t\t\t\t\t<div>\n\t\t\t\t\t\t\t\t\t\t\t\t\t\t<img decoding=\"async\" class=\"yotu-video-thumb\" src=\"https:\/\/i.ytimg.com\/vi\/Kh04O4dJWIc\/sddefault.jpg\" alt=\"PLO\u00cbRMEL COMMUNAUTE\">\t\n\t\t\t\t\t\t\t\t\t\t\t\t\t<\/div>\n\t\t\t\t\t<\/div>\n\t\t\t\t\t\t\t\t\t\t\t<h3 class=\"yotu-video-title\">PLO\u00cbRMEL COMMUNAUTE<\/h3>\n\t\t\t\t\t\t\t\t\t\t\t\t\t\t\t\t\t\t\t\t\t<div class=\"yotu-video-description\"><\/div>\n\t\t\t\t\t\t\t\t\t<\/a>\n\t\t\t\t\t\t\t<\/li>\n\t\t\t\t\n\t\t\t\t\t\t<li class=\"\">\n\t\t\t\t\t\t\t\t<a href=\"#hB6FajN6TK0\" class=\"yotu-video ytef-shadow-radial\" data-videoid=\"hB6FajN6TK0\" data-title=\"POURQUOI UN SITE KERTOON ?\" title=\"POURQUOI UN SITE KERTOON ?\">\n\t\t\t\t\t<div class=\"yotu-video-thumb-wrp\">\n\t\t\t\t\t\t<div>\n\t\t\t\t\t\t\t\t\t\t\t\t\t\t<img decoding=\"async\" class=\"yotu-video-thumb\" src=\"https:\/\/i.ytimg.com\/vi\/hB6FajN6TK0\/sddefault.jpg\" alt=\"POURQUOI UN SITE KERTOON ?\">\t\n\t\t\t\t\t\t\t\t\t\t\t\t\t<\/div>\n\t\t\t\t\t<\/div>\n\t\t\t\t\t\t\t\t\t\t\t<h3 class=\"yotu-video-title\">POURQUOI UN SITE KERTOON ?<\/h3>\n\t\t\t\t\t\t\t\t\t\t\t\t\t\t\t\t\t\t\t\t\t<div class=\"yotu-video-description\"><\/div>\n\t\t\t\t\t\t\t\t\t<\/a>\n\t\t\t\t\t\t\t<\/li>\n\t\t\t\t\n\t\t\t\t\t\t<li class=\"\">\n\t\t\t\t\t\t\t\t<a href=\"#gAKm9TRMND8\" class=\"yotu-video ytef-shadow-radial\" data-videoid=\"gAKm9TRMND8\" data-title=\"LES TUTOS\" title=\"LES TUTOS\">\n\t\t\t\t\t<div class=\"yotu-video-thumb-wrp\">\n\t\t\t\t\t\t<div>\n\t\t\t\t\t\t\t\t\t\t\t\t\t\t<img decoding=\"async\" class=\"yotu-video-thumb\" src=\"https:\/\/i.ytimg.com\/vi\/gAKm9TRMND8\/sddefault.jpg\" alt=\"LES TUTOS\">\t\n\t\t\t\t\t\t\t\t\t\t\t\t\t<\/div>\n\t\t\t\t\t<\/div>\n\t\t\t\t\t\t\t\t\t\t\t<h3 class=\"yotu-video-title\">LES TUTOS<\/h3>\n\t\t\t\t\t\t\t\t\t\t\t\t\t\t\t\t\t\t\t\t\t<div class=\"yotu-video-description\"><\/div>\n\t\t\t\t\t\t\t\t\t<\/a>\n\t\t\t\t\t\t\t<\/li>\n\t\t\t\t\n\t\t\t\t\t\t<li class=\"\">\n\t\t\t\t\t\t\t\t<a href=\"#B-xMzavUACQ\" class=\"yotu-video ytef-shadow-radial\" data-videoid=\"B-xMzavUACQ\" data-title=\"MONTRER LES BROUILLONS\" title=\"MONTRER LES BROUILLONS\">\n\t\t\t\t\t<div class=\"yotu-video-thumb-wrp\">\n\t\t\t\t\t\t<div>\n\t\t\t\t\t\t\t\t\t\t\t\t\t\t<img decoding=\"async\" class=\"yotu-video-thumb\" src=\"https:\/\/i.ytimg.com\/vi\/B-xMzavUACQ\/sddefault.jpg\" alt=\"MONTRER LES BROUILLONS\">\t\n\t\t\t\t\t\t\t\t\t\t\t\t\t<\/div>\n\t\t\t\t\t<\/div>\n\t\t\t\t\t\t\t\t\t\t\t<h3 class=\"yotu-video-title\">MONTRER LES BROUILLONS<\/h3>\n\t\t\t\t\t\t\t\t\t\t\t\t\t\t\t\t\t\t\t\t\t<div class=\"yotu-video-description\"><\/div>\n\t\t\t\t\t\t\t\t\t<\/a>\n\t\t\t\t\t\t\t<\/li>\n\t\t\t\t\n\t\t\t\t\t\t<li class=\"\">\n\t\t\t\t\t\t\t\t<a href=\"#oceFOlQRTtQ\" class=\"yotu-video ytef-shadow-radial\" data-videoid=\"oceFOlQRTtQ\" data-title=\"ON A D\u00c9J\u00c0 FAIT, ON CONNAIT...\" title=\"ON A D\u00c9J\u00c0 FAIT, ON CONNAIT...\">\n\t\t\t\t\t<div class=\"yotu-video-thumb-wrp\">\n\t\t\t\t\t\t<div>\n\t\t\t\t\t\t\t\t\t\t\t\t\t\t<img decoding=\"async\" class=\"yotu-video-thumb\" src=\"https:\/\/i.ytimg.com\/vi\/oceFOlQRTtQ\/sddefault.jpg\" alt=\"ON A D\u00c9J\u00c0 FAIT, ON CONNAIT...\">\t\n\t\t\t\t\t\t\t\t\t\t\t\t\t<\/div>\n\t\t\t\t\t<\/div>\n\t\t\t\t\t\t\t\t\t\t\t<h3 class=\"yotu-video-title\">ON A D\u00c9J\u00c0 FAIT, ON CONNAIT...<\/h3>\n\t\t\t\t\t\t\t\t\t\t\t\t\t\t\t\t\t\t\t\t\t<div class=\"yotu-video-description\"><\/div>\n\t\t\t\t\t\t\t\t\t<\/a>\n\t\t\t\t\t\t\t<\/li>\n\t\t\t\t\n\t\t\t\t\t\t<li class=\"\">\n\t\t\t\t\t\t\t\t<a href=\"#k7V0HLM1mrw\" class=\"yotu-video ytef-shadow-radial\" data-videoid=\"k7V0HLM1mrw\" data-title=\"L\\&#039; \u00c9DUCATION AUX M\u00c9DIAS\" title=\"L&#039; \u00c9DUCATION AUX M\u00c9DIAS\">\n\t\t\t\t\t<div class=\"yotu-video-thumb-wrp\">\n\t\t\t\t\t\t<div>\n\t\t\t\t\t\t\t\t\t\t\t\t\t\t<img decoding=\"async\" class=\"yotu-video-thumb\" src=\"https:\/\/i.ytimg.com\/vi\/k7V0HLM1mrw\/sddefault.jpg\" alt=\"L&#039; \u00c9DUCATION AUX M\u00c9DIAS\">\t\n\t\t\t\t\t\t\t\t\t\t\t\t\t<\/div>\n\t\t\t\t\t<\/div>\n\t\t\t\t\t\t\t\t\t\t\t<h3 class=\"yotu-video-title\">L' \u00c9DUCATION AUX M\u00c9DIAS<\/h3>\n\t\t\t\t\t\t\t\t\t\t\t\t\t\t\t\t\t\t\t\t\t<div class=\"yotu-video-description\"><\/div>\n\t\t\t\t\t\t\t\t\t<\/a>\n\t\t\t\t\t\t\t<\/li>\n\t\t\t\t\n\t\t\t\t\t\t<li class=\" yotu-last\">\n\t\t\t\t\t\t\t\t<a href=\"#4MvLNcsdK_k\" class=\"yotu-video ytef-shadow-radial\" data-videoid=\"4MvLNcsdK_k\" data-title=\"QUI PEUT PARTICIPER ?\" title=\"QUI PEUT PARTICIPER ?\">\n\t\t\t\t\t<div class=\"yotu-video-thumb-wrp\">\n\t\t\t\t\t\t<div>\n\t\t\t\t\t\t\t\t\t\t\t\t\t\t<img decoding=\"async\" class=\"yotu-video-thumb\" src=\"https:\/\/i.ytimg.com\/vi\/4MvLNcsdK_k\/sddefault.jpg\" alt=\"QUI PEUT PARTICIPER ?\">\t\n\t\t\t\t\t\t\t\t\t\t\t\t\t<\/div>\n\t\t\t\t\t<\/div>\n\t\t\t\t\t\t\t\t\t\t\t<h3 class=\"yotu-video-title\">QUI PEUT PARTICIPER ?<\/h3>\n\t\t\t\t\t\t\t\t\t\t\t\t\t\t\t\t\t\t\t\t\t<div class=\"yotu-video-description\"><\/div>\n\t\t\t\t\t\t\t\t\t<\/a>\n\t\t\t\t\t\t\t<\/li>\n\t\t\t\t\n\t\t\t\t<\/ul>\n<\/div><div class=\"yotu-pagination yotu-hide yotu-pager_layout-default yotu-pagination-bottom\">\n<a href=\"#\" class=\"yotu-pagination-prev yotu-button-prs yotu-button-prs-1\" data-page=\"prev\">Pr\u00e9c\u00e9dente<\/a>\n<span class=\"yotu-pagination-current\">1<\/span> <span>of<\/span> <span class=\"yotu-pagination-total\">1<\/span>\n<a href=\"#\" class=\"yotu-pagination-next yotu-button-prs yotu-button-prs-1\" data-page=\"next\">Suivante<\/a>\n<\/div>\n\t\t\t\t<\/div>\n\t\t\t<\/div>\n\t\t\t\n\n\n\n<div style=\"height:100px\" aria-hidden=\"true\" class=\"wp-block-spacer\"><\/div>\n","protected":false},"excerpt":{"rendered":"<p>LA FAQ SCOLAIRE&#8230; La philosophie Kertoon dans les \u00e9coles&#8230; Nous vous proposons sur cette page une s\u00e9rie de vid\u00e9os qui, nous l&rsquo;esp\u00e9rons, r\u00e9pondra \u00e0 vos questions concernant l&rsquo;activit\u00e9 Kertoon dans les \u00e9coles&#8230; cette rubrique est surtout la votre, n&rsquo;h\u00e9sitez pas \u00e0 m&rsquo;envoyer vos interrogations \u00e0 l&rsquo;adresse suivante r.malo@ploermelcommunaute.bzh 12\/19<\/p>\n","protected":false},"author":2,"featured_media":0,"parent":9071,"menu_order":0,"comment_status":"closed","ping_status":"closed","template":"","meta":{"neve_meta_sidebar":"","neve_meta_container":"contained","neve_meta_enable_content_width":"on","neve_meta_content_width":80,"neve_meta_title_alignment":"","neve_meta_author_avatar":"","neve_post_elements_order":"","neve_meta_disable_header":"","neve_meta_disable_footer":"on","neve_meta_disable_title":"","footnotes":""},"class_list":["post-1668","page","type-page","status-publish","hentry"],"aioseo_notices":[],"_links":{"self":[{"href":"https:\/\/kertoon.grouplive.net\/index.php\/wp-json\/wp\/v2\/pages\/1668","targetHints":{"allow":["GET"]}}],"collection":[{"href":"https:\/\/kertoon.grouplive.net\/index.php\/wp-json\/wp\/v2\/pages"}],"about":[{"href":"https:\/\/kertoon.grouplive.net\/index.php\/wp-json\/wp\/v2\/types\/page"}],"author":[{"embeddable":true,"href":"https:\/\/kertoon.grouplive.net\/index.php\/wp-json\/wp\/v2\/users\/2"}],"replies":[{"embeddable":true,"href":"https:\/\/kertoon.grouplive.net\/index.php\/wp-json\/wp\/v2\/comments?post=1668"}],"version-history":[{"count":32,"href":"https:\/\/kertoon.grouplive.net\/index.php\/wp-json\/wp\/v2\/pages\/1668\/revisions"}],"predecessor-version":[{"id":20495,"href":"https:\/\/kertoon.grouplive.net\/index.php\/wp-json\/wp\/v2\/pages\/1668\/revisions\/20495"}],"up":[{"embeddable":true,"href":"https:\/\/kertoon.grouplive.net\/index.php\/wp-json\/wp\/v2\/pages\/9071"}],"wp:attachment":[{"href":"https:\/\/kertoon.grouplive.net\/index.php\/wp-json\/wp\/v2\/media?parent=1668"}],"curies":[{"name":"wp","href":"https:\/\/api.w.org\/{rel}","templated":true}]}}