{"id":2203,"date":"2020-06-27T23:07:48","date_gmt":"2020-06-27T21:07:48","guid":{"rendered":"https:\/\/kertoonstudio.fr\/?page_id=2203"},"modified":"2025-09-19T01:25:36","modified_gmt":"2025-09-18T23:25:36","slug":"sinscrire-a-kertoon","status":"publish","type":"page","link":"https:\/\/kertoon.grouplive.net\/index.php\/et\/sinscrire-a-kertoon\/","title":{"rendered":"S&rsquo;inscrire \u00e0 Kertoon"},"content":{"rendered":"\n<div class=\"wp-block-file\"><a id=\"wp-block-file--media-b609686c-f08b-4c86-947f-63129d561b2f\" href=\"https:\/\/kertoonstudio.fr\/wp-content\/uploads\/2025\/09\/Fiche-dinscription-2025-2026.pdf\">Fiche d&rsquo;inscription 2025-2026<\/a><a href=\"https:\/\/kertoonstudio.fr\/wp-content\/uploads\/2025\/09\/Fiche-dinscription-2025-2026.pdf\" class=\"wp-block-file__button wp-element-button\" download aria-describedby=\"wp-block-file--media-b609686c-f08b-4c86-947f-63129d561b2f\">T\u00e9l\u00e9charger<\/a><\/div>\n\n\n\n<figure class=\"wp-block-image size-large\"><img loading=\"lazy\" decoding=\"async\" width=\"1024\" height=\"334\" src=\"https:\/\/kertoonstudio.fr\/wp-content\/uploads\/2020\/06\/montage2-scaled-1-1024x334.jpg\" alt=\"\" class=\"wp-image-2218\" srcset=\"https:\/\/kertoon.grouplive.net\/wp-content\/uploads\/2020\/06\/montage2-scaled-1-1024x334.jpg 1024w, https:\/\/kertoon.grouplive.net\/wp-content\/uploads\/2020\/06\/montage2-scaled-1-300x98.jpg 300w, https:\/\/kertoon.grouplive.net\/wp-content\/uploads\/2020\/06\/montage2-scaled-1-768x251.jpg 768w, https:\/\/kertoon.grouplive.net\/wp-content\/uploads\/2020\/06\/montage2-scaled-1-1536x502.jpg 1536w, https:\/\/kertoon.grouplive.net\/wp-content\/uploads\/2020\/06\/montage2-scaled-1-2048x669.jpg 2048w\" sizes=\"auto, (max-width: 1024px) 100vw, 1024px\" \/><\/figure>\n\n\n\n<hr class=\"wp-block-separator has-alpha-channel-opacity\"\/>\n\n\n<div class=\"aioseo-breadcrumbs\"><span class=\"aioseo-breadcrumb\">\n\t\t\tHome\n\t\t<\/span><\/div>\n\n\n<h1 class=\"wp-block-heading has-text-align-center\"><span style=\"background-color:rgba(0, 0, 0, 0)\" class=\"has-inline-color has-neve-link-color-color\">S&rsquo;inscrire \u00e0 Kertoon<\/span><\/h1>\n\n\n\n<h2 class=\"wp-block-heading\">Une question qui revient tr\u00e8s souvent, comment int\u00e9grer Kertoon ? <\/h2>\n\n\n\n<p>Il faut savoir tout d&rsquo;abord que nous ne faisons <strong>aucune s\u00e9lection, ni casting<\/strong>, nous prenons toutes les personnes qui se pr\u00e9sentent. Nous sommes tout de m\u00eame tenus par le nombre donc 12 \u00e9l\u00e8ves par groupe maximum, le chiffre peut \u00eatre beaucoup plus bas selon les projets. Le succ\u00e8s de l&rsquo;atelier sur Youtube a suscit\u00e9 beaucoup d&rsquo;engouement et nous veillons lors des inscriptions \u00e0 maintenir une <strong>ambiance<\/strong> et une fa\u00e7on de <strong>vivre l&rsquo;activit\u00e9 tous ensemble<\/strong>. Nous privil\u00e9gions \u00e9galement les demandes qui viennent de la r\u00e9gion de Plo\u00ebrmel.<\/p>\n\n\n\n<h2 class=\"wp-block-heading has-text-align-center\"><span style=\"background-color:rgba(0, 0, 0, 0)\" class=\"has-inline-color has-neve-link-color-color\">Les horaires de l&rsquo;atelier<\/span><\/h2>\n\n\n<div class=\"wp-block-image\">\n<figure class=\"aligncenter size-large is-resized\"><img loading=\"lazy\" decoding=\"async\" width=\"827\" height=\"216\" src=\"https:\/\/kertoonstudio.fr\/wp-content\/uploads\/2020\/07\/horaires-2.jpg\" alt=\"\" class=\"wp-image-2410\" style=\"width:525px;height:137px\" srcset=\"https:\/\/kertoon.grouplive.net\/wp-content\/uploads\/2020\/07\/horaires-2.jpg 827w, https:\/\/kertoon.grouplive.net\/wp-content\/uploads\/2020\/07\/horaires-2-300x78.jpg 300w, https:\/\/kertoon.grouplive.net\/wp-content\/uploads\/2020\/07\/horaires-2-768x201.jpg 768w\" sizes=\"auto, (max-width: 827px) 100vw, 827px\" \/><\/figure>\n<\/div>\n\n\n<h3 class=\"wp-block-heading has-text-align-center\">Nous sommes \u00e9galement pr\u00e9sents durant les vacances scolaires<\/h3>\n\n\n\n<h2 class=\"wp-block-heading has-text-align-center\"><span style=\"background-color:rgba(0, 0, 0, 0)\" class=\"has-inline-color has-neve-link-color-color\">Comment nous rejoindre ?<\/span><\/h2>\n\n\n\n<p>Pour s&rsquo; inscrire, il faudra d&rsquo;abord savoir si il reste de la place ensuite trouver un cr\u00e9neau horaire qui vous correspond (1 par semaine). Contactez nous par mail <a href=\"mailto:r.malo@ploermelcommunaute.bzh\"><strong>r.malo@ploermelcommunaute.bzh<\/strong><\/a> ou au <strong>06 07 15 11 45<\/strong> afin de nous proposer vos dates et pour que nous puissions r\u00e9pondre \u00e0 vos interrogations.<\/p>\n\n\n\n<h2 class=\"wp-block-heading has-text-align-center\"><span style=\"background-color:rgba(0, 0, 0, 0)\" class=\"has-inline-color has-neve-link-color-color\">S&rsquo;inscrire \u00e0 Kertoon<\/span><\/h2>\n\n\n\n<p>Apr\u00e8s validation par mail ou par t\u00e9l\u00e9phone que pouvez rejoindre les membres de Kertoon Studio, vous pouvez remplir la fiche d&rsquo;inscription, en t\u00e9l\u00e9chargement ci-dessous, et la retourner au centre culturel de Plo\u00ebrmel Communaut\u00e9 \u00e0 l&rsquo;adresse suivante : 9 avenue de Guibourg 56800 Plo\u00ebrmel ou <a href=\"mailto:r.malo@ploermelcommunaute.bzh\">r.malo@ploermelcommunaute.bzh<\/a>. Vous pourrez \u00e9galement consulter les tarifs sur cette m\u00eame feuille.<\/p>\n\n\n\n<h2 class=\"wp-block-heading has-text-align-center\"><span style=\"background-color:rgba(0, 0, 0, 0)\" class=\"has-inline-color has-neve-link-color-color\">Nous contacter&#8230;<\/span><\/h2>\n\n\n<p><strong><span style=\"color: #26244e;\"><a href=\"mailto:r.malo@ploermelcommunaute.bzh\">r.malo@ploermelcommunaute.bzh<\/a><\/span><\/strong><\/p>\n\n\n<div style=\"height:100px\" aria-hidden=\"true\" class=\"wp-block-spacer\"><\/div>\n","protected":false},"excerpt":{"rendered":"<p>S&rsquo;inscrire \u00e0 Kertoon Une question qui revient tr\u00e8s souvent, comment int\u00e9grer Kertoon ? Il faut savoir tout d&rsquo;abord que nous ne faisons aucune s\u00e9lection, ni casting, nous prenons toutes les personnes qui se pr\u00e9sentent. Nous sommes tout de m\u00eame tenus par le nombre donc 12 \u00e9l\u00e8ves par groupe maximum, le chiffre peut \u00eatre beaucoup plus&hellip;&nbsp;<a href=\"https:\/\/kertoon.grouplive.net\/index.php\/et\/sinscrire-a-kertoon\/\" rel=\"bookmark\">Lire la suite &raquo;<span class=\"screen-reader-text\">S&rsquo;inscrire \u00e0 Kertoon<\/span><\/a><\/p>\n","protected":false},"author":2,"featured_media":0,"parent":3494,"menu_order":0,"comment_status":"closed","ping_status":"closed","template":"","meta":{"neve_meta_sidebar":"","neve_meta_container":"","neve_meta_enable_content_width":"on","neve_meta_content_width":90,"neve_meta_title_alignment":"","neve_meta_author_avatar":"","neve_post_elements_order":"","neve_meta_disable_header":"","neve_meta_disable_footer":"on","neve_meta_disable_title":"","footnotes":""},"class_list":["post-2203","page","type-page","status-publish","hentry"],"aioseo_notices":[],"_links":{"self":[{"href":"https:\/\/kertoon.grouplive.net\/index.php\/wp-json\/wp\/v2\/pages\/2203","targetHints":{"allow":["GET"]}}],"collection":[{"href":"https:\/\/kertoon.grouplive.net\/index.php\/wp-json\/wp\/v2\/pages"}],"about":[{"href":"https:\/\/kertoon.grouplive.net\/index.php\/wp-json\/wp\/v2\/types\/page"}],"author":[{"embeddable":true,"href":"https:\/\/kertoon.grouplive.net\/index.php\/wp-json\/wp\/v2\/users\/2"}],"replies":[{"embeddable":true,"href":"https:\/\/kertoon.grouplive.net\/index.php\/wp-json\/wp\/v2\/comments?post=2203"}],"version-history":[{"count":20,"href":"https:\/\/kertoon.grouplive.net\/index.php\/wp-json\/wp\/v2\/pages\/2203\/revisions"}],"predecessor-version":[{"id":20223,"href":"https:\/\/kertoon.grouplive.net\/index.php\/wp-json\/wp\/v2\/pages\/2203\/revisions\/20223"}],"up":[{"embeddable":true,"href":"https:\/\/kertoon.grouplive.net\/index.php\/wp-json\/wp\/v2\/pages\/3494"}],"wp:attachment":[{"href":"https:\/\/kertoon.grouplive.net\/index.php\/wp-json\/wp\/v2\/media?parent=2203"}],"curies":[{"name":"wp","href":"https:\/\/api.w.org\/{rel}","templated":true}]}}