{"id":28,"date":"2019-04-01T16:06:10","date_gmt":"2019-04-01T14:06:10","guid":{"rendered":"http:\/\/192.168.13.9\/?page_id=28"},"modified":"2025-11-16T01:27:35","modified_gmt":"2025-11-16T00:27:35","slug":"nos-courts-metrages","status":"publish","type":"page","link":"https:\/\/kertoon.grouplive.net\/index.php\/nos-creations\/nos-courts-metrages\/","title":{"rendered":"Courts-m\u00e9trages"},"content":{"rendered":"<div class=\"aioseo-breadcrumbs\"><span class=\"aioseo-breadcrumb\">\n\t\t\tHome\n\t\t<\/span><\/div>\n\n\n<figure class=\"wp-block-image size-large\"><img loading=\"lazy\" decoding=\"async\" width=\"1024\" height=\"334\" src=\"https:\/\/kertoonstudio.fr\/wp-content\/uploads\/2021\/03\/bandeau-evenements-1024x334.jpg\" alt=\"\" class=\"wp-image-5613\" srcset=\"https:\/\/kertoon.grouplive.net\/wp-content\/uploads\/2021\/03\/bandeau-evenements-1024x334.jpg 1024w, https:\/\/kertoon.grouplive.net\/wp-content\/uploads\/2021\/03\/bandeau-evenements-300x98.jpg 300w, https:\/\/kertoon.grouplive.net\/wp-content\/uploads\/2021\/03\/bandeau-evenements-768x251.jpg 768w, https:\/\/kertoon.grouplive.net\/wp-content\/uploads\/2021\/03\/bandeau-evenements-1536x502.jpg 1536w, https:\/\/kertoon.grouplive.net\/wp-content\/uploads\/2021\/03\/bandeau-evenements-2048x669.jpg 2048w\" sizes=\"auto, (max-width: 1024px) 100vw, 1024px\" \/><\/figure>\n\n\n\n<h1 class=\"wp-block-heading has-text-align-left\"><span style=\"background-color:rgba(0, 0, 0, 0)\" class=\"has-inline-color has-nv-dark-bg-color\">Les courts m\u00e9trages<\/span><\/h1>\n\n\n\n<h2 class=\"wp-block-heading\">Nos diff\u00e9rentes exp\u00e9riences dans le court-m\u00e9trage<\/h2>\n\n\n\t\t\t<div \n\t\t\tclass=\"yotu-playlist yotuwp yotu-limit-min yotu-limit-max yotu-player-full  yotu-thumb-169  yotu-template-grid\" \n\t\t\tdata-page=\"1\"\n\t\t\tid=\"yotuwp-69dfd0fa85b60\"\n\t\t\tdata-yotu=\"modal\"\n\t\t\tdata-total=\"1\"\n\t\t\tdata-settings=\"eyJ0eXBlIjoicGxheWxpc3QiLCJpZCI6IlBMaEJLY3plb1R1T1hxWHIzdDFDRV9aVWFob1FQcmF3VkwiLCJwYWdpbmF0aW9uIjoib24iLCJwYWdpdHlwZSI6InBhZ2VyIiwiY29sdW1uIjoiNSIsInBlcl9wYWdlIjoiMTYiLCJ0ZW1wbGF0ZSI6ImdyaWQiLCJ0aXRsZSI6Im9uIiwiZGVzY3JpcHRpb24iOiJvbiIsInRodW1icmF0aW8iOiIxNjkiLCJtZXRhIjoib2ZmIiwibWV0YV9kYXRhIjoib2ZmIiwibWV0YV9wb3NpdGlvbiI6Im9mZiIsImRhdGVfZm9ybWF0Ijoib2ZmIiwibWV0YV9hbGlnbiI6Im9mZiIsInN1YnNjcmliZSI6Im9mZiIsImR1cmF0aW9uIjoib2ZmIiwibWV0YV9pY29uIjoib2ZmIiwibmV4dHRleHQiOiIiLCJwcmV2dGV4dCI6IiIsImxvYWRtb3JldGV4dCI6IiIsInBsYXllciI6eyJtb2RlIjoicG9wdXAiLCJ3aWR0aCI6IjAiLCJzY3JvbGxpbmciOiIwIiwiYXV0b3BsYXkiOjEsImNvbnRyb2xzIjoxLCJtb2Rlc3RicmFuZGluZyI6MCwibG9vcCI6MCwiYXV0b25leHQiOjAsInNob3dpbmZvIjoxLCJyZWwiOjAsInBsYXlpbmciOjEsInBsYXlpbmdfZGVzY3JpcHRpb24iOjEsInRodW1ibmFpbHMiOjAsImNjX2xvYWRfcG9saWN5IjoiMCIsImNjX2xhbmdfcHJlZiI6IjEiLCJobCI6IiIsIml2X2xvYWRfcG9saWN5IjoiMyJ9LCJsYXN0X3RhYiI6ImFwaSIsInVzZV9hc19tb2RhbCI6Im9mZiIsIm1vZGFsX2lkIjoib2ZmIiwibGFzdF91cGRhdGUiOiIxNzU3OTI0ODQ3Iiwic3R5bGluZyI6eyJwYWdlcl9sYXlvdXQiOiJkZWZhdWx0IiwiYnV0dG9uIjoiMSIsImJ1dHRvbl9jb2xvciI6IiIsImJ1dHRvbl9iZ19jb2xvciI6IiIsImJ1dHRvbl9jb2xvcl9ob3ZlciI6IiIsImJ1dHRvbl9iZ19jb2xvcl9ob3ZlciI6IiIsInZpZGVvX3N0eWxlIjoiIiwicGxheWljb25fY29sb3IiOiIiLCJob3Zlcl9pY29uIjoiIiwiZ2FsbGVyeV9iZyI6IiJ9LCJlZmZlY3RzIjp7InZpZGVvX2JveCI6Inl0ZWYtc2hhZG93LXJhZGlhbCIsImZsaXBfZWZmZWN0IjoiIn0sImdhbGxlcnlfaWQiOiI2OWRmZDBmYTg1YjYwIiwibmV4dCI6IiIsInByZXYiOiIifQ==\"\n\t\t\tdata-player=\"popup\"\n\t\t\tdata-showdesc=\"on\" >\n\t\t\t\t<div>\n\t\t\t\t\t<div class=\"yotu-pagination yotu-hide yotu-pager_layout-default yotu-pagination-top\">\n<a href=\"#\" class=\"yotu-pagination-prev yotu-button-prs yotu-button-prs-1\" data-page=\"prev\">Pr\u00e9c\u00e9dente<\/a>\n<span class=\"yotu-pagination-current\">1<\/span> <span>of<\/span> <span class=\"yotu-pagination-total\">1<\/span>\n<a href=\"#\" class=\"yotu-pagination-next yotu-button-prs yotu-button-prs-1\" data-page=\"next\">Suivante<\/a>\n<\/div>\n<div class=\"yotu-videos yotu-mode-grid yotu-column-5 yotu-player-mode-popup\">\n\t<ul>\n\t\t\t\t\t<li class=\" yotu-first\">\n\t\t\t\t\t\t\t\t<a href=\"#gGzud0WweLI\" class=\"yotu-video ytef-shadow-radial\" data-videoid=\"gGzud0WweLI\" data-title=\"C\u0327A CHANGE UNE VIE\" title=\"C\u0327A CHANGE UNE VIE\">\n\t\t\t\t\t<div class=\"yotu-video-thumb-wrp\">\n\t\t\t\t\t\t<div>\n\t\t\t\t\t\t\t\t\t\t\t\t\t\t<img decoding=\"async\" class=\"yotu-video-thumb\" src=\"https:\/\/i.ytimg.com\/vi\/gGzud0WweLI\/sddefault.jpg\" alt=\"C\u0327A CHANGE UNE VIE\">\t\n\t\t\t\t\t\t\t\t\t\t\t\t\t<\/div>\n\t\t\t\t\t<\/div>\n\t\t\t\t\t\t\t\t\t\t\t<h3 class=\"yotu-video-title\">C\u0327A CHANGE UNE VIE<\/h3>\n\t\t\t\t\t\t\t\t\t\t\t\t\t\t\t\t\t\t\t\t\t<div class=\"yotu-video-description\"><\/div>\n\t\t\t\t\t\t\t\t\t<\/a>\n\t\t\t\t\t\t\t<\/li>\n\t\t\t\t\n\t\t\t\t\t\t<li class=\"\">\n\t\t\t\t\t\t\t\t<a href=\"#gTz0QIQ7OoM\" class=\"yotu-video ytef-shadow-radial\" data-videoid=\"gTz0QIQ7OoM\" data-title=\"VIRTUAL LOVE\" title=\"VIRTUAL LOVE\">\n\t\t\t\t\t<div class=\"yotu-video-thumb-wrp\">\n\t\t\t\t\t\t<div>\n\t\t\t\t\t\t\t\t\t\t\t\t\t\t<img decoding=\"async\" class=\"yotu-video-thumb\" src=\"https:\/\/i.ytimg.com\/vi\/gTz0QIQ7OoM\/sddefault.jpg\" alt=\"VIRTUAL LOVE\">\t\n\t\t\t\t\t\t\t\t\t\t\t\t\t<\/div>\n\t\t\t\t\t<\/div>\n\t\t\t\t\t\t\t\t\t\t\t<h3 class=\"yotu-video-title\">VIRTUAL LOVE<\/h3>\n\t\t\t\t\t\t\t\t\t\t\t\t\t\t\t\t\t\t\t\t\t<div class=\"yotu-video-description\"><\/div>\n\t\t\t\t\t\t\t\t\t<\/a>\n\t\t\t\t\t\t\t<\/li>\n\t\t\t\t\n\t\t\t\t\t\t<li class=\"\">\n\t\t\t\t\t\t\t\t<a href=\"#uA8E6ozm3qI\" class=\"yotu-video ytef-shadow-radial\" data-videoid=\"uA8E6ozm3qI\" data-title=\"LIAISONS DANGEREUSES\" title=\"LIAISONS DANGEREUSES\">\n\t\t\t\t\t<div class=\"yotu-video-thumb-wrp\">\n\t\t\t\t\t\t<div>\n\t\t\t\t\t\t\t\t\t\t\t\t\t\t<img decoding=\"async\" class=\"yotu-video-thumb\" src=\"https:\/\/i.ytimg.com\/vi\/uA8E6ozm3qI\/sddefault.jpg\" alt=\"LIAISONS DANGEREUSES\">\t\n\t\t\t\t\t\t\t\t\t\t\t\t\t<\/div>\n\t\t\t\t\t<\/div>\n\t\t\t\t\t\t\t\t\t\t\t<h3 class=\"yotu-video-title\">LIAISONS DANGEREUSES<\/h3>\n\t\t\t\t\t\t\t\t\t\t\t\t\t\t\t\t\t\t\t\t\t<div class=\"yotu-video-description\"><\/div>\n\t\t\t\t\t\t\t\t\t<\/a>\n\t\t\t\t\t\t\t<\/li>\n\t\t\t\t\n\t\t\t\t\t\t<li class=\"\">\n\t\t\t\t\t\t\t\t<a href=\"#eEY_1u7uaGs\" class=\"yotu-video ytef-shadow-radial\" data-videoid=\"eEY_1u7uaGs\" data-title=\"LES SOEURS PLUMEAU\" title=\"LES SOEURS PLUMEAU\">\n\t\t\t\t\t<div class=\"yotu-video-thumb-wrp\">\n\t\t\t\t\t\t<div>\n\t\t\t\t\t\t\t\t\t\t\t\t\t\t<img decoding=\"async\" class=\"yotu-video-thumb\" src=\"https:\/\/i.ytimg.com\/vi\/eEY_1u7uaGs\/hqdefault.jpg\" alt=\"LES SOEURS PLUMEAU\">\t\n\t\t\t\t\t\t\t\t\t\t\t\t\t<\/div>\n\t\t\t\t\t<\/div>\n\t\t\t\t\t\t\t\t\t\t\t<h3 class=\"yotu-video-title\">LES SOEURS PLUMEAU<\/h3>\n\t\t\t\t\t\t\t\t\t\t\t\t\t\t\t\t\t\t\t\t\t<div class=\"yotu-video-description\"><\/div>\n\t\t\t\t\t\t\t\t\t<\/a>\n\t\t\t\t\t\t\t<\/li>\n\t\t\t\t\n\t\t\t\t\t\t<li class=\" yotu-last\">\n\t\t\t\t\t\t\t\t<a href=\"#J4OyZssE3SI\" class=\"yotu-video ytef-shadow-radial\" data-videoid=\"J4OyZssE3SI\" data-title=\"A LA VIE A LA MORT\" title=\"A LA VIE A LA MORT\">\n\t\t\t\t\t<div class=\"yotu-video-thumb-wrp\">\n\t\t\t\t\t\t<div>\n\t\t\t\t\t\t\t\t\t\t\t\t\t\t<img decoding=\"async\" class=\"yotu-video-thumb\" src=\"https:\/\/i.ytimg.com\/vi\/J4OyZssE3SI\/sddefault.jpg\" alt=\"A LA VIE A LA MORT\">\t\n\t\t\t\t\t\t\t\t\t\t\t\t\t<\/div>\n\t\t\t\t\t<\/div>\n\t\t\t\t\t\t\t\t\t\t\t<h3 class=\"yotu-video-title\">A LA VIE A LA MORT<\/h3>\n\t\t\t\t\t\t\t\t\t\t\t\t\t\t\t\t\t\t\t\t\t<div class=\"yotu-video-description\"><\/div>\n\t\t\t\t\t\t\t\t\t<\/a>\n\t\t\t\t\t\t\t<\/li>\n\t\t\t\t\n\t\t\t\t<\/ul>\n<\/div><div class=\"yotu-pagination yotu-hide yotu-pager_layout-default yotu-pagination-bottom\">\n<a href=\"#\" class=\"yotu-pagination-prev yotu-button-prs yotu-button-prs-1\" data-page=\"prev\">Pr\u00e9c\u00e9dente<\/a>\n<span class=\"yotu-pagination-current\">1<\/span> <span>of<\/span> <span class=\"yotu-pagination-total\">1<\/span>\n<a href=\"#\" class=\"yotu-pagination-next yotu-button-prs yotu-button-prs-1\" data-page=\"next\">Suivante<\/a>\n<\/div>\n\t\t\t\t<\/div>\n\t\t\t<\/div>\n\t\t\t\n\n\n\n<h2 class=\"wp-block-heading\">\u00c0 partir de 2022&#8230;<\/h2>\n\n\n\t\t\t<div \n\t\t\tclass=\"yotu-playlist yotuwp yotu-limit-min yotu-limit-max yotu-player-full  yotu-thumb-169  yotu-template-grid\" \n\t\t\tdata-page=\"1\"\n\t\t\tid=\"yotuwp-69dfd0fab1f50\"\n\t\t\tdata-yotu=\"modal\"\n\t\t\tdata-total=\"1\"\n\t\t\tdata-settings=\"eyJ0eXBlIjoicGxheWxpc3QiLCJpZCI6IlBMLTFPcW92cGxkMzRyYUNWTEJOamxZSnpfc1lQYy01S1YiLCJwYWdpbmF0aW9uIjoib24iLCJwYWdpdHlwZSI6InBhZ2VyIiwiY29sdW1uIjoiNSIsInBlcl9wYWdlIjoiMTYiLCJ0ZW1wbGF0ZSI6ImdyaWQiLCJ0aXRsZSI6Im9uIiwiZGVzY3JpcHRpb24iOiJvbiIsInRodW1icmF0aW8iOiIxNjkiLCJtZXRhIjoib2ZmIiwibWV0YV9kYXRhIjoib2ZmIiwibWV0YV9wb3NpdGlvbiI6Im9mZiIsImRhdGVfZm9ybWF0Ijoib2ZmIiwibWV0YV9hbGlnbiI6Im9mZiIsInN1YnNjcmliZSI6Im9mZiIsImR1cmF0aW9uIjoib2ZmIiwibWV0YV9pY29uIjoib2ZmIiwibmV4dHRleHQiOiIiLCJwcmV2dGV4dCI6IiIsImxvYWRtb3JldGV4dCI6IiIsInBsYXllciI6eyJtb2RlIjoicG9wdXAiLCJ3aWR0aCI6IjAiLCJzY3JvbGxpbmciOiIwIiwiYXV0b3BsYXkiOjEsImNvbnRyb2xzIjoxLCJtb2Rlc3RicmFuZGluZyI6MCwibG9vcCI6MCwiYXV0b25leHQiOjAsInNob3dpbmZvIjoxLCJyZWwiOjAsInBsYXlpbmciOjEsInBsYXlpbmdfZGVzY3JpcHRpb24iOjEsInRodW1ibmFpbHMiOjAsImNjX2xvYWRfcG9saWN5IjoiMCIsImNjX2xhbmdfcHJlZiI6IjEiLCJobCI6IiIsIml2X2xvYWRfcG9saWN5IjoiMyJ9LCJsYXN0X3RhYiI6ImFwaSIsInVzZV9hc19tb2RhbCI6Im9mZiIsIm1vZGFsX2lkIjoib2ZmIiwibGFzdF91cGRhdGUiOiIxNzU3OTI0ODQ3Iiwic3R5bGluZyI6eyJwYWdlcl9sYXlvdXQiOiJkZWZhdWx0IiwiYnV0dG9uIjoiMSIsImJ1dHRvbl9jb2xvciI6IiIsImJ1dHRvbl9iZ19jb2xvciI6IiIsImJ1dHRvbl9jb2xvcl9ob3ZlciI6IiIsImJ1dHRvbl9iZ19jb2xvcl9ob3ZlciI6IiIsInZpZGVvX3N0eWxlIjoiIiwicGxheWljb25fY29sb3IiOiIiLCJob3Zlcl9pY29uIjoiIiwiZ2FsbGVyeV9iZyI6IiJ9LCJlZmZlY3RzIjp7InZpZGVvX2JveCI6Inl0ZWYtc2hhZG93LXJhZGlhbCIsImZsaXBfZWZmZWN0IjoiIn0sImdhbGxlcnlfaWQiOiI2OWRmZDBmYWIxZjUwIiwibmV4dCI6IiIsInByZXYiOiIifQ==\"\n\t\t\tdata-player=\"popup\"\n\t\t\tdata-showdesc=\"on\" >\n\t\t\t\t<div>\n\t\t\t\t\t<div class=\"yotu-pagination yotu-hide yotu-pager_layout-default yotu-pagination-top\">\n<a href=\"#\" class=\"yotu-pagination-prev yotu-button-prs yotu-button-prs-1\" data-page=\"prev\">Pr\u00e9c\u00e9dente<\/a>\n<span class=\"yotu-pagination-current\">1<\/span> <span>of<\/span> <span class=\"yotu-pagination-total\">1<\/span>\n<a href=\"#\" class=\"yotu-pagination-next yotu-button-prs yotu-button-prs-1\" data-page=\"next\">Suivante<\/a>\n<\/div>\n<div class=\"yotu-videos yotu-mode-grid yotu-column-5 yotu-player-mode-popup\">\n\t<ul>\n\t\t\t\t\t<li class=\" yotu-first yotu-last\">\n\t\t\t\t\t\t\t\t<a href=\"#y71Yh-5RBPU\" class=\"yotu-video ytef-shadow-radial\" data-videoid=\"y71Yh-5RBPU\" data-title=\"DERNIER APPEL - Court m\u00e9trage\" title=\"DERNIER APPEL - Court m\u00e9trage\">\n\t\t\t\t\t<div class=\"yotu-video-thumb-wrp\">\n\t\t\t\t\t\t<div>\n\t\t\t\t\t\t\t\t\t\t\t\t\t\t<img decoding=\"async\" class=\"yotu-video-thumb\" src=\"https:\/\/i.ytimg.com\/vi\/y71Yh-5RBPU\/sddefault.jpg\" alt=\"DERNIER APPEL - Court m\u00e9trage\">\t\n\t\t\t\t\t\t\t\t\t\t\t\t\t<\/div>\n\t\t\t\t\t<\/div>\n\t\t\t\t\t\t\t\t\t\t\t<h3 class=\"yotu-video-title\">DERNIER APPEL - Court m\u00e9trage<\/h3>\n\t\t\t\t\t\t\t\t\t\t\t\t\t\t\t\t\t\t\t\t\t<div class=\"yotu-video-description\"><\/div>\n\t\t\t\t\t\t\t\t\t<\/a>\n\t\t\t\t\t\t\t<\/li>\n\t\t\t\t\n\t\t\t\t<\/ul>\n<\/div><div class=\"yotu-pagination yotu-hide yotu-pager_layout-default yotu-pagination-bottom\">\n<a href=\"#\" class=\"yotu-pagination-prev yotu-button-prs yotu-button-prs-1\" data-page=\"prev\">Pr\u00e9c\u00e9dente<\/a>\n<span class=\"yotu-pagination-current\">1<\/span> <span>of<\/span> <span class=\"yotu-pagination-total\">1<\/span>\n<a href=\"#\" class=\"yotu-pagination-next yotu-button-prs yotu-button-prs-1\" data-page=\"next\">Suivante<\/a>\n<\/div>\n\t\t\t\t<\/div>\n\t\t\t<\/div>\n\t\t\t\n\n\n\n<div style=\"height:100px\" aria-hidden=\"true\" class=\"wp-block-spacer\"><\/div>\n","protected":false},"excerpt":{"rendered":"<p>Les courts m\u00e9trages Nos diff\u00e9rentes exp\u00e9riences dans le court-m\u00e9trage \u00c0 partir de 2022&#8230;<\/p>\n","protected":false},"author":2,"featured_media":0,"parent":1145,"menu_order":5,"comment_status":"closed","ping_status":"closed","template":"","meta":{"neve_meta_sidebar":"","neve_meta_container":"contained","neve_meta_enable_content_width":"on","neve_meta_content_width":80,"neve_meta_title_alignment":"","neve_meta_author_avatar":"","neve_post_elements_order":"","neve_meta_disable_header":"","neve_meta_disable_footer":"on","neve_meta_disable_title":"","footnotes":""},"class_list":["post-28","page","type-page","status-publish","hentry"],"aioseo_notices":[],"_links":{"self":[{"href":"https:\/\/kertoon.grouplive.net\/index.php\/wp-json\/wp\/v2\/pages\/28","targetHints":{"allow":["GET"]}}],"collection":[{"href":"https:\/\/kertoon.grouplive.net\/index.php\/wp-json\/wp\/v2\/pages"}],"about":[{"href":"https:\/\/kertoon.grouplive.net\/index.php\/wp-json\/wp\/v2\/types\/page"}],"author":[{"embeddable":true,"href":"https:\/\/kertoon.grouplive.net\/index.php\/wp-json\/wp\/v2\/users\/2"}],"replies":[{"embeddable":true,"href":"https:\/\/kertoon.grouplive.net\/index.php\/wp-json\/wp\/v2\/comments?post=28"}],"version-history":[{"count":12,"href":"https:\/\/kertoon.grouplive.net\/index.php\/wp-json\/wp\/v2\/pages\/28\/revisions"}],"predecessor-version":[{"id":26286,"href":"https:\/\/kertoon.grouplive.net\/index.php\/wp-json\/wp\/v2\/pages\/28\/revisions\/26286"}],"up":[{"embeddable":true,"href":"https:\/\/kertoon.grouplive.net\/index.php\/wp-json\/wp\/v2\/pages\/1145"}],"wp:attachment":[{"href":"https:\/\/kertoon.grouplive.net\/index.php\/wp-json\/wp\/v2\/media?parent=28"}],"curies":[{"name":"wp","href":"https:\/\/api.w.org\/{rel}","templated":true}]}}