{"id":288,"date":"2020-03-26T17:24:43","date_gmt":"2020-03-26T16:24:43","guid":{"rendered":"https:\/\/kertoonstudio.fr\/?page_id=288"},"modified":"2025-10-21T01:17:24","modified_gmt":"2025-10-20T23:17:24","slug":"la-presidente","status":"publish","type":"page","link":"https:\/\/kertoon.grouplive.net\/index.php\/165-2\/la-presidente\/","title":{"rendered":"La Direction"},"content":{"rendered":"<div class=\"aioseo-breadcrumbs\"><span class=\"aioseo-breadcrumb\">\n\t\t\tHome\n\t\t<\/span><\/div>\n\n\n<h1 class=\"wp-block-heading\">LA DIRECTION<\/h1>\n\n\n\n<figure class=\"wp-block-image size-large\"><img loading=\"lazy\" decoding=\"async\" width=\"1024\" height=\"334\" src=\"https:\/\/kertoonstudio.fr\/wp-content\/uploads\/2025\/09\/bandeau-chloe-1024x334.jpg\" alt=\"\" class=\"wp-image-20020\" srcset=\"https:\/\/kertoon.grouplive.net\/wp-content\/uploads\/2025\/09\/bandeau-chloe-1024x334.jpg 1024w, https:\/\/kertoon.grouplive.net\/wp-content\/uploads\/2025\/09\/bandeau-chloe-300x98.jpg 300w, https:\/\/kertoon.grouplive.net\/wp-content\/uploads\/2025\/09\/bandeau-chloe-768x251.jpg 768w, https:\/\/kertoon.grouplive.net\/wp-content\/uploads\/2025\/09\/bandeau-chloe-1536x502.jpg 1536w, https:\/\/kertoon.grouplive.net\/wp-content\/uploads\/2025\/09\/bandeau-chloe-2048x669.jpg 2048w, https:\/\/kertoon.grouplive.net\/wp-content\/uploads\/2025\/09\/bandeau-chloe-600x196.jpg 600w\" sizes=\"auto, (max-width: 1024px) 100vw, 1024px\" \/><\/figure>\n\n\n\n<p>\ud83d\udc51 <strong data-start=\"55\" data-end=\"91\">Chlo\u00e9, PDG historique de Kertoon<\/strong><br>Membre de Kertoon du CP \u00e0 ses \u00e9tudes sup\u00e9rieures et figure incontournable, Chlo\u00e9 est la <strong data-start=\"144\" data-end=\"157\">Pr\u00e9sidente Directrice G\u00e9n\u00e9rale \u00e0 vie<\/strong> du studio. Visionnaire et charismatique, elle inspire autant qu\u2019elle impressionne.  Entre humour, autorit\u00e9 et cr\u00e9ativit\u00e9, elle incarne l\u2019\u00e2me de Kertoon.<br>Un symbole pour tous\u2026 et une l\u00e9gende vivante du studio.<\/p>\n\n\n\n<div style=\"height:48px\" aria-hidden=\"true\" class=\"wp-block-spacer\"><\/div>\n\n\n\n<h1 class=\"wp-block-heading\">La page des Pr\u00e9sidentes<\/h1>\n\n\n\n<p><\/p>\n\n\n\n<figure class=\"wp-block-image size-large is-resized\"><img loading=\"lazy\" decoding=\"async\" width=\"1024\" height=\"334\" src=\"https:\/\/kertoonstudio.fr\/wp-content\/uploads\/2025\/09\/bandeau-roziz-2-1024x334.jpg\" alt=\"\" class=\"wp-image-20022\" style=\"aspect-ratio:3.062098501070664;width:926px;height:auto\" srcset=\"https:\/\/kertoon.grouplive.net\/wp-content\/uploads\/2025\/09\/bandeau-roziz-2-1024x334.jpg 1024w, https:\/\/kertoon.grouplive.net\/wp-content\/uploads\/2025\/09\/bandeau-roziz-2-300x98.jpg 300w, https:\/\/kertoon.grouplive.net\/wp-content\/uploads\/2025\/09\/bandeau-roziz-2-768x251.jpg 768w, https:\/\/kertoon.grouplive.net\/wp-content\/uploads\/2025\/09\/bandeau-roziz-2-1536x502.jpg 1536w, https:\/\/kertoon.grouplive.net\/wp-content\/uploads\/2025\/09\/bandeau-roziz-2-2048x669.jpg 2048w, https:\/\/kertoon.grouplive.net\/wp-content\/uploads\/2025\/09\/bandeau-roziz-2-600x196.jpg 600w\" sizes=\"auto, (max-width: 1024px) 100vw, 1024px\" \/><\/figure>\n\n\n\n<p>\u2600\ufe0f <strong>Rose, alias Roziz<\/strong><br>Arriv\u00e9e \u00e0 l\u2019atelier \u00e0 seulement 9 ans, son c\u00f4t\u00e9 solaire a tout de suite conquis tout le monde. \u00c9lue Pr\u00e9sidente avec <strong>98 % des voix<\/strong> (sans liste, chacun votait librement !), elle est devenue un v\u00e9ritable symbole pour Kertoon.<br>Connue \u00e0 l\u2019international sous le nom de <strong>Roziz<\/strong>, elle encha\u00eene les aventures\u2026 entre deux parcours de golf, qu\u2019elle rejoint \u00e0 bord de son jet priv\u00e9 \u2708\ufe0f\u26f3.<br>Une leader charismatique, lumineuse et\u2026 un peu l\u00e9gende vivante d\u00e9j\u00e0.<\/p>\n\n\n\n<h2 class=\"wp-block-heading has-text-align-left\">Les Pr\u00e9sidentes de 2007 \u00e0 aujourd&rsquo;hui&#8230;<\/h2>\n\n\n\n<figure class=\"wp-block-table is-style-stripes\"><table class=\"has-fixed-layout\"><tbody><tr><td class=\"has-text-align-center\" data-align=\"center\"><a href=\"https:\/\/kertoonstudio.fr\/index.php\/laura-la-presidente\/\"><img decoding=\"async\" src=\"https:\/\/kertoonstudio.fr\/wp-content\/uploads\/2020\/05\/laura-pre%CC%81sidente.jpg\" alt=\"\"><\/a><br><a href=\"https:\/\/kertoonstudio.fr\/index.php\/laura-la-presidente\/\">Laura 2007 \u00e0 2011<\/a><\/td><td class=\"has-text-align-center\" data-align=\"center\"><a href=\"https:\/\/kertoonstudio.fr\/index.php\/la-presidente\/chloe-la-presidente\/\"><img decoding=\"async\" src=\"https:\/\/kertoonstudio.fr\/wp-content\/uploads\/2020\/06\/Chloe-presidente3.jpg\" alt=\"\"><\/a><br><a href=\"https:\/\/kertoonstudio.fr\/index.php\/la-presidente\/chloe-la-presidente\/\">Chlo\u00e9 2011 \u00e0 2015<\/a><\/td><td class=\"has-text-align-center\" data-align=\"center\"><a href=\"https:\/\/kertoonstudio.fr\/index.php\/julie\/\" target=\"_blank\" rel=\"noreferrer noopener\"><img decoding=\"async\" src=\"https:\/\/kertoonstudio.fr\/wp-content\/uploads\/2020\/05\/Julie-presidente.jpg\" alt=\"\"><\/a><br><a href=\"https:\/\/kertoonstudio.fr\/index.php\/julie\/\">Julie 2015 \u00e0 2016<\/a><\/td><td class=\"has-text-align-center\" data-align=\"center\"><a href=\"https:\/\/kertoonstudio.fr\/index.php\/anais-la-presidente\/\"><img decoding=\"async\" src=\"https:\/\/kertoonstudio.fr\/wp-content\/uploads\/2020\/05\/Anais-pdte.jpg\" alt=\"\"><\/a><br><a href=\"https:\/\/kertoonstudio.fr\/index.php\/anais-la-presidente\/\">Ana\u00efs 2016 \u00e0 2022<\/a><\/td><\/tr><tr><td class=\"has-text-align-center\" data-align=\"center\"><br><img loading=\"lazy\" decoding=\"async\" width=\"150\" height=\"200\" class=\"wp-image-8252\" style=\"width: 150px;\" src=\"https:\/\/kertoonstudio.fr\/wp-content\/uploads\/2022\/08\/vignette-Ambre-pdte2.jpg\" alt=\"\"><br>Ambre 2022 \u00e0 2023<\/td><td class=\"has-text-align-center\" data-align=\"center\"><br><a href=\"https:\/\/kertoonstudio.fr\/index.php\/la-vie-a-kertoon\/jeux-a-themes\/presidente-story\/\" title=\"\"><img loading=\"lazy\" decoding=\"async\" width=\"150\" height=\"200\" class=\"wp-image-20023\" style=\"width: 150px;\" src=\"https:\/\/kertoonstudio.fr\/wp-content\/uploads\/2025\/09\/roziz-icone.jpg\" alt=\"\"><\/a><a href=\"https:\/\/kertoonstudio.fr\/index.php\/la-vie-a-kertoon\/jeux-a-themes\/presidente-story\/\"><img decoding=\"async\" class=\"wp-image-10433\" style=\"width: 150px;\" src=\"https:\/\/kertoonstudio.fr\/wp-content\/uploads\/2024\/08\/roziz-icone.jpg\" alt=\"\"><\/a><br><a href=\"https:\/\/kertoonstudio.fr\/index.php\/la-vie-a-kertoon\/jeux-a-themes\/presidente-story\/\">Rose 2023 \u00e0 <\/a><a href=\"https:\/\/kertoonstudio.fr\/index.php\/la-vie-a-kertoon\/jeux-a-themes\/presidente-story\/\" title=\"\">2026<\/a><\/td><td class=\"has-text-align-center\" data-align=\"center\"><\/td><td class=\"has-text-align-center\" data-align=\"center\"><\/td><\/tr><\/tbody><\/table><\/figure>\n\n\n\n<div style=\"height:100px\" aria-hidden=\"true\" class=\"wp-block-spacer\"><\/div>\n","protected":false},"excerpt":{"rendered":"<p>LA DIRECTION \ud83d\udc51 Chlo\u00e9, PDG historique de KertoonMembre de Kertoon du CP \u00e0 ses \u00e9tudes sup\u00e9rieures et figure incontournable, Chlo\u00e9 est la Pr\u00e9sidente Directrice G\u00e9n\u00e9rale \u00e0 vie du studio. Visionnaire et charismatique, elle inspire autant qu\u2019elle impressionne. Entre humour, autorit\u00e9 et cr\u00e9ativit\u00e9, elle incarne l\u2019\u00e2me de Kertoon.Un symbole pour tous\u2026 et une l\u00e9gende vivante du&hellip;&nbsp;<a href=\"https:\/\/kertoon.grouplive.net\/index.php\/165-2\/la-presidente\/\" rel=\"bookmark\">Lire la suite &raquo;<span class=\"screen-reader-text\">La Direction<\/span><\/a><\/p>\n","protected":false},"author":2,"featured_media":0,"parent":165,"menu_order":0,"comment_status":"closed","ping_status":"open","template":"","meta":{"neve_meta_sidebar":"","neve_meta_container":"contained","neve_meta_enable_content_width":"on","neve_meta_content_width":80,"neve_meta_title_alignment":"","neve_meta_author_avatar":"","neve_post_elements_order":"","neve_meta_disable_header":"","neve_meta_disable_footer":"on","neve_meta_disable_title":"","footnotes":""},"class_list":["post-288","page","type-page","status-publish","hentry"],"aioseo_notices":[],"_links":{"self":[{"href":"https:\/\/kertoon.grouplive.net\/index.php\/wp-json\/wp\/v2\/pages\/288","targetHints":{"allow":["GET"]}}],"collection":[{"href":"https:\/\/kertoon.grouplive.net\/index.php\/wp-json\/wp\/v2\/pages"}],"about":[{"href":"https:\/\/kertoon.grouplive.net\/index.php\/wp-json\/wp\/v2\/types\/page"}],"author":[{"embeddable":true,"href":"https:\/\/kertoon.grouplive.net\/index.php\/wp-json\/wp\/v2\/users\/2"}],"replies":[{"embeddable":true,"href":"https:\/\/kertoon.grouplive.net\/index.php\/wp-json\/wp\/v2\/comments?post=288"}],"version-history":[{"count":70,"href":"https:\/\/kertoon.grouplive.net\/index.php\/wp-json\/wp\/v2\/pages\/288\/revisions"}],"predecessor-version":[{"id":20554,"href":"https:\/\/kertoon.grouplive.net\/index.php\/wp-json\/wp\/v2\/pages\/288\/revisions\/20554"}],"up":[{"embeddable":true,"href":"https:\/\/kertoon.grouplive.net\/index.php\/wp-json\/wp\/v2\/pages\/165"}],"wp:attachment":[{"href":"https:\/\/kertoon.grouplive.net\/index.php\/wp-json\/wp\/v2\/media?parent=288"}],"curies":[{"name":"wp","href":"https:\/\/api.w.org\/{rel}","templated":true}]}}