{"id":29,"date":"2019-04-01T16:06:10","date_gmt":"2019-04-01T14:06:10","guid":{"rendered":"http:\/\/192.168.13.9\/?page_id=29"},"modified":"2025-09-17T01:43:19","modified_gmt":"2025-09-16T23:43:19","slug":"le-cinema-peri-scolaire","status":"publish","type":"page","link":"https:\/\/kertoon.grouplive.net\/index.php\/kertoon-dans-les-ecoles\/le-cinema-peri-scolaire\/","title":{"rendered":"Le cin\u00e9ma p\u00e9ri-scolaire"},"content":{"rendered":"<div class=\"aioseo-breadcrumbs\"><span class=\"aioseo-breadcrumb\">\n\t\t\tHome\n\t\t<\/span><\/div>\n\n\n<h1 class=\"wp-block-heading\">LE CIN\u00c9MA P\u00c9RI-SCOLAIRE<\/h1>\n\n\n\n<figure class=\"wp-block-image size-large\"><img loading=\"lazy\" decoding=\"async\" width=\"1024\" height=\"334\" src=\"https:\/\/kertoonstudio.fr\/wp-content\/uploads\/2020\/07\/bandeau-ecole-scaled-1-1024x334.jpg\" alt=\"\" class=\"wp-image-2419\" srcset=\"https:\/\/kertoon.grouplive.net\/wp-content\/uploads\/2020\/07\/bandeau-ecole-scaled-1-1024x334.jpg 1024w, https:\/\/kertoon.grouplive.net\/wp-content\/uploads\/2020\/07\/bandeau-ecole-scaled-1-300x98.jpg 300w, https:\/\/kertoon.grouplive.net\/wp-content\/uploads\/2020\/07\/bandeau-ecole-scaled-1-768x251.jpg 768w, https:\/\/kertoon.grouplive.net\/wp-content\/uploads\/2020\/07\/bandeau-ecole-scaled-1-1536x502.jpg 1536w, https:\/\/kertoon.grouplive.net\/wp-content\/uploads\/2020\/07\/bandeau-ecole-scaled-1-2048x669.jpg 2048w\" sizes=\"auto, (max-width: 1024px) 100vw, 1024px\" \/><\/figure>\n\n\n\n<h1 class=\"wp-block-heading\">Le cin\u00e9ma p\u00e9ri-scolaire<\/h1>\n\n\n\n<h2 class=\"wp-block-heading has-nv-text-dark-bg-color has-text-color has-background\" style=\"background-color:#ef1515\">Pour des raisons de droit \u00e0 l&rsquo;image, l&rsquo;acc\u00e8s aux pages des \u00e9coles ou des classes est prot\u00e9g\u00e9 par un mot de passe. Ils sont r\u00e9cup\u00e9rables par le biais de l&rsquo;\u00e9tablissement concern\u00e9 ou \u00e0 Kertoon Studio si vous avez particip\u00e9 \u00e0 ces films <\/h2>\n\n\n\t\t\t<div \n\t\t\tclass=\"yotu-playlist yotuwp yotu-limit-min yotu-limit-max yotu-player-full  yotu-thumb-169  yotu-template-grid\" \n\t\t\tdata-page=\"1\"\n\t\t\tid=\"yotuwp-69dfd0fa105a7\"\n\t\t\tdata-yotu=\"modal\"\n\t\t\tdata-total=\"1\"\n\t\t\tdata-settings=\"eyJ0eXBlIjoicGxheWxpc3QiLCJpZCI6IlBMVkdtLW9DeUhmOWQwS3pHOHZiYnFWa1cyVjBybUtwUGgiLCJwYWdpbmF0aW9uIjoib24iLCJwYWdpdHlwZSI6InBhZ2VyIiwiY29sdW1uIjoiNSIsInBlcl9wYWdlIjoiMTYiLCJ0ZW1wbGF0ZSI6ImdyaWQiLCJ0aXRsZSI6Im9uIiwiZGVzY3JpcHRpb24iOiJvbiIsInRodW1icmF0aW8iOiIxNjkiLCJtZXRhIjoib2ZmIiwibWV0YV9kYXRhIjoib2ZmIiwibWV0YV9wb3NpdGlvbiI6Im9mZiIsImRhdGVfZm9ybWF0Ijoib2ZmIiwibWV0YV9hbGlnbiI6Im9mZiIsInN1YnNjcmliZSI6Im9mZiIsImR1cmF0aW9uIjoib2ZmIiwibWV0YV9pY29uIjoib2ZmIiwibmV4dHRleHQiOiIiLCJwcmV2dGV4dCI6IiIsImxvYWRtb3JldGV4dCI6IiIsInBsYXllciI6eyJtb2RlIjoicG9wdXAiLCJ3aWR0aCI6IjAiLCJzY3JvbGxpbmciOiIwIiwiYXV0b3BsYXkiOjEsImNvbnRyb2xzIjoxLCJtb2Rlc3RicmFuZGluZyI6MCwibG9vcCI6MCwiYXV0b25leHQiOjAsInNob3dpbmZvIjoxLCJyZWwiOjAsInBsYXlpbmciOjEsInBsYXlpbmdfZGVzY3JpcHRpb24iOjEsInRodW1ibmFpbHMiOjAsImNjX2xvYWRfcG9saWN5IjoiMCIsImNjX2xhbmdfcHJlZiI6IjEiLCJobCI6IiIsIml2X2xvYWRfcG9saWN5IjoiMyJ9LCJsYXN0X3RhYiI6ImFwaSIsInVzZV9hc19tb2RhbCI6Im9mZiIsIm1vZGFsX2lkIjoib2ZmIiwibGFzdF91cGRhdGUiOiIxNzU3OTI0ODQ3Iiwic3R5bGluZyI6eyJwYWdlcl9sYXlvdXQiOiJkZWZhdWx0IiwiYnV0dG9uIjoiMSIsImJ1dHRvbl9jb2xvciI6IiIsImJ1dHRvbl9iZ19jb2xvciI6IiIsImJ1dHRvbl9jb2xvcl9ob3ZlciI6IiIsImJ1dHRvbl9iZ19jb2xvcl9ob3ZlciI6IiIsInZpZGVvX3N0eWxlIjoiIiwicGxheWljb25fY29sb3IiOiIiLCJob3Zlcl9pY29uIjoiIiwiZ2FsbGVyeV9iZyI6IiJ9LCJlZmZlY3RzIjp7InZpZGVvX2JveCI6Inl0ZWYtc2hhZG93LXJhZGlhbCIsImZsaXBfZWZmZWN0IjoiIn0sImdhbGxlcnlfaWQiOiI2OWRmZDBmYTEwNWE3IiwibmV4dCI6IiIsInByZXYiOiIifQ==\"\n\t\t\tdata-player=\"popup\"\n\t\t\tdata-showdesc=\"on\" >\n\t\t\t\t<div>\n\t\t\t\t\t<div class=\"yotu-pagination yotu-hide yotu-pager_layout-default yotu-pagination-top\">\n<a href=\"#\" class=\"yotu-pagination-prev yotu-button-prs yotu-button-prs-1\" data-page=\"prev\">Pr\u00e9c\u00e9dente<\/a>\n<span class=\"yotu-pagination-current\">1<\/span> <span>of<\/span> <span class=\"yotu-pagination-total\">1<\/span>\n<a href=\"#\" class=\"yotu-pagination-next yotu-button-prs yotu-button-prs-1\" data-page=\"next\">Suivante<\/a>\n<\/div>\n<div class=\"yotu-videos yotu-mode-grid yotu-column-5 yotu-player-mode-popup\">\n\t<ul>\n\t\t\t\t\t<li class=\" yotu-first yotu-last\">\n\t\t\t\t\t\t\t\t<a href=\"#Io0vqiTroag\" class=\"yotu-video ytef-shadow-radial\" data-videoid=\"Io0vqiTroag\" data-title=\"TYPES DE FILMS\" title=\"TYPES DE FILMS\">\n\t\t\t\t\t<div class=\"yotu-video-thumb-wrp\">\n\t\t\t\t\t\t<div>\n\t\t\t\t\t\t\t\t\t\t\t\t\t\t<img decoding=\"async\" class=\"yotu-video-thumb\" src=\"https:\/\/i.ytimg.com\/vi\/Io0vqiTroag\/sddefault.jpg\" alt=\"TYPES DE FILMS\">\t\n\t\t\t\t\t\t\t\t\t\t\t\t\t<\/div>\n\t\t\t\t\t<\/div>\n\t\t\t\t\t\t\t\t\t\t\t<h3 class=\"yotu-video-title\">TYPES DE FILMS<\/h3>\n\t\t\t\t\t\t\t\t\t\t\t\t\t\t\t\t\t\t\t\t\t<div class=\"yotu-video-description\"><\/div>\n\t\t\t\t\t\t\t\t\t<\/a>\n\t\t\t\t\t\t\t<\/li>\n\t\t\t\t\n\t\t\t\t<\/ul>\n<\/div><div class=\"yotu-pagination yotu-hide yotu-pager_layout-default yotu-pagination-bottom\">\n<a href=\"#\" class=\"yotu-pagination-prev yotu-button-prs yotu-button-prs-1\" data-page=\"prev\">Pr\u00e9c\u00e9dente<\/a>\n<span class=\"yotu-pagination-current\">1<\/span> <span>of<\/span> <span class=\"yotu-pagination-total\">1<\/span>\n<a href=\"#\" class=\"yotu-pagination-next yotu-button-prs yotu-button-prs-1\" data-page=\"next\">Suivante<\/a>\n<\/div>\n\t\t\t\t<\/div>\n\t\t\t<\/div>\n\t\t\t\n\n\n\n<div class=\"wp-block-group\"><div class=\"wp-block-group__inner-container is-layout-flow wp-block-group-is-layout-flow\">\n<h3 class=\"wp-block-heading\">Kertoon intervient la journ\u00e9e dans les \u00e9coles afin d&rsquo;<strong>\u00e9veiller les enfants \u00e0 l&rsquo;image<\/strong>. Du brouillon aux films plus travaill\u00e9s, d\u00e9couvrez les apprentissages, les prises de confiance et la cr\u00e9ativit\u00e9 des \u00e9l\u00e8ves. L&rsquo;activit\u00e9 se divise en deux cat\u00e9gories, le <strong>p\u00e9ri-scolaire<\/strong>, sur le temps du midi et la fin d&rsquo;apr\u00e8s midi avec des groupes r\u00e9duits (15 maximum) et les <strong>co-interventions <\/strong>comprenant une classe enti\u00e8re avec l&rsquo;enseignant. <strong>La page des vieux dossiers sans mot de passe se trouve <a href=\"https:\/\/kertoonstudio.fr\/index.php\/le-cinema-a-lecole\/les-archives-scolaires\/\"><span class=\"has-inline-color has-neve-link-hover-color-color\">ici<\/span><\/a><\/strong><\/h3>\n\n\n\n<div class=\"wp-block-group\"><div class=\"wp-block-group__inner-container is-layout-flow wp-block-group-is-layout-flow\">\n<div class=\"wp-block-file\"><a id=\"wp-block-file--media-7d592e46-ed13-488c-8d57-ef5d4342e9bf\" href=\"https:\/\/kertoonstudio.fr\/wp-content\/uploads\/2021\/03\/DROIT-A\u0300-L-IMAGE-ECOLES-1.docx\">LE DOCUMENT DU DROIT A\u0300 L&rsquo; IMAGE<\/a><a href=\"https:\/\/kertoonstudio.fr\/wp-content\/uploads\/2021\/03\/DROIT-A\u0300-L-IMAGE-ECOLES-1.docx\" class=\"wp-block-file__button wp-element-button\" download aria-describedby=\"wp-block-file--media-7d592e46-ed13-488c-8d57-ef5d4342e9bf\">T\u00e9l\u00e9charger<\/a><\/div>\n\n\n\n<figure class=\"wp-block-table aligncenter is-style-stripes\"><table><tbody><tr><td class=\"has-text-align-center\" data-align=\"center\"><\/td><td class=\"has-text-align-center\" data-align=\"center\"><br><\/td><td class=\"has-text-align-center\" data-align=\"center\"><br><\/td><td class=\"has-text-align-center\" data-align=\"center\"><a href=\"https:\/\/kertoonstudio.fr\/index.php\/souvenirs-deleves\/\"><img decoding=\"async\" class=\"wp-image-4338\" style=\"width: 150px\" src=\"https:\/\/kertoonstudio.fr\/wp-content\/uploads\/2020\/12\/saviez-vous2.jpg\" alt=\"\"><\/a><br><\/td><\/tr><tr><td class=\"has-text-align-center\" data-align=\"center\"><a href=\"https:\/\/kertoonstudio.fr\/index.php\/le-cinema-a-lecole\/campeneac-prive\/\"><img loading=\"lazy\" decoding=\"async\" width=\"200\" height=\"150\" class=\"wp-image-928\" style=\"width: 150px\" src=\"https:\/\/kertoonstudio.fr\/wp-content\/uploads\/2020\/05\/200x150_ecole_campeneac_prive.jpeg\" alt=\"\"> <\/a><br><a href=\"https:\/\/kertoonstudio.fr\/index.php\/le-cinema-a-lecole\/campeneac-prive\/\"><strong>Camp\u00e9n\u00e9ac<\/strong><\/a><br><a href=\"https:\/\/kertoonstudio.fr\/index.php\/le-cinema-a-lecole\/campeneac-prive\/\">Notre Dame<\/a><\/td><td class=\"has-text-align-center\" data-align=\"center\"><a href=\"https:\/\/kertoonstudio.fr\/index.php\/le-cinema-a-lecole\/campeneac-public\/\"><img loading=\"lazy\" decoding=\"async\" width=\"200\" height=\"150\" class=\"wp-image-929\" style=\"width: 150px\" src=\"https:\/\/kertoonstudio.fr\/wp-content\/uploads\/2020\/05\/200x150_ecole_campeneac_public.jpg\" alt=\"\"> <\/a><br><a href=\"https:\/\/kertoonstudio.fr\/index.php\/le-cinema-a-lecole\/campeneac-public\/\"><strong>Camp\u00e9n\u00e9ac<\/strong><\/a><br><a href=\"https:\/\/kertoonstudio.fr\/index.php\/le-cinema-a-lecole\/campeneac-public\/\">Th\u00e9odore Monod<\/a><\/td><td class=\"has-text-align-center\" data-align=\"center\"><a href=\"https:\/\/kertoonstudio.fr\/index.php\/le-cinema-a-lecole\/taupont-prive\/\"><img decoding=\"async\" src=\"https:\/\/kertoonstudio.fr\/wp-content\/uploads\/2020\/05\/200x150_ecole_taupont_prive.jpg\" alt=\"\" style=\"width: 150px;\"><\/a><a href=\"https:\/\/kertoonstudio.fr\/index.php\/le-cinema-a-lecole\/gourhel\/\"> <\/a><br><a href=\"https:\/\/kertoonstudio.fr\/index.php\/le-cinema-a-lecole\/taupont-prive\/\"><strong>Taupont<\/strong><\/a><br><a href=\"https:\/\/kertoonstudio.fr\/index.php\/le-cinema-a-lecole\/taupont-prive\/\">Notre Dame<\/a><br><\/td><td class=\"has-text-align-center\" data-align=\"center\"><a href=\"https:\/\/kertoonstudio.fr\/index.php\/le-cinema-a-lecole\/josselin-notre-dame-du-roncier\/\"> <\/a><a href=\"https:\/\/kertoonstudio.fr\/index.php\/le-cinema-a-lecole\/taupont-public\/\"><img decoding=\"async\" src=\"https:\/\/kertoonstudio.fr\/wp-content\/uploads\/2020\/05\/200x150_ecole_taupont_public.jpg\" alt=\"\" style=\"width: 150px\"><\/a><br><a href=\"https:\/\/kertoonstudio.fr\/index.php\/le-cinema-a-lecole\/taupont-public\/\"><strong>Taupont<\/strong><\/a><br><a href=\"https:\/\/kertoonstudio.fr\/index.php\/le-cinema-a-lecole\/taupont-public\/\">Ren\u00e9 Guy Cadou<\/a><\/td><\/tr><tr><td class=\"has-text-align-center\" data-align=\"center\"><a href=\"https:\/\/kertoonstudio.fr\/index.php\/le-cinema-a-lecole\/loyat-prive\/\"><img loading=\"lazy\" decoding=\"async\" width=\"200\" height=\"150\" class=\"wp-image-932\" style=\"width: 150px\" src=\"https:\/\/kertoonstudio.fr\/wp-content\/uploads\/2020\/05\/200x150_ecole_loyat_prive.jpg\" alt=\"\"> <\/a><br><a href=\"https:\/\/kertoonstudio.fr\/index.php\/le-cinema-a-lecole\/loyat-prive\/\"><strong>Loyat<\/strong><\/a><br><a href=\"https:\/\/kertoonstudio.fr\/index.php\/le-cinema-a-lecole\/loyat-prive\/\">Sainte Jeanne d\u2019Arc<\/a> <\/td><td class=\"has-text-align-center\" data-align=\"center\"><a href=\"https:\/\/kertoonstudio.fr\/index.php\/le-cinema-a-lecole\/loyat-public\/\"><img loading=\"lazy\" decoding=\"async\" width=\"200\" height=\"150\" class=\"wp-image-933\" style=\"width: 150px\" src=\"https:\/\/kertoonstudio.fr\/wp-content\/uploads\/2020\/05\/200x150_ecole_loyat_public.jpg\" alt=\"\"> <\/a><br><a href=\"https:\/\/kertoonstudio.fr\/index.php\/le-cinema-a-lecole\/loyat-public\/\"><strong>Loyat<\/strong><\/a><br><a href=\"https:\/\/kertoonstudio.fr\/index.php\/le-cinema-a-lecole\/loyat-public\/\">Th\u00e9odore Botrel<\/a><\/td><td class=\"has-text-align-center\" data-align=\"center\"><a href=\"https:\/\/kertoonstudio.fr\/index.php\/le-cinema-a-lecole\/monterrein-saint-joseph\/\"><img loading=\"lazy\" decoding=\"async\" width=\"200\" height=\"150\" class=\"wp-image-934\" style=\"width: 150px\" src=\"https:\/\/kertoonstudio.fr\/wp-content\/uploads\/2020\/05\/200x150_ecole_monterrein.jpg\" alt=\"\"> <\/a><br><a href=\"https:\/\/kertoonstudio.fr\/index.php\/le-cinema-a-lecole\/monterrein-saint-joseph\/\"><strong>Monterrein<\/strong><\/a><br><a href=\"https:\/\/kertoonstudio.fr\/index.php\/le-cinema-a-lecole\/monterrein-saint-joseph\/\">Saint-Joseph<\/a><\/td><td class=\"has-text-align-center\" data-align=\"center\"><a href=\"https:\/\/kertoonstudio.fr\/index.php\/le-cinema-a-lecole\/gourhel\/\"><img decoding=\"async\" src=\"https:\/\/kertoonstudio.fr\/wp-content\/uploads\/2020\/05\/200x150_ecole_gourhel_public.jpg\" alt=\"\" style=\"width: 150px;\"><\/a><br><a href=\"https:\/\/kertoonstudio.fr\/index.php\/le-cinema-a-lecole\/gourhel\/\"><strong>Gourhel<\/strong><\/a><br><a href=\"https:\/\/kertoonstudio.fr\/index.php\/le-cinema-a-lecole\/gourhel\/\">Jean de La Fontaine<\/a><a href=\"https:\/\/kertoonstudio.fr\/index.php\/le-cinema-a-lecole\/jules-verne\/\"> <\/a><br><\/td><\/tr><tr><td class=\"has-text-align-center\" data-align=\"center\"><a href=\"https:\/\/kertoonstudio.fr\/index.php\/le-cinema-a-lecole\/ploermel-saint-jean\/\"><img loading=\"lazy\" decoding=\"async\" width=\"200\" height=\"150\" class=\"wp-image-936\" style=\"width: 150px\" src=\"https:\/\/kertoonstudio.fr\/wp-content\/uploads\/2020\/05\/200x150_ecole_ploermel_st-jean.jpg\" alt=\"\"> <\/a><br><a href=\"https:\/\/kertoonstudio.fr\/index.php\/le-cinema-a-lecole\/ploermel-saint-jean\/\"><strong>Plo\u00ebrmel<\/strong><\/a><br><a href=\"https:\/\/kertoonstudio.fr\/index.php\/le-cinema-a-lecole\/ploermel-saint-jean\/\">Saint-Jean<\/a> <\/td><td class=\"has-text-align-center\" data-align=\"center\"><a href=\"https:\/\/kertoonstudio.fr\/index.php\/le-cinema-a-lecole\/st-joseph\/\"><img loading=\"lazy\" decoding=\"async\" width=\"200\" height=\"150\" class=\"wp-image-937\" style=\"width: 150px\" src=\"https:\/\/kertoonstudio.fr\/wp-content\/uploads\/2020\/05\/200x150_ecole_ploermel_st-joseph.jpg\" alt=\"\"> <\/a><br><a href=\"https:\/\/kertoonstudio.fr\/index.php\/le-cinema-a-lecole\/st-joseph\/\"><strong>Plo\u00ebrmel<\/strong><\/a><br><a href=\"https:\/\/kertoonstudio.fr\/index.php\/le-cinema-a-lecole\/st-joseph\/\">Saint-Joseph<\/a><\/td><td class=\"has-text-align-center\" data-align=\"center\"><a href=\"https:\/\/kertoonstudio.fr\/index.php\/le-cinema-a-lecole\/st-louis\/\"><img loading=\"lazy\" decoding=\"async\" width=\"200\" height=\"150\" class=\"wp-image-938\" style=\"width: 150px\" src=\"https:\/\/kertoonstudio.fr\/wp-content\/uploads\/2020\/05\/200x150_ecole_ploermel_st-louis.jpg\" alt=\"\"> <\/a><br><a href=\"https:\/\/kertoonstudio.fr\/index.php\/le-cinema-a-lecole\/st-louis\/\"><strong>Plo\u00ebrmel<\/strong><\/a><br><a href=\"https:\/\/kertoonstudio.fr\/index.php\/le-cinema-a-lecole\/st-louis\/\">Saint-Louis<\/a><\/td><td class=\"has-text-align-center\" data-align=\"center\"><a href=\"https:\/\/kertoonstudio.fr\/index.php\/le-cinema-a-lecole\/jules-verne\/\"><img decoding=\"async\" src=\"https:\/\/kertoonstudio.fr\/wp-content\/uploads\/2020\/05\/200x150_ecole_ploermel_jules-verne.jpg\" alt=\"\" style=\"width: 150px;\"><\/a><br><a href=\"https:\/\/kertoonstudio.fr\/index.php\/le-cinema-a-lecole\/jules-verne\/\"><strong>Plo\u00ebrmel<\/strong><\/a><br><a href=\"https:\/\/kertoonstudio.fr\/index.php\/le-cinema-a-lecole\/jules-verne\/\">Jules Verne<\/a><a href=\"https:\/\/kertoonstudio.fr\/index.php\/le-cinema-a-lecole\/taupont-prive\/\"> <\/a><br><\/td><\/tr><tr><td class=\"has-text-align-center\" data-align=\"center\"><a href=\"https:\/\/kertoonstudio.fr\/?page_id=8874\"><img loading=\"lazy\" decoding=\"async\" width=\"150\" height=\"113\" class=\"wp-image-943\" style=\"width: 150px;\" src=\"https:\/\/kertoonstudio.fr\/wp-content\/uploads\/2020\/05\/200x150_ecole_josselin_prive.jpg\" alt=\"\"><\/a><br><a href=\"https:\/\/kertoonstudio.fr\/?page_id=8874\"><strong>Josselin<\/strong><br>ND du Roncier<\/a><\/td><td class=\"has-text-align-center\" data-align=\"center\"><\/td><td class=\"has-text-align-center\" data-align=\"center\"><br><\/td><td class=\"has-text-align-center\" data-align=\"center\"><\/td><\/tr><\/tbody><\/table><\/figure>\n<\/div><\/div>\n<\/div><\/div>\n\n\n\n<div style=\"height:100px\" aria-hidden=\"true\" class=\"wp-block-spacer\"><\/div>\n","protected":false},"excerpt":{"rendered":"<p>LE CIN\u00c9MA P\u00c9RI-SCOLAIRE Le cin\u00e9ma p\u00e9ri-scolaire Pour des raisons de droit \u00e0 l&rsquo;image, l&rsquo;acc\u00e8s aux pages des \u00e9coles ou des classes est prot\u00e9g\u00e9 par un mot de passe. Ils sont r\u00e9cup\u00e9rables par le biais de l&rsquo;\u00e9tablissement concern\u00e9 ou \u00e0 Kertoon Studio si vous avez particip\u00e9 \u00e0 ces films Kertoon intervient la journ\u00e9e dans les \u00e9coles&hellip;&nbsp;<a href=\"https:\/\/kertoon.grouplive.net\/index.php\/kertoon-dans-les-ecoles\/le-cinema-peri-scolaire\/\" rel=\"bookmark\">Lire la suite &raquo;<span class=\"screen-reader-text\">Le cin\u00e9ma p\u00e9ri-scolaire<\/span><\/a><\/p>\n","protected":false},"author":2,"featured_media":0,"parent":9071,"menu_order":0,"comment_status":"closed","ping_status":"closed","template":"","meta":{"neve_meta_sidebar":"","neve_meta_container":"","neve_meta_enable_content_width":"on","neve_meta_content_width":80,"neve_meta_title_alignment":"","neve_meta_author_avatar":"","neve_post_elements_order":"","neve_meta_disable_header":"","neve_meta_disable_footer":"","neve_meta_disable_title":"","footnotes":""},"class_list":["post-29","page","type-page","status-publish","hentry"],"aioseo_notices":[],"_links":{"self":[{"href":"https:\/\/kertoon.grouplive.net\/index.php\/wp-json\/wp\/v2\/pages\/29","targetHints":{"allow":["GET"]}}],"collection":[{"href":"https:\/\/kertoon.grouplive.net\/index.php\/wp-json\/wp\/v2\/pages"}],"about":[{"href":"https:\/\/kertoon.grouplive.net\/index.php\/wp-json\/wp\/v2\/types\/page"}],"author":[{"embeddable":true,"href":"https:\/\/kertoon.grouplive.net\/index.php\/wp-json\/wp\/v2\/users\/2"}],"replies":[{"embeddable":true,"href":"https:\/\/kertoon.grouplive.net\/index.php\/wp-json\/wp\/v2\/comments?post=29"}],"version-history":[{"count":53,"href":"https:\/\/kertoon.grouplive.net\/index.php\/wp-json\/wp\/v2\/pages\/29\/revisions"}],"predecessor-version":[{"id":20160,"href":"https:\/\/kertoon.grouplive.net\/index.php\/wp-json\/wp\/v2\/pages\/29\/revisions\/20160"}],"up":[{"embeddable":true,"href":"https:\/\/kertoon.grouplive.net\/index.php\/wp-json\/wp\/v2\/pages\/9071"}],"wp:attachment":[{"href":"https:\/\/kertoon.grouplive.net\/index.php\/wp-json\/wp\/v2\/media?parent=29"}],"curies":[{"name":"wp","href":"https:\/\/api.w.org\/{rel}","templated":true}]}}