{"id":328,"date":"2020-03-27T10:15:45","date_gmt":"2020-03-27T09:15:45","guid":{"rendered":"https:\/\/kertoonstudio.fr\/?page_id=328"},"modified":"2025-10-07T00:42:07","modified_gmt":"2025-10-06T22:42:07","slug":"centre-de-loisirs","status":"publish","type":"page","link":"https:\/\/kertoon.grouplive.net\/index.php\/centre-de-loisirs\/","title":{"rendered":"Les ateliers vacances"},"content":{"rendered":"<div class=\"aioseo-breadcrumbs\"><span class=\"aioseo-breadcrumb\">\n\t\t\tHome\n\t\t<\/span><\/div>\n\n\n<h1 class=\"wp-block-heading has-text-align-left\"><span style=\"background-color:rgba(0, 0, 0, 0)\" class=\"has-inline-color has-neve-link-color-color\">Les ateliers vacances<\/span><\/h1>\n\n\n\n<p>Kertoon intervient \u00e9galement lors des Sports-Vacances, autre public, autre fa\u00e7on de travailler donc autres films<\/p>\n\n\n\n<figure class=\"wp-block-table is-style-stripes\"><table><tbody><tr><td class=\"has-text-align-center\" data-align=\"center\"><a href=\"https:\/\/kertoonstudio.fr\/index.php\/sport-vacances-ploermel\/\"><img loading=\"lazy\" decoding=\"async\" width=\"200\" height=\"200\" class=\"wp-image-1710\" style=\"width: 150px\" src=\"https:\/\/kertoonstudio.fr\/wp-content\/uploads\/2020\/06\/alsh-plo-vignette.jpg\" alt=\"\" srcset=\"https:\/\/kertoon.grouplive.net\/wp-content\/uploads\/2020\/06\/alsh-plo-vignette.jpg 200w, https:\/\/kertoon.grouplive.net\/wp-content\/uploads\/2020\/06\/alsh-plo-vignette-150x150.jpg 150w\" sizes=\"auto, (max-width: 200px) 100vw, 200px\" \/><\/a><br><a href=\"https:\/\/kertoonstudio.fr\/index.php\/sport-vacances-ploermel\/\">Plo\u00ebrmel<\/a><\/td><td class=\"has-text-align-center\" data-align=\"center\"><a href=\"https:\/\/kertoonstudio.fr\/index.php\/sports-vacances-josselin\/\"><img loading=\"lazy\" decoding=\"async\" width=\"200\" height=\"200\" class=\"wp-image-1381\" style=\"width: 150px\" src=\"https:\/\/kertoonstudio.fr\/wp-content\/uploads\/2020\/05\/josselin-loisirs.jpg\" alt=\"\" srcset=\"https:\/\/kertoon.grouplive.net\/wp-content\/uploads\/2020\/05\/josselin-loisirs.jpg 200w, https:\/\/kertoon.grouplive.net\/wp-content\/uploads\/2020\/05\/josselin-loisirs-150x150.jpg 150w\" sizes=\"auto, (max-width: 200px) 100vw, 200px\" \/><\/a><br><a href=\"https:\/\/kertoonstudio.fr\/index.php\/sports-vacances-josselin\/\">Josselin<\/a><\/td><td class=\"has-text-align-center\" data-align=\"center\"><a href=\"https:\/\/kertoonstudio.fr\/index.php\/sports-vacances-mauron\/\"><img loading=\"lazy\" decoding=\"async\" width=\"150\" height=\"150\" class=\"wp-image-5542\" style=\"width: 150px;\" src=\"https:\/\/kertoonstudio.fr\/wp-content\/uploads\/2021\/02\/epn-mauron.jpg\" alt=\"\" srcset=\"https:\/\/kertoon.grouplive.net\/wp-content\/uploads\/2021\/02\/epn-mauron.jpg 200w, https:\/\/kertoon.grouplive.net\/wp-content\/uploads\/2021\/02\/epn-mauron-150x150.jpg 150w\" sizes=\"auto, (max-width: 150px) 100vw, 150px\" \/><\/a><br><a href=\"https:\/\/kertoonstudio.fr\/index.php\/sports-vacances-mauron\/\">EPN Mauron<\/a><\/td><td class=\"has-text-align-center\" data-align=\"center\"><a href=\"https:\/\/kertoonstudio.fr\/index.php\/anime-ton-ete-porhoet\/\"><img loading=\"lazy\" decoding=\"async\" width=\"150\" height=\"150\" class=\"wp-image-6192\" style=\"width: 150px;\" src=\"https:\/\/kertoonstudio.fr\/wp-content\/uploads\/2021\/07\/trinite\u0301.jpg\" alt=\"\" srcset=\"https:\/\/kertoon.grouplive.net\/wp-content\/uploads\/2021\/07\/trinite\u0301.jpg 200w, https:\/\/kertoon.grouplive.net\/wp-content\/uploads\/2021\/07\/trinite\u0301-150x150.jpg 150w\" sizes=\"auto, (max-width: 150px) 100vw, 150px\" \/><\/a><br><a href=\"https:\/\/kertoonstudio.fr\/index.php\/anime-ton-ete-porhoet\/\">Le Porho\u00ebt<\/a><\/td><\/tr><tr><td class=\"has-text-align-center\" data-align=\"center\"><a href=\"https:\/\/kertoonstudio.fr\/index.php\/le-roc-st-andre\/\"><img loading=\"lazy\" decoding=\"async\" width=\"150\" height=\"150\" class=\"wp-image-6216\" style=\"width: 150px;\" src=\"https:\/\/kertoonstudio.fr\/wp-content\/uploads\/2021\/07\/vignette-roc.jpg\" alt=\"\" srcset=\"https:\/\/kertoon.grouplive.net\/wp-content\/uploads\/2021\/07\/vignette-roc.jpg 200w, https:\/\/kertoon.grouplive.net\/wp-content\/uploads\/2021\/07\/vignette-roc-150x150.jpg 150w\" sizes=\"auto, (max-width: 150px) 100vw, 150px\" \/><\/a><br><a href=\"https:\/\/kertoonstudio.fr\/index.php\/le-roc-st-andre\/\">Le Roc St Andr\u00e9<\/a><\/td><td class=\"has-text-align-center\" data-align=\"center\"><a href=\"https:\/\/kertoonstudio.fr\/index.php\/vacances-mauron\/\"><img loading=\"lazy\" decoding=\"async\" width=\"200\" height=\"127\" class=\"wp-image-9363\" style=\"width: 200px;\" src=\"https:\/\/kertoonstudio.fr\/wp-content\/uploads\/2023\/05\/mauron-sport.jpg\" alt=\"\" srcset=\"https:\/\/kertoon.grouplive.net\/wp-content\/uploads\/2023\/05\/mauron-sport.jpg 315w, https:\/\/kertoon.grouplive.net\/wp-content\/uploads\/2023\/05\/mauron-sport-300x190.jpg 300w\" sizes=\"auto, (max-width: 200px) 100vw, 200px\" \/><\/a><br><a href=\"https:\/\/kertoonstudio.fr\/index.php\/vacances-mauron\/\">Mauron<\/a><\/td><td class=\"has-text-align-center\" data-align=\"center\"><a href=\"https:\/\/kertoonstudio.fr\/index.php\/camp-roc-st-andre-2025\/\"><img loading=\"lazy\" decoding=\"async\" width=\"150\" height=\"150\" class=\"wp-image-10683\" style=\"width: 150px;\" src=\"https:\/\/kertoonstudio.fr\/wp-content\/uploads\/2025\/07\/roc-st-andre.jpg\" alt=\"\" srcset=\"https:\/\/kertoon.grouplive.net\/wp-content\/uploads\/2025\/07\/roc-st-andre.jpg 200w, https:\/\/kertoon.grouplive.net\/wp-content\/uploads\/2025\/07\/roc-st-andre-150x150.jpg 150w\" sizes=\"auto, (max-width: 150px) 100vw, 150px\" \/><\/a><br><a href=\"https:\/\/kertoonstudio.fr\/index.php\/camp-roc-st-andre-2025\/\">Roc St Andr\u00e9 2025<\/a><\/td><td class=\"has-text-align-center\" data-align=\"center\"><br><a href=\"https:\/\/kertoonstudio.fr\/index.php\/campeneac-2025-cinema\/\"><img loading=\"lazy\" decoding=\"async\" width=\"150\" height=\"150\" class=\"wp-image-10691\" style=\"width: 150px;\" src=\"https:\/\/kertoonstudio.fr\/wp-content\/uploads\/2025\/07\/vignette.jpg\" alt=\"\" srcset=\"https:\/\/kertoon.grouplive.net\/wp-content\/uploads\/2025\/07\/vignette.jpg 200w, https:\/\/kertoon.grouplive.net\/wp-content\/uploads\/2025\/07\/vignette-150x150.jpg 150w\" sizes=\"auto, (max-width: 150px) 100vw, 150px\" \/><\/a><br><a href=\"https:\/\/kertoonstudio.fr\/index.php\/campeneac-2025-cinema\/\">Campeneac 2025 <br>semaine cin\u00e9ma<\/a><\/td><\/tr><tr><td class=\"has-text-align-center\" data-align=\"center\"><a href=\"https:\/\/kertoonstudio.fr\/index.php\/loyat-cinema-2025\/\"><img loading=\"lazy\" decoding=\"async\" width=\"150\" height=\"150\" class=\"wp-image-10707\" style=\"width: 150px;\" src=\"https:\/\/kertoonstudio.fr\/wp-content\/uploads\/2025\/07\/vignette-1.jpg\" alt=\"\" srcset=\"https:\/\/kertoon.grouplive.net\/wp-content\/uploads\/2025\/07\/vignette-1.jpg 200w, https:\/\/kertoon.grouplive.net\/wp-content\/uploads\/2025\/07\/vignette-1-150x150.jpg 150w\" sizes=\"auto, (max-width: 150px) 100vw, 150px\" \/><\/a><br><a href=\"https:\/\/kertoonstudio.fr\/index.php\/loyat-cinema-2025\/\">Loyat Cin\u00e9ma 2025<\/a><\/td><td class=\"has-text-align-center\" data-align=\"center\"><a href=\"https:\/\/kertoonstudio.fr\/index.php\/familles-rurales-56\/\"><img loading=\"lazy\" decoding=\"async\" width=\"150\" height=\"150\" class=\"wp-image-10733\" style=\"width: 150px;\" src=\"https:\/\/kertoonstudio.fr\/wp-content\/uploads\/2025\/07\/famille-rurale.jpg\" alt=\"\" srcset=\"https:\/\/kertoon.grouplive.net\/wp-content\/uploads\/2025\/07\/famille-rurale.jpg 200w, https:\/\/kertoon.grouplive.net\/wp-content\/uploads\/2025\/07\/famille-rurale-150x150.jpg 150w\" sizes=\"auto, (max-width: 150px) 100vw, 150px\" \/><\/a><br><a href=\"https:\/\/kertoonstudio.fr\/index.php\/familles-rurales-56\/\">Familles rurales 56<\/a><\/td><td class=\"has-text-align-center\" data-align=\"center\"><\/td><td class=\"has-text-align-center\" data-align=\"center\"><\/td><\/tr><\/tbody><\/table><\/figure>\n\n\n\n<div style=\"height:100px\" aria-hidden=\"true\" class=\"wp-block-spacer\"><\/div>\n","protected":false},"excerpt":{"rendered":"<p>Les ateliers vacances Kertoon intervient \u00e9galement lors des Sports-Vacances, autre public, autre fa\u00e7on de travailler donc autres films Plo\u00ebrmel Josselin EPN Mauron Le Porho\u00ebt Le Roc St Andr\u00e9 Mauron Roc St Andr\u00e9 2025 Campeneac 2025 semaine cin\u00e9ma Loyat Cin\u00e9ma 2025 Familles rurales 56<\/p>\n","protected":false},"author":2,"featured_media":0,"parent":0,"menu_order":0,"comment_status":"closed","ping_status":"closed","template":"","meta":{"neve_meta_sidebar":"","neve_meta_container":"contained","neve_meta_enable_content_width":"on","neve_meta_content_width":80,"neve_meta_title_alignment":"","neve_meta_author_avatar":"","neve_post_elements_order":"","neve_meta_disable_header":"","neve_meta_disable_footer":"on","neve_meta_disable_title":"","footnotes":""},"class_list":["post-328","page","type-page","status-publish","hentry"],"aioseo_notices":[],"_links":{"self":[{"href":"https:\/\/kertoon.grouplive.net\/index.php\/wp-json\/wp\/v2\/pages\/328","targetHints":{"allow":["GET"]}}],"collection":[{"href":"https:\/\/kertoon.grouplive.net\/index.php\/wp-json\/wp\/v2\/pages"}],"about":[{"href":"https:\/\/kertoon.grouplive.net\/index.php\/wp-json\/wp\/v2\/types\/page"}],"author":[{"embeddable":true,"href":"https:\/\/kertoon.grouplive.net\/index.php\/wp-json\/wp\/v2\/users\/2"}],"replies":[{"embeddable":true,"href":"https:\/\/kertoon.grouplive.net\/index.php\/wp-json\/wp\/v2\/comments?post=328"}],"version-history":[{"count":29,"href":"https:\/\/kertoon.grouplive.net\/index.php\/wp-json\/wp\/v2\/pages\/328\/revisions"}],"predecessor-version":[{"id":20506,"href":"https:\/\/kertoon.grouplive.net\/index.php\/wp-json\/wp\/v2\/pages\/328\/revisions\/20506"}],"wp:attachment":[{"href":"https:\/\/kertoon.grouplive.net\/index.php\/wp-json\/wp\/v2\/media?parent=328"}],"curies":[{"name":"wp","href":"https:\/\/api.w.org\/{rel}","templated":true}]}}