{"id":3494,"date":"2020-11-20T09:45:30","date_gmt":"2020-11-20T08:45:30","guid":{"rendered":"https:\/\/kertoonstudio.fr\/?page_id=3494"},"modified":"2021-07-13T03:03:52","modified_gmt":"2021-07-13T01:03:52","slug":"et","status":"publish","type":"page","link":"https:\/\/kertoon.grouplive.net\/index.php\/et\/","title":{"rendered":"\u00c0 propos"},"content":{"rendered":"\n<figure class=\"wp-block-image size-large\"><img loading=\"lazy\" decoding=\"async\" width=\"1024\" height=\"334\" src=\"https:\/\/kertoonstudio.fr\/wp-content\/uploads\/2021\/02\/bandeau-a-propos-1024x334.jpg\" alt=\"\" class=\"wp-image-5150\" srcset=\"https:\/\/kertoon.grouplive.net\/wp-content\/uploads\/2021\/02\/bandeau-a-propos-1024x334.jpg 1024w, https:\/\/kertoon.grouplive.net\/wp-content\/uploads\/2021\/02\/bandeau-a-propos-300x98.jpg 300w, https:\/\/kertoon.grouplive.net\/wp-content\/uploads\/2021\/02\/bandeau-a-propos-768x251.jpg 768w, https:\/\/kertoon.grouplive.net\/wp-content\/uploads\/2021\/02\/bandeau-a-propos-1536x502.jpg 1536w, https:\/\/kertoon.grouplive.net\/wp-content\/uploads\/2021\/02\/bandeau-a-propos-2048x669.jpg 2048w\" sizes=\"auto, (max-width: 1024px) 100vw, 1024px\" \/><\/figure>\n\n\n\n<h1 class=\"wp-block-heading\">\u00c0 propos<\/h1>\n\n\n\n<div class=\"wp-block-media-text alignwide is-stacked-on-mobile\" style=\"grid-template-columns:17% auto\"><figure class=\"wp-block-media-text__media\"><img loading=\"lazy\" decoding=\"async\" width=\"289\" height=\"362\" src=\"https:\/\/kertoonstudio.fr\/wp-content\/uploads\/2021\/03\/Logo-noir.png\" alt=\"\" class=\"wp-image-5625 size-full\" srcset=\"https:\/\/kertoon.grouplive.net\/wp-content\/uploads\/2021\/03\/Logo-noir.png 289w, https:\/\/kertoon.grouplive.net\/wp-content\/uploads\/2021\/03\/Logo-noir-240x300.png 240w\" sizes=\"auto, (max-width: 289px) 100vw, 289px\" \/><\/figure><div class=\"wp-block-media-text__content\">\n<p style=\"font-size:26px\">KERTOON STUDIO est un atelier vid\u00e9o-multim\u00e9dia \u00e0 destination de tous les publics. Cr\u00e9e en 1995 \u00e0 Plo\u00ebrmel, nous r\u00e9alisons des sketchs au format Youtube, des longs m\u00e9trages, des courts m\u00e9trages et des films d\u2019animation<\/p>\n\n\n\n<ul class=\"wp-block-list\"><li><strong>Cr\u00e9ation :&nbsp; 1995<\/strong><\/li><\/ul>\n\n\n\n<ul class=\"wp-block-list\"><li><strong>Statut : <\/strong><strong>Atelier du Centre Culturel de Plo\u00ebrmel Communaut\u00e9<\/strong><\/li><\/ul>\n\n\n\n<ul class=\"wp-block-list\"><li><strong>Effectif : 80 adh\u00e9rents\/an.&nbsp; Pr\u00e8s de 1500 \u00e9l\u00e8ves d\u2019\u00e9coles primaires, coll\u00e8ges et lyc\u00e9es<\/strong><\/li><\/ul>\n\n\n\n<ul class=\"wp-block-list\"><li><strong>R\u00e9alisations : 4 long-m\u00e9trage, 1 s\u00e9rie et plus de 2000 sketchs en atelier et pr\u00e8s de 3000 dans les \u00e9coles<\/strong><\/li><\/ul>\n\n\n\n<p class=\"has-background\" style=\"background-color:#ffe27a\"><strong>Le concept est parti d\u2019une volont\u00e9 de cr\u00e9er un lieu dans lequel les adh\u00e9rents seraient \u00ab&nbsp;des touche-\u00e0-tout&nbsp;\u00bb de l\u2019univers multim\u00e9dia et tout ce qui tourne autour de l\u2019image.<\/strong><\/p>\n\n\n\n<p class=\"has-background\" style=\"background-color:#ffe27a\"><strong>L\u2019origine du mot KERTOON : Un adolescent de l\u2019atelier, bretonnant \u00e0 trouv\u00e9 ce nom.&nbsp;<\/strong><\/p>\n\n\n\n<p class=\"has-background\" style=\"background-color:#ffe27a\"><strong>KER qui veut dire \u00ab&nbsp;chez&nbsp;\u00bb en Breton et les TOON sont des personnages dessin\u00e9s. Il faut savoir qu\u2019au d\u00e9part, l\u2019atelier avait d\u00e9but\u00e9 sur la BD et le dessin anim\u00e9<\/strong><\/p>\n<\/div><\/div>\n\n\n\n<div class=\"wp-block-media-text alignwide is-stacked-on-mobile\" style=\"grid-template-columns:21% auto\"><figure class=\"wp-block-media-text__media\"><img decoding=\"async\" src=\"https:\/\/kertoonstudio.fr\/wp-content\/uploads\/2021\/02\/2018-07-18-16.45.18-1024x768.jpg\" alt=\"\" class=\"wp-image-5389 size-full\"\/><\/figure><div class=\"wp-block-media-text__content\">\n<p><em>LA PHILOSOPHIE DE L\u2019ATELIER EST SIMPLE, DONNER L\u2019OPPORTUNIT\u00c9 AUX JEUNES DE PLO\u00cbRMEL COMMUNAUT\u00c9 D\u2019APPRENDRE \u00c0 SE SERVIR DES NOUVELLES TECHNOLOGIES QUI NOUS ENTOURENT, LES FORMER TR\u00c8S JEUNES \u00c0 LA R\u00c9ALISATION D\u2019UN FILM.<\/em><\/p>\n\n\n\n<p><em>DEPUIS 25 ANS NOUS AVONS VU NOMBRE DE NOS ADH\u00c9RENTS EXCELLER AU NIVEAU PROFESSIONNEL DANS DES DISCIPLINES QU\u2019ILS ONT PU PRATIQUER \u00c0 KERTOON OU DANS LES \u00c9COLES<\/em><\/p>\n<\/div><\/div>\n\n\n\n<div class=\"wp-block-media-text alignwide is-stacked-on-mobile\" style=\"grid-template-columns:24% auto\"><figure class=\"wp-block-media-text__media\"><img decoding=\"async\" src=\"https:\/\/kertoonstudio.fr\/wp-content\/uploads\/2021\/02\/ecole-2.jpg\" alt=\"\" class=\"wp-image-5390 size-full\"\/><\/figure><div class=\"wp-block-media-text__content\">\n<p><\/p>\n\n\n\n<p><strong>KERTOON DANS LES \u00c9COLES<\/strong><\/p>\n\n\n\n<p>V\u00e9ritables viviers de talent, les \u00e9coles nous am\u00e8nent depuis pr\u00e8s de 20 ans, de nombreuses surprises, en effet 90 % des adh\u00e9rents de Kertoon sont issus des interventions scolaires.<\/p>\n\n\n\n<p>Avec une vingtaine d\u2019\u00e9tablissements par an, les rencontres sont passionnantes mais il n\u2019est pas question de s\u00e9lection, la curiosit\u00e9, la d\u00e9couverte et le loisir font partie int\u00e9grante de la philosophie de l\u2019atelier.<\/p>\n<\/div><\/div>\n\n\n\n<div class=\"wp-block-media-text alignwide has-media-on-the-right is-stacked-on-mobile\" style=\"grid-template-columns:auto 31%\"><figure class=\"wp-block-media-text__media\"><img decoding=\"async\" src=\"https:\/\/kertoonstudio.fr\/wp-content\/uploads\/2021\/02\/steady.jpg\" alt=\"\" class=\"wp-image-5391 size-full\"\/><\/figure><div class=\"wp-block-media-text__content\">\n<p><\/p>\n\n\n\n<p><strong>KERTOON&#8230; UN PETIT LABORATOIRE<\/strong><\/p>\n\n\n\n<p><strong><em>Depuis 25 ans,&nbsp; Kertoon ne se repose jamais sur ses acquis, tous les jeunes qui fr\u00e9quentent l\u2019atelier, explorent, d\u00e9couvrent et osent. Des \u00e9coles \u00e0 l\u2019atelier, tous nos projets sont des exp\u00e9riences mais qui, depuis toute ces ann\u00e9es, ont apport\u00e9 \u00e9norm\u00e9ment \u00e0 cette jeunesse de Plo\u00ebrmel Communaut\u00e9.<\/em><\/strong><\/p>\n\n\n\n<p><strong><em>C\u2019est tr\u00e8s appr\u00e9ciable de voir \u00e0 quel point tout les rend cr\u00e9atifs et forces de propositions. \u00a0<\/em><\/strong><\/p>\n\n\n\n<p><strong><em>C\u2019est certainement pour cette raison que l\u2019atelier dure depuis si longtemps\u2026<\/em><\/strong><\/p>\n<\/div><\/div>\n\n\n\n<div style=\"height:100px\" aria-hidden=\"true\" class=\"wp-block-spacer\"><\/div>\n","protected":false},"excerpt":{"rendered":"<p>\u00c0 propos KERTOON STUDIO est un atelier vid\u00e9o-multim\u00e9dia \u00e0 destination de tous les publics. Cr\u00e9e en 1995 \u00e0 Plo\u00ebrmel, nous r\u00e9alisons des sketchs au format Youtube, des longs m\u00e9trages, des courts m\u00e9trages et des films d\u2019animation Cr\u00e9ation :&nbsp; 1995 Statut : Atelier du Centre Culturel de Plo\u00ebrmel Communaut\u00e9 Effectif : 80 adh\u00e9rents\/an.&nbsp; Pr\u00e8s de 1500&hellip;&nbsp;<a href=\"https:\/\/kertoon.grouplive.net\/index.php\/et\/\" rel=\"bookmark\">Lire la suite &raquo;<span class=\"screen-reader-text\">\u00c0 propos<\/span><\/a><\/p>\n","protected":false},"author":2,"featured_media":0,"parent":0,"menu_order":0,"comment_status":"closed","ping_status":"closed","template":"","meta":{"neve_meta_sidebar":"default","neve_meta_container":"","neve_meta_enable_content_width":"off","neve_meta_content_width":100,"neve_meta_title_alignment":"","neve_meta_author_avatar":"","neve_post_elements_order":"","neve_meta_disable_header":"","neve_meta_disable_footer":"","neve_meta_disable_title":"","footnotes":""},"class_list":["post-3494","page","type-page","status-publish","hentry"],"aioseo_notices":[],"_links":{"self":[{"href":"https:\/\/kertoon.grouplive.net\/index.php\/wp-json\/wp\/v2\/pages\/3494","targetHints":{"allow":["GET"]}}],"collection":[{"href":"https:\/\/kertoon.grouplive.net\/index.php\/wp-json\/wp\/v2\/pages"}],"about":[{"href":"https:\/\/kertoon.grouplive.net\/index.php\/wp-json\/wp\/v2\/types\/page"}],"author":[{"embeddable":true,"href":"https:\/\/kertoon.grouplive.net\/index.php\/wp-json\/wp\/v2\/users\/2"}],"replies":[{"embeddable":true,"href":"https:\/\/kertoon.grouplive.net\/index.php\/wp-json\/wp\/v2\/comments?post=3494"}],"version-history":[{"count":7,"href":"https:\/\/kertoon.grouplive.net\/index.php\/wp-json\/wp\/v2\/pages\/3494\/revisions"}],"predecessor-version":[{"id":6168,"href":"https:\/\/kertoon.grouplive.net\/index.php\/wp-json\/wp\/v2\/pages\/3494\/revisions\/6168"}],"wp:attachment":[{"href":"https:\/\/kertoon.grouplive.net\/index.php\/wp-json\/wp\/v2\/media?parent=3494"}],"curies":[{"name":"wp","href":"https:\/\/api.w.org\/{rel}","templated":true}]}}