{"id":4237,"date":"2020-12-12T04:36:30","date_gmt":"2020-12-12T03:36:30","guid":{"rendered":"https:\/\/kertoonstudio.fr\/?page_id=4237"},"modified":"2023-10-25T01:55:14","modified_gmt":"2023-10-24T23:55:14","slug":"nos-partenaires","status":"publish","type":"page","link":"https:\/\/kertoon.grouplive.net\/index.php\/et\/nos-partenaires\/","title":{"rendered":"Plo\u00ebrmel Communaut\u00e9"},"content":{"rendered":"\n<figure class=\"wp-block-image size-large\"><img loading=\"lazy\" decoding=\"async\" width=\"1024\" height=\"334\" src=\"https:\/\/kertoonstudio.fr\/wp-content\/uploads\/2021\/02\/bandeau-toile-1024x334.jpg\" alt=\"\" class=\"wp-image-5148\" srcset=\"https:\/\/kertoon.grouplive.net\/wp-content\/uploads\/2021\/02\/bandeau-toile-1024x334.jpg 1024w, https:\/\/kertoon.grouplive.net\/wp-content\/uploads\/2021\/02\/bandeau-toile-300x98.jpg 300w, https:\/\/kertoon.grouplive.net\/wp-content\/uploads\/2021\/02\/bandeau-toile-768x251.jpg 768w, https:\/\/kertoon.grouplive.net\/wp-content\/uploads\/2021\/02\/bandeau-toile-1536x502.jpg 1536w, https:\/\/kertoon.grouplive.net\/wp-content\/uploads\/2021\/02\/bandeau-toile-2048x669.jpg 2048w\" sizes=\"auto, (max-width: 1024px) 100vw, 1024px\" \/><\/figure>\n\n\n\n<h3 class=\"wp-block-heading\">Tous nos projets ne se font pas sans des partenaires et des gens motiv\u00e9s alors une petite liste de nos anges gardiens<\/h3>\n\n\n\n<h1 class=\"wp-block-heading\">PLO\u00cbRMEL COMMUNAUT\u00c9<\/h1>\n\n\n\n<h2 class=\"wp-block-heading\">Kertoon Studio est une activit\u00e9 mise en place, financ\u00e9e et soutenue par Plo\u00ebrmel Communaut\u00e9<\/h2>\n\n\n\n<div class=\"wp-block-media-text alignwide is-stacked-on-mobile\" style=\"grid-template-columns:25% auto\"><figure class=\"wp-block-media-text__media\"><img loading=\"lazy\" decoding=\"async\" width=\"1024\" height=\"700\" src=\"https:\/\/kertoonstudio.fr\/wp-content\/uploads\/2021\/03\/Logo-Ploe\u0308rmel-Communaute\u0301-De\u0301f.-V_Q-1024x700.png\" alt=\"\" class=\"wp-image-5623 size-full\" srcset=\"https:\/\/kertoon.grouplive.net\/wp-content\/uploads\/2021\/03\/Logo-Ploe\u0308rmel-Communaute\u0301-De\u0301f.-V_Q-1024x700.png 1024w, https:\/\/kertoon.grouplive.net\/wp-content\/uploads\/2021\/03\/Logo-Ploe\u0308rmel-Communaute\u0301-De\u0301f.-V_Q-300x205.png 300w, https:\/\/kertoon.grouplive.net\/wp-content\/uploads\/2021\/03\/Logo-Ploe\u0308rmel-Communaute\u0301-De\u0301f.-V_Q-768x525.png 768w, https:\/\/kertoon.grouplive.net\/wp-content\/uploads\/2021\/03\/Logo-Ploe\u0308rmel-Communaute\u0301-De\u0301f.-V_Q-1536x1050.png 1536w, https:\/\/kertoon.grouplive.net\/wp-content\/uploads\/2021\/03\/Logo-Ploe\u0308rmel-Communaute\u0301-De\u0301f.-V_Q-2048x1400.png 2048w\" sizes=\"auto, (max-width: 1024px) 100vw, 1024px\" \/><\/figure><div class=\"wp-block-media-text__content\">\n<blockquote class=\"wp-block-quote is-layout-flow wp-block-quote-is-layout-flow\">\n<p><a href=\"https:\/\/www.ploermel.bzh\/\">Plo\u00ebrmel Communaut\u00e9<\/a> est port\u00e9e depuis 2017 par une identit\u00e9 et des valeurs fortes et f\u00e9d\u00e9ratrices sur l&rsquo;ensemble de notre territoire. C&rsquo;est riche de sa dimension humaine mais aussi naturelle, que Plo\u00ebrmel Communaut\u00e9 continue aujourd&rsquo;hui son d\u00e9veloppement. Gr\u00e2ce \u00e0 la coop\u00e9ration des 30 communes membres et la mutualisation des ressources \u00e0 l&rsquo;\u00e9chelle de la Communaut\u00e9 de Communes, nous cr\u00e9ons les bases essentielles de notre coh\u00e9sion territoriale pour aller ensemble dans une direction commune. Dynamisme, audace, nature, tradition et modernit\u00e9 sont ainsi les atouts qui nous d\u00e9finissent au quotidien.<\/p>\n<\/blockquote>\n<\/div><\/div>\n\n\n\n<div class=\"wp-block-media-text alignwide is-stacked-on-mobile\" style=\"grid-template-columns:48% auto\"><figure class=\"wp-block-media-text__media\"><img decoding=\"async\" src=\"https:\/\/kertoonstudio.fr\/wp-content\/uploads\/2021\/02\/vignette-pel.jpg\" alt=\"\" class=\"wp-image-5320 size-full\"\/><\/figure><div class=\"wp-block-media-text__content\">\n<p>Dans les \u00e9coles, des activit\u00e9s sont g\u00e9r\u00e9es par Plo\u00ebrmel Communaut\u00e9 dans le cadre du&nbsp;<strong>PEL &#8211; Projet \u00c9ducatif Local<\/strong>. <\/p>\n\n\n\n<h2 class=\"wp-block-heading\">Les activit\u00e9s p\u00e9riscolaires<\/h2>\n\n\n\n<p>Plo\u00ebrmel Communaut\u00e9 met en oeuvre des ateliers p\u00e9riscolaires sur le temps du midi. Ces ateliers, gratuits, sont organis\u00e9s pour des groupes d\u00a0\u00bb enfants encadr\u00e9s par des animateurs. Ces ateliers permettent aux enfants de d\u00e9couvrir de multiples activit\u00e9s (relaxation, motricit\u00e9, activit\u00e9s manuelles, vid\u00e9os etc.) et d\u2019\u00e9changer en petits groupes.<br>Les inscriptions ont lieu en septembre et en janvier par le biais d\u2019un document distribu\u00e9 aux enfants. Les listes des groupes constitu\u00e9s, sont affich\u00e9es avant chaque p\u00e9riode.<\/p>\n<\/div><\/div>\n\n\n\n<div style=\"height:100px\" aria-hidden=\"true\" class=\"wp-block-spacer\"><\/div>\n","protected":false},"excerpt":{"rendered":"<p>Tous nos projets ne se font pas sans des partenaires et des gens motiv\u00e9s alors une petite liste de nos anges gardiens PLO\u00cbRMEL COMMUNAUT\u00c9 Kertoon Studio est une activit\u00e9 mise en place, financ\u00e9e et soutenue par Plo\u00ebrmel Communaut\u00e9 Dans les \u00e9coles, des activit\u00e9s sont g\u00e9r\u00e9es par Plo\u00ebrmel Communaut\u00e9 dans le cadre du&nbsp;PEL &#8211; Projet \u00c9ducatif&hellip;&nbsp;<a href=\"https:\/\/kertoon.grouplive.net\/index.php\/et\/nos-partenaires\/\" rel=\"bookmark\">Lire la suite &raquo;<span class=\"screen-reader-text\">Plo\u00ebrmel Communaut\u00e9<\/span><\/a><\/p>\n","protected":false},"author":2,"featured_media":0,"parent":3494,"menu_order":0,"comment_status":"closed","ping_status":"closed","template":"","meta":{"neve_meta_sidebar":"default","neve_meta_container":"","neve_meta_enable_content_width":"on","neve_meta_content_width":90,"neve_meta_title_alignment":"","neve_meta_author_avatar":"","neve_post_elements_order":"","neve_meta_disable_header":"","neve_meta_disable_footer":"","neve_meta_disable_title":"","footnotes":""},"class_list":["post-4237","page","type-page","status-publish","hentry"],"aioseo_notices":[],"_links":{"self":[{"href":"https:\/\/kertoon.grouplive.net\/index.php\/wp-json\/wp\/v2\/pages\/4237","targetHints":{"allow":["GET"]}}],"collection":[{"href":"https:\/\/kertoon.grouplive.net\/index.php\/wp-json\/wp\/v2\/pages"}],"about":[{"href":"https:\/\/kertoon.grouplive.net\/index.php\/wp-json\/wp\/v2\/types\/page"}],"author":[{"embeddable":true,"href":"https:\/\/kertoon.grouplive.net\/index.php\/wp-json\/wp\/v2\/users\/2"}],"replies":[{"embeddable":true,"href":"https:\/\/kertoon.grouplive.net\/index.php\/wp-json\/wp\/v2\/comments?post=4237"}],"version-history":[{"count":14,"href":"https:\/\/kertoon.grouplive.net\/index.php\/wp-json\/wp\/v2\/pages\/4237\/revisions"}],"predecessor-version":[{"id":9641,"href":"https:\/\/kertoon.grouplive.net\/index.php\/wp-json\/wp\/v2\/pages\/4237\/revisions\/9641"}],"up":[{"embeddable":true,"href":"https:\/\/kertoon.grouplive.net\/index.php\/wp-json\/wp\/v2\/pages\/3494"}],"wp:attachment":[{"href":"https:\/\/kertoon.grouplive.net\/index.php\/wp-json\/wp\/v2\/media?parent=4237"}],"curies":[{"name":"wp","href":"https:\/\/api.w.org\/{rel}","templated":true}]}}