{"id":5203,"date":"2021-02-05T22:52:48","date_gmt":"2021-02-05T21:52:48","guid":{"rendered":"https:\/\/kertoonstudio.fr\/?page_id=5203"},"modified":"2025-10-15T23:05:10","modified_gmt":"2025-10-15T21:05:10","slug":"jeux-a-themes","status":"publish","type":"page","link":"https:\/\/kertoon.grouplive.net\/index.php\/la-vie-a-kertoon\/jeux-a-themes\/","title":{"rendered":"Exercices \u00e0 th\u00e8mes"},"content":{"rendered":"<div class=\"aioseo-breadcrumbs\"><span class=\"aioseo-breadcrumb\">\n\t\t\tHome\n\t\t<\/span><\/div>\n\n\n<figure class=\"wp-block-image size-large is-resized\"><img loading=\"lazy\" decoding=\"async\" width=\"1024\" height=\"334\" src=\"https:\/\/kertoonstudio.fr\/wp-content\/uploads\/2021\/02\/bandeau-loulou-1024x334.jpg\" alt=\"\" class=\"wp-image-5219\" style=\"width:1209px;height:auto\" srcset=\"https:\/\/kertoon.grouplive.net\/wp-content\/uploads\/2021\/02\/bandeau-loulou-1024x334.jpg 1024w, https:\/\/kertoon.grouplive.net\/wp-content\/uploads\/2021\/02\/bandeau-loulou-300x98.jpg 300w, https:\/\/kertoon.grouplive.net\/wp-content\/uploads\/2021\/02\/bandeau-loulou-768x251.jpg 768w, https:\/\/kertoon.grouplive.net\/wp-content\/uploads\/2021\/02\/bandeau-loulou-1536x502.jpg 1536w, https:\/\/kertoon.grouplive.net\/wp-content\/uploads\/2021\/02\/bandeau-loulou-2048x669.jpg 2048w\" sizes=\"auto, (max-width: 1024px) 100vw, 1024px\" \/><\/figure>\n\n\n\n<div class=\"wp-block-columns is-layout-flex wp-container-core-columns-is-layout-9d6595d7 wp-block-columns-is-layout-flex\">\n<div class=\"wp-block-column is-layout-flow wp-block-column-is-layout-flow\" style=\"flex-basis:100%\">\n<h1 class=\"wp-block-heading\">EXERCICES \u00c0 TH\u00c8MES<\/h1>\n\n\n\n<h2 class=\"wp-block-heading\">Apr\u00e8s les r\u00e9p\u00e9titions, c&rsquo;est l&rsquo;heure du d\u00e9fi. Prendre un th\u00e8me pendant une semaine, l&rsquo;imposer \u00e0 toutes les \u00e9quipes et donner libre court \u00e0 l&rsquo;imagination de chaque groupe&#8230; Voila le jeu<\/h2>\n<\/div>\n<\/div>\n\n\n\n<figure class=\"wp-block-table is-style-stripes\"><table class=\"has-fixed-layout\"><tbody><tr><td class=\"has-text-align-center\" data-align=\"center\"><a href=\"https:\/\/kertoonstudio.fr\/?page_id=6500\"><img decoding=\"async\" class=\"wp-image-6350\" style=\"width: 150px;\" src=\"https:\/\/kertoonstudio.fr\/wp-content\/uploads\/2021\/09\/anais.jpg\" alt=\"\"><img loading=\"lazy\" decoding=\"async\" width=\"150\" height=\"150\" class=\"wp-image-10843\" style=\"width: 150px;\" src=\"https:\/\/kertoonstudio.fr\/wp-content\/uploads\/2025\/08\/roziz-en-tournage.jpg\" alt=\"\" srcset=\"https:\/\/kertoon.grouplive.net\/wp-content\/uploads\/2025\/08\/roziz-en-tournage.jpg 200w, https:\/\/kertoon.grouplive.net\/wp-content\/uploads\/2025\/08\/roziz-en-tournage-150x150.jpg 150w\" sizes=\"auto, (max-width: 150px) 100vw, 150px\" \/><\/a><br><a href=\"https:\/\/kertoonstudio.fr\/?page_id=6500\">PRESIDENTE STORY<\/a><\/td><td class=\"has-text-align-center\" data-align=\"center\"><a href=\"https:\/\/kertoonstudio.fr\/index.php\/le-coffre\/\"><img loading=\"lazy\" decoding=\"async\" width=\"150\" height=\"150\" class=\"wp-image-10826\" style=\"width: 150px;\" src=\"https:\/\/kertoonstudio.fr\/wp-content\/uploads\/2025\/08\/coffre.jpg\" alt=\"\" srcset=\"https:\/\/kertoon.grouplive.net\/wp-content\/uploads\/2025\/08\/coffre.jpg 200w, https:\/\/kertoon.grouplive.net\/wp-content\/uploads\/2025\/08\/coffre-150x150.jpg 150w\" sizes=\"auto, (max-width: 150px) 100vw, 150px\" \/><\/a><br><a href=\"https:\/\/kertoonstudio.fr\/index.php\/le-coffre\/\">LE COFFRE<\/a><\/td><td class=\"has-text-align-center\" data-align=\"center\"><a href=\"https:\/\/kertoonstudio.fr\/index.php\/la-soiree\/\"><img loading=\"lazy\" decoding=\"async\" width=\"150\" height=\"150\" class=\"wp-image-10824\" style=\"width: 150px;\" src=\"https:\/\/kertoonstudio.fr\/wp-content\/uploads\/2025\/08\/boum2.jpg\" alt=\"\" srcset=\"https:\/\/kertoon.grouplive.net\/wp-content\/uploads\/2025\/08\/boum2.jpg 200w, https:\/\/kertoon.grouplive.net\/wp-content\/uploads\/2025\/08\/boum2-150x150.jpg 150w\" sizes=\"auto, (max-width: 150px) 100vw, 150px\" \/><\/a><br><a href=\"https:\/\/kertoonstudio.fr\/index.php\/la-soiree\/\">LA SOIR\u00c9E<\/a><br><\/td><td class=\"has-text-align-center\" data-align=\"center\"><a href=\"https:\/\/kertoonstudio.fr\/index.php\/la-kertoon-space\/\"><img decoding=\"async\" class=\"wp-image-9926\" style=\"width: 150px;\" src=\"https:\/\/kertoonstudio.fr\/wp-content\/uploads\/2024\/01\/kspace.jpeg\" alt=\"\"><\/a><a href=\"https:\/\/kertoonstudio.fr\/index.php\/la-kertoon-space\/\" title=\"\"><img loading=\"lazy\" decoding=\"async\" width=\"150\" height=\"150\" class=\"wp-image-20043\" style=\"width: 150px;\" src=\"https:\/\/kertoonstudio.fr\/wp-content\/uploads\/2025\/09\/ks2.jpg\" alt=\"\" srcset=\"https:\/\/kertoon.grouplive.net\/wp-content\/uploads\/2025\/09\/ks2.jpg 200w, https:\/\/kertoon.grouplive.net\/wp-content\/uploads\/2025\/09\/ks2-150x150.jpg 150w\" sizes=\"auto, (max-width: 150px) 100vw, 150px\" \/><\/a><br><a href=\"https:\/\/kertoonstudio.fr\/index.php\/la-kertoon-space\/\">KERTOON SPACE<\/a><\/td><td class=\"has-text-align-center\" data-align=\"center\"><a href=\"https:\/\/kertoonstudio.fr\/index.php\/biscotte\/\"><img loading=\"lazy\" decoding=\"async\" width=\"150\" height=\"150\" class=\"wp-image-10822\" style=\"width: 150px;\" src=\"https:\/\/kertoonstudio.fr\/wp-content\/uploads\/2025\/08\/biscotte.jpg\" alt=\"\" srcset=\"https:\/\/kertoon.grouplive.net\/wp-content\/uploads\/2025\/08\/biscotte.jpg 200w, https:\/\/kertoon.grouplive.net\/wp-content\/uploads\/2025\/08\/biscotte-150x150.jpg 150w\" sizes=\"auto, (max-width: 150px) 100vw, 150px\" \/><\/a><br><a href=\"https:\/\/kertoonstudio.fr\/index.php\/biscotte\/\">\u00ab\u00a0BISCOTTE<\/a>\u00ab\u00a0<\/td><\/tr><tr><td class=\"has-text-align-center\" data-align=\"center\"><a href=\"https:\/\/kertoonstudio.fr\/index.php\/a-chacun-son-delire\/\" title=\"\"><img loading=\"lazy\" decoding=\"async\" width=\"150\" height=\"150\" class=\"wp-image-20117\" style=\"width: 150px;\" src=\"https:\/\/kertoonstudio.fr\/wp-content\/uploads\/2025\/09\/impro.jpeg\" alt=\"\" srcset=\"https:\/\/kertoon.grouplive.net\/wp-content\/uploads\/2025\/09\/impro.jpeg 200w, https:\/\/kertoon.grouplive.net\/wp-content\/uploads\/2025\/09\/impro-150x150.jpeg 150w\" sizes=\"auto, (max-width: 150px) 100vw, 150px\" \/><\/a><br><a href=\"https:\/\/kertoonstudio.fr\/index.php\/a-chacun-son-delire\/\">IMPRO ACADEMY<\/a><\/td><td class=\"has-text-align-center\" data-align=\"center\"><a href=\"https:\/\/kertoonstudio.fr\/index.php\/nos-infos__trashed\/la-minute-hype\/\"><img loading=\"lazy\" decoding=\"async\" width=\"150\" height=\"150\" class=\"wp-image-10847\" style=\"width: 150px;\" src=\"https:\/\/kertoonstudio.fr\/wp-content\/uploads\/2025\/08\/vip.jpg\" alt=\"\" srcset=\"https:\/\/kertoon.grouplive.net\/wp-content\/uploads\/2025\/08\/vip.jpg 200w, https:\/\/kertoon.grouplive.net\/wp-content\/uploads\/2025\/08\/vip-150x150.jpg 150w\" sizes=\"auto, (max-width: 150px) 100vw, 150px\" \/><\/a><br><a href=\"https:\/\/kertoonstudio.fr\/index.php\/nos-infos__trashed\/la-minute-hype\/\">INSTANT  VIP\u00a0\u00bb<\/a><\/td><td class=\"has-text-align-center\" data-align=\"center\"><a href=\"https:\/\/kertoonstudio.fr\/index.php\/la-vie-a-kertoon\/adalbert\/\"><img loading=\"lazy\" decoding=\"async\" width=\"150\" height=\"150\" class=\"wp-image-10831\" style=\"width: 150px;\" src=\"https:\/\/kertoonstudio.fr\/wp-content\/uploads\/2025\/08\/adalbert.jpg\" alt=\"\" srcset=\"https:\/\/kertoon.grouplive.net\/wp-content\/uploads\/2025\/08\/adalbert.jpg 200w, https:\/\/kertoon.grouplive.net\/wp-content\/uploads\/2025\/08\/adalbert-150x150.jpg 150w\" sizes=\"auto, (max-width: 150px) 100vw, 150px\" \/><\/a><br><a href=\"https:\/\/kertoonstudio.fr\/index.php\/la-vie-a-kertoon\/adalbert\/\">ADALBERT<\/a><\/td><td class=\"has-text-align-center\" data-align=\"center\"><a href=\"https:\/\/kertoonstudio.fr\/index.php\/au-ptit-coin\/\"><img loading=\"lazy\" decoding=\"async\" width=\"150\" height=\"150\" class=\"wp-image-10834\" style=\"width: 150px;\" src=\"https:\/\/kertoonstudio.fr\/wp-content\/uploads\/2025\/08\/ptit-coin.jpg\" alt=\"\" srcset=\"https:\/\/kertoon.grouplive.net\/wp-content\/uploads\/2025\/08\/ptit-coin.jpg 200w, https:\/\/kertoon.grouplive.net\/wp-content\/uploads\/2025\/08\/ptit-coin-150x150.jpg 150w\" sizes=\"auto, (max-width: 150px) 100vw, 150px\" \/><\/a><br><a href=\"https:\/\/kertoonstudio.fr\/index.php\/au-ptit-coin\/\">AU P&rsquo;TIT COIN<\/a><\/td><td class=\"has-text-align-center\" data-align=\"center\"><\/td><\/tr><tr><td class=\"has-text-align-center\" data-align=\"center\"><\/td><td class=\"has-text-align-center\" data-align=\"center\"><\/td><td class=\"has-text-align-center\" data-align=\"center\"><\/td><td class=\"has-text-align-center\" data-align=\"center\"><\/td><td class=\"has-text-align-center\" data-align=\"center\"><\/td><\/tr><\/tbody><\/table><\/figure>\n\n\n\n<div style=\"height:100px\" aria-hidden=\"true\" class=\"wp-block-spacer\"><\/div>\n","protected":false},"excerpt":{"rendered":"<p>EXERCICES \u00c0 TH\u00c8MES Apr\u00e8s les r\u00e9p\u00e9titions, c&rsquo;est l&rsquo;heure du d\u00e9fi. Prendre un th\u00e8me pendant une semaine, l&rsquo;imposer \u00e0 toutes les \u00e9quipes et donner libre court \u00e0 l&rsquo;imagination de chaque groupe&#8230; Voila le jeu PRESIDENTE STORY LE COFFRE LA SOIR\u00c9E KERTOON SPACE \u00ab\u00a0BISCOTTE\u00ab\u00a0 IMPRO ACADEMY INSTANT VIP\u00a0\u00bb ADALBERT AU P&rsquo;TIT COIN<\/p>\n","protected":false},"author":3,"featured_media":0,"parent":1138,"menu_order":0,"comment_status":"closed","ping_status":"closed","template":"","meta":{"neve_meta_sidebar":"default","neve_meta_container":"contained","neve_meta_enable_content_width":"on","neve_meta_content_width":90,"neve_meta_title_alignment":"","neve_meta_author_avatar":"","neve_post_elements_order":"","neve_meta_disable_header":"","neve_meta_disable_footer":"on","neve_meta_disable_title":"","footnotes":""},"class_list":["post-5203","page","type-page","status-publish","hentry"],"aioseo_notices":[],"_links":{"self":[{"href":"https:\/\/kertoon.grouplive.net\/index.php\/wp-json\/wp\/v2\/pages\/5203","targetHints":{"allow":["GET"]}}],"collection":[{"href":"https:\/\/kertoon.grouplive.net\/index.php\/wp-json\/wp\/v2\/pages"}],"about":[{"href":"https:\/\/kertoon.grouplive.net\/index.php\/wp-json\/wp\/v2\/types\/page"}],"author":[{"embeddable":true,"href":"https:\/\/kertoon.grouplive.net\/index.php\/wp-json\/wp\/v2\/users\/3"}],"replies":[{"embeddable":true,"href":"https:\/\/kertoon.grouplive.net\/index.php\/wp-json\/wp\/v2\/comments?post=5203"}],"version-history":[{"count":141,"href":"https:\/\/kertoon.grouplive.net\/index.php\/wp-json\/wp\/v2\/pages\/5203\/revisions"}],"predecessor-version":[{"id":20512,"href":"https:\/\/kertoon.grouplive.net\/index.php\/wp-json\/wp\/v2\/pages\/5203\/revisions\/20512"}],"up":[{"embeddable":true,"href":"https:\/\/kertoon.grouplive.net\/index.php\/wp-json\/wp\/v2\/pages\/1138"}],"wp:attachment":[{"href":"https:\/\/kertoon.grouplive.net\/index.php\/wp-json\/wp\/v2\/media?parent=5203"}],"curies":[{"name":"wp","href":"https:\/\/api.w.org\/{rel}","templated":true}]}}