{"id":5793,"date":"2021-04-14T01:13:21","date_gmt":"2021-04-13T23:13:21","guid":{"rendered":"https:\/\/kertoonstudio.fr\/?page_id=5793"},"modified":"2025-11-16T01:18:47","modified_gmt":"2025-11-16T00:18:47","slug":"nos-presques-metrages","status":"publish","type":"page","link":"https:\/\/kertoon.grouplive.net\/index.php\/nos-creations\/nos-presques-metrages\/","title":{"rendered":"Nos \u00ab\u00a0presques\u00a0\u00bb m\u00e9trages"},"content":{"rendered":"<div class=\"aioseo-breadcrumbs\"><span class=\"aioseo-breadcrumb\">\n\t\t\tHome\n\t\t<\/span><\/div>\n\n\n<h1 class=\"wp-block-heading\">NOS \u00ab\u00a0PRESQUES\u00a0\u00bb M\u00c9TRAGES<\/h1>\n\n\n\n<p>Des projets ambitieux ont vu le jour sur papier dans notre atelier mais pour des raisons diverses, ils n&rsquo;ont pas aboutis. Il nous paraissait important de montrer l&rsquo;avanc\u00e9e de ces projets et l&rsquo;investissement mis en oeuvre.<\/p>\n\n\n\n<figure class=\"wp-block-table is-style-stripes\"><table class=\"has-background\" style=\"background-color:#fefefe\"><tbody><tr><td class=\"has-text-align-center\" data-align=\"center\"><\/td><td class=\"has-text-align-center\" data-align=\"center\"><\/td><td class=\"has-text-align-center\" data-align=\"center\"><\/td><td class=\"has-text-align-center\" data-align=\"center\"><\/td><\/tr><tr><td class=\"has-text-align-center\" data-align=\"center\"><a href=\"https:\/\/kertoonstudio.fr\/index.php\/les-poupees\/\"><img loading=\"lazy\" decoding=\"async\" width=\"150\" height=\"150\" src=\"https:\/\/kertoonstudio.fr\/wp-content\/uploads\/2021\/04\/VIGNETTE-MELISSA.jpg\" alt=\"\"><\/a><br><a href=\"https:\/\/kertoonstudio.fr\/index.php\/les-poupees\/\">Les poup\u00e9es<\/a><\/td><td class=\"has-text-align-center\" data-align=\"center\"><a href=\"https:\/\/kertoonstudio.fr\/index.php\/les-saphirs\/\"><img loading=\"lazy\" decoding=\"async\" width=\"150\" height=\"150\" src=\"https:\/\/kertoonstudio.fr\/wp-content\/uploads\/2021\/04\/saphyrs.jpg\" alt=\"\"><\/a><br><a href=\"https:\/\/kertoonstudio.fr\/index.php\/les-saphirs\/\">Les Saphirs<\/a><\/td><td class=\"has-text-align-center\" data-align=\"center\"><a href=\"https:\/\/kertoonstudio.fr\/index.php\/broceliande-loeiza\/\"><img loading=\"lazy\" decoding=\"async\" width=\"150\" height=\"150\" src=\"https:\/\/kertoonstudio.fr\/wp-content\/uploads\/2021\/04\/VIGNETTE-BROC-LOEIZA.jpg\" alt=\"\"><\/a><br><a href=\"https:\/\/kertoonstudio.fr\/index.php\/broceliande-loeiza\/\">Broc\u00e9liande 2014<\/a><\/td><td class=\"has-text-align-center\" data-align=\"center\"><a href=\"https:\/\/kertoonstudio.fr\/index.php\/broceliande-2\/\"><img loading=\"lazy\" decoding=\"async\" width=\"150\" height=\"150\" src=\"https:\/\/kertoonstudio.fr\/wp-content\/uploads\/2021\/04\/vignette-broc-chachou.jpg\" alt=\"\"><\/a><br><a href=\"https:\/\/kertoonstudio.fr\/index.php\/broceliande-2\/\">Broc\u00e9liande 2019<\/a><\/td><\/tr><tr><td class=\"has-text-align-center\" data-align=\"center\"><a href=\"https:\/\/kertoonstudio.fr\/index.php\/music-academy\/\"><img loading=\"lazy\" decoding=\"async\" width=\"150\" height=\"150\" src=\"https:\/\/kertoonstudio.fr\/wp-content\/uploads\/2021\/04\/music-vignette.jpg\" alt=\"\"><\/a><br><a href=\"https:\/\/kertoonstudio.fr\/index.php\/music-academy\/\">Music Academy<\/a><\/td><td class=\"has-text-align-center\" data-align=\"center\"><a href=\"https:\/\/kertoonstudio.fr\/index.php\/trouble-les-bonus\/\"><img loading=\"lazy\" decoding=\"async\" width=\"150\" height=\"150\" src=\"https:\/\/kertoonstudio.fr\/wp-content\/uploads\/2021\/04\/vignette-trouble.jpg\" alt=\"\"><\/a><br><a href=\"https:\/\/kertoonstudio.fr\/index.php\/trouble-les-bonus\/\">Trouble &#8211; Bonus<\/a><\/td><td class=\"has-text-align-center\" data-align=\"center\"><a href=\"https:\/\/kertoonstudio.fr\/index.php\/sombre-memoire\/\"><img loading=\"lazy\" decoding=\"async\" width=\"150\" height=\"150\" src=\"https:\/\/kertoonstudio.fr\/wp-content\/uploads\/2021\/04\/VIGNETTE-SOMBRE-MEMOIRE.jpg\" alt=\"\"><\/a><br><a href=\"https:\/\/kertoonstudio.fr\/index.php\/sombre-memoire\/\">Sombre m\u00e9moire<\/a><\/td><td class=\"has-text-align-center\" data-align=\"center\"><\/td><\/tr><\/tbody><\/table><\/figure>\n\n\n\n<div style=\"height:100px\" aria-hidden=\"true\" class=\"wp-block-spacer\"><\/div>\n","protected":false},"excerpt":{"rendered":"<p>NOS \u00ab\u00a0PRESQUES\u00a0\u00bb M\u00c9TRAGES Des projets ambitieux ont vu le jour sur papier dans notre atelier mais pour des raisons diverses, ils n&rsquo;ont pas aboutis. Il nous paraissait important de montrer l&rsquo;avanc\u00e9e de ces projets et l&rsquo;investissement mis en oeuvre. Les poup\u00e9es Les Saphirs Broc\u00e9liande 2014 Broc\u00e9liande 2019 Music Academy Trouble &#8211; Bonus Sombre m\u00e9moire<\/p>\n","protected":false},"author":3,"featured_media":0,"parent":1145,"menu_order":0,"comment_status":"closed","ping_status":"closed","template":"","meta":{"neve_meta_sidebar":"default","neve_meta_container":"contained","neve_meta_enable_content_width":"on","neve_meta_content_width":80,"neve_meta_title_alignment":"","neve_meta_author_avatar":"","neve_post_elements_order":"","neve_meta_disable_header":"","neve_meta_disable_footer":"on","neve_meta_disable_title":"","footnotes":""},"class_list":["post-5793","page","type-page","status-publish","hentry"],"aioseo_notices":[],"_links":{"self":[{"href":"https:\/\/kertoon.grouplive.net\/index.php\/wp-json\/wp\/v2\/pages\/5793","targetHints":{"allow":["GET"]}}],"collection":[{"href":"https:\/\/kertoon.grouplive.net\/index.php\/wp-json\/wp\/v2\/pages"}],"about":[{"href":"https:\/\/kertoon.grouplive.net\/index.php\/wp-json\/wp\/v2\/types\/page"}],"author":[{"embeddable":true,"href":"https:\/\/kertoon.grouplive.net\/index.php\/wp-json\/wp\/v2\/users\/3"}],"replies":[{"embeddable":true,"href":"https:\/\/kertoon.grouplive.net\/index.php\/wp-json\/wp\/v2\/comments?post=5793"}],"version-history":[{"count":40,"href":"https:\/\/kertoon.grouplive.net\/index.php\/wp-json\/wp\/v2\/pages\/5793\/revisions"}],"predecessor-version":[{"id":20524,"href":"https:\/\/kertoon.grouplive.net\/index.php\/wp-json\/wp\/v2\/pages\/5793\/revisions\/20524"}],"up":[{"embeddable":true,"href":"https:\/\/kertoon.grouplive.net\/index.php\/wp-json\/wp\/v2\/pages\/1145"}],"wp:attachment":[{"href":"https:\/\/kertoon.grouplive.net\/index.php\/wp-json\/wp\/v2\/media?parent=5793"}],"curies":[{"name":"wp","href":"https:\/\/api.w.org\/{rel}","templated":true}]}}