{"id":6811,"date":"2022-01-04T00:03:24","date_gmt":"2022-01-03T23:03:24","guid":{"rendered":"https:\/\/kertoonstudio.fr\/?page_id=6811"},"modified":"2025-11-05T03:18:30","modified_gmt":"2025-11-05T02:18:30","slug":"les-archives-scolaires","status":"publish","type":"page","link":"https:\/\/kertoon.grouplive.net\/index.php\/kertoon-dans-les-ecoles\/les-archives-scolaires\/","title":{"rendered":"Les archives scolaires"},"content":{"rendered":"<div class=\"aioseo-breadcrumbs\"><span class=\"aioseo-breadcrumb\">\n\t\t\tHome\n\t\t<\/span><\/div>\n\n\n<h1 class=\"wp-block-heading\">LES ARCHIVES SCOLAIRES<\/h1>\n\n\n\n<figure class=\"wp-block-image size-large\"><img loading=\"lazy\" decoding=\"async\" width=\"1024\" height=\"334\" src=\"https:\/\/kertoonstudio.fr\/wp-content\/uploads\/2020\/06\/court-scaled-1-1024x334.jpg\" alt=\"\" class=\"wp-image-2268\" srcset=\"https:\/\/kertoon.grouplive.net\/wp-content\/uploads\/2020\/06\/court-scaled-1-1024x334.jpg 1024w, https:\/\/kertoon.grouplive.net\/wp-content\/uploads\/2020\/06\/court-scaled-1-300x98.jpg 300w, https:\/\/kertoon.grouplive.net\/wp-content\/uploads\/2020\/06\/court-scaled-1-768x251.jpg 768w, https:\/\/kertoon.grouplive.net\/wp-content\/uploads\/2020\/06\/court-scaled-1-1536x502.jpg 1536w, https:\/\/kertoon.grouplive.net\/wp-content\/uploads\/2020\/06\/court-scaled-1-2048x669.jpg 2048w\" sizes=\"auto, (max-width: 1024px) 100vw, 1024px\" \/><\/figure>\n\n\n\n<h2 class=\"wp-block-heading has-nv-text-dark-bg-color has-text-color has-background\" style=\"background-color:#ef1515\">Comme le pr\u00e9cise la&nbsp;<a rel=\"noreferrer noopener\" target=\"_blank\" href=\"https:\/\/www.vie-publique.fr\/loi\/273385-loi-19-octobre-2020-travail-enfants-youtubeurs-influenceurs-sur-internet\">loi du 19 octobre 2020<\/a>, vous trouverez sur cette page, les films dans lesquels apparaissent sans mot de passe des enfants ayant d\u00e9sormais 16 ans et plus<\/h2>\n\n\n\n<div class=\"wp-block-group\"><div class=\"wp-block-group__inner-container is-layout-flow wp-block-group-is-layout-flow\">\n<h1 class=\"wp-block-heading\">LES ARCHIVES DES \u00c9COLES<\/h1>\n\n\n\n<h3 class=\"wp-block-heading\">Kertoon intervient la journ\u00e9e dans les \u00e9coles afin d&rsquo;\u00e9veiller les enfants \u00e0 l&rsquo;image. Du brouillon aux films plus travaill\u00e9s, d\u00e9couvrez les apprentissages, les prises de confiance et la cr\u00e9ativit\u00e9 des \u00e9l\u00e8ves. L&rsquo;activit\u00e9 se divise en deux cat\u00e9gories, le p\u00e9ri-scolaire, sur le temps du midi et la fin d&rsquo;apr\u00e8s midi avec des groupes r\u00e9duits (15 maximum).. Septembre 1996 d\u00e9marrait l&rsquo;aventure dans les \u00e9tablissements, c&rsquo;est tout ces beaux souvenirs que nous vous invitons \u00e0 d\u00e9couvrir&#8230;<\/h3>\n\n\n\n<div class=\"wp-block-group\"><div class=\"wp-block-group__inner-container is-layout-flow wp-block-group-is-layout-flow\">\n<figure class=\"wp-block-table aligncenter is-style-stripes\"><table><tbody><tr><td class=\"has-text-align-center\" data-align=\"center\"><br><\/td><td class=\"has-text-align-center\" data-align=\"center\"><br><\/td><td class=\"has-text-align-center\" data-align=\"center\"><br><\/td><td class=\"has-text-align-center\" data-align=\"center\"><br><\/td><\/tr><tr><td class=\"has-text-align-center\" data-align=\"center\"><a href=\"https:\/\/kertoonstudio.fr\/index.php\/archives-campeneac-notre-dame\/\"><img loading=\"lazy\" decoding=\"async\" width=\"200\" height=\"150\" class=\"wp-image-928\" style=\"width: 150px\" src=\"https:\/\/kertoonstudio.fr\/wp-content\/uploads\/2020\/05\/200x150_ecole_campeneac_prive.jpeg\" alt=\"\"><\/a><br><a href=\"https:\/\/kertoonstudio.fr\/index.php\/le-cinema-a-lecole\/campeneac-prive\/\">Camp\u00e9n\u00e9ac<\/a><br><a href=\"https:\/\/kertoonstudio.fr\/index.php\/le-cinema-a-lecole\/campeneac-prive\/\">Notre Dame<\/a><\/td><td class=\"has-text-align-center\" data-align=\"center\"><a href=\"https:\/\/kertoonstudio.fr\/index.php\/archives-campeneac-theodore-monod\/\"><img loading=\"lazy\" decoding=\"async\" width=\"200\" height=\"150\" class=\"wp-image-929\" style=\"width: 150px\" src=\"https:\/\/kertoonstudio.fr\/wp-content\/uploads\/2020\/05\/200x150_ecole_campeneac_public.jpg\" alt=\"\"><\/a><a href=\"https:\/\/kertoonstudio.fr\/index.php\/le-cinema-a-lecole\/campeneac-public\/\"> <\/a><br><a href=\"https:\/\/kertoonstudio.fr\/index.php\/le-cinema-a-lecole\/campeneac-public\/\">Camp\u00e9n\u00e9ac<\/a><br><a href=\"https:\/\/kertoonstudio.fr\/index.php\/le-cinema-a-lecole\/campeneac-public\/\">Th\u00e9odore Monod<\/a><\/td><td class=\"has-text-align-center\" data-align=\"center\"><a href=\"https:\/\/kertoonstudio.fr\/index.php\/archives-gourhel\/\"><img loading=\"lazy\" decoding=\"async\" width=\"200\" height=\"150\" class=\"wp-image-942\" style=\"width: 150px\" src=\"https:\/\/kertoonstudio.fr\/wp-content\/uploads\/2020\/05\/200x150_ecole_gourhel_public.jpg\" alt=\"\"><\/a><a href=\"https:\/\/kertoonstudio.fr\/index.php\/le-cinema-a-lecole\/gourhel\/\"> <\/a><br><a href=\"https:\/\/kertoonstudio.fr\/index.php\/le-cinema-a-lecole\/gourhel\/\">Gourhel<\/a><br><a href=\"https:\/\/kertoonstudio.fr\/index.php\/le-cinema-a-lecole\/gourhel\/\">Jean de La Fontaine<\/a><\/td><td class=\"has-text-align-center\" data-align=\"center\"><a href=\"https:\/\/kertoonstudio.fr\/index.php\/le-cinema-a-lecole\/josselin-notre-dame-du-roncier\/\"> <\/a><a href=\"https:\/\/kertoonstudio.fr\/index.php\/archives-taupont-rene-guy-cadou\/\"><img decoding=\"async\" src=\"https:\/\/kertoonstudio.fr\/wp-content\/uploads\/2020\/05\/200x150_ecole_taupont_public.jpg\" alt=\"\" style=\"width: 150px\"><\/a><br><a href=\"https:\/\/kertoonstudio.fr\/index.php\/le-cinema-a-lecole\/taupont-public\/\">Taupont<\/a><br><a href=\"https:\/\/kertoonstudio.fr\/index.php\/le-cinema-a-lecole\/taupont-public\/\">Ren\u00e9 Guy Cadou<\/a><\/td><\/tr><tr><td class=\"has-text-align-center\" data-align=\"center\"><a href=\"https:\/\/kertoonstudio.fr\/index.php\/archives-loyat-ste-jeanne-darc\/\"><img loading=\"lazy\" decoding=\"async\" width=\"200\" height=\"150\" class=\"wp-image-932\" style=\"width: 150px\" src=\"https:\/\/kertoonstudio.fr\/wp-content\/uploads\/2020\/05\/200x150_ecole_loyat_prive.jpg\" alt=\"\"><\/a><br><a href=\"https:\/\/kertoonstudio.fr\/index.php\/le-cinema-a-lecole\/loyat-prive\/\">Loyat<\/a><br><a href=\"https:\/\/kertoonstudio.fr\/index.php\/le-cinema-a-lecole\/loyat-prive\/\">Sainte Jeanne d\u2019Arc<\/a> <\/td><td class=\"has-text-align-center\" data-align=\"center\"><a href=\"https:\/\/kertoonstudio.fr\/index.php\/archives-loyat-theodore-botrel\/\"><img loading=\"lazy\" decoding=\"async\" width=\"200\" height=\"150\" class=\"wp-image-933\" style=\"width: 150px\" src=\"https:\/\/kertoonstudio.fr\/wp-content\/uploads\/2020\/05\/200x150_ecole_loyat_public.jpg\" alt=\"\"><\/a><a href=\"https:\/\/kertoonstudio.fr\/index.php\/le-cinema-a-lecole\/loyat-public\/\"> <\/a><br><a href=\"https:\/\/kertoonstudio.fr\/index.php\/le-cinema-a-lecole\/loyat-public\/\">Loyat<\/a><br><a href=\"https:\/\/kertoonstudio.fr\/index.php\/le-cinema-a-lecole\/loyat-public\/\">Th\u00e9odore Botrel<\/a><\/td><td class=\"has-text-align-center\" data-align=\"center\"><a href=\"https:\/\/kertoonstudio.fr\/index.php\/archives-monterrein\/\"><img loading=\"lazy\" decoding=\"async\" width=\"200\" height=\"150\" class=\"wp-image-934\" style=\"width: 150px\" src=\"https:\/\/kertoonstudio.fr\/wp-content\/uploads\/2020\/05\/200x150_ecole_monterrein.jpg\" alt=\"\"><\/a><a href=\"https:\/\/kertoonstudio.fr\/index.php\/le-cinema-a-lecole\/monterrein-saint-joseph\/\"> <\/a><br><a href=\"https:\/\/kertoonstudio.fr\/index.php\/le-cinema-a-lecole\/monterrein-saint-joseph\/\">Monterrein<\/a><br><a href=\"https:\/\/kertoonstudio.fr\/index.php\/le-cinema-a-lecole\/monterrein-saint-joseph\/\">Saint-Joseph<\/a><\/td><td class=\"has-text-align-center\" data-align=\"center\"><a href=\"https:\/\/kertoonstudio.fr\/index.php\/archives-ploermel-jules-verne\/\"><img loading=\"lazy\" decoding=\"async\" width=\"200\" height=\"150\" class=\"wp-image-935\" style=\"width: 150px\" src=\"https:\/\/kertoonstudio.fr\/wp-content\/uploads\/2020\/05\/200x150_ecole_ploermel_jules-verne.jpg\" alt=\"\"><\/a><a href=\"https:\/\/kertoonstudio.fr\/index.php\/le-cinema-a-lecole\/jules-verne\/\"> <\/a><br><a href=\"https:\/\/kertoonstudio.fr\/index.php\/archives-ploermel-jules-verne\/\">Plo\u00ebrmel<\/a><br><a href=\"https:\/\/kertoonstudio.fr\/index.php\/archives-ploermel-jules-verne\/\">Jules Verne<\/a><\/td><\/tr><tr><td class=\"has-text-align-center\" data-align=\"center\"><a href=\"https:\/\/kertoonstudio.fr\/index.php\/archives-ploermel-st-jean\/\"><img loading=\"lazy\" decoding=\"async\" width=\"200\" height=\"150\" class=\"wp-image-936\" style=\"width: 150px\" src=\"https:\/\/kertoonstudio.fr\/wp-content\/uploads\/2020\/05\/200x150_ecole_ploermel_st-jean.jpg\" alt=\"\"><\/a><br><a href=\"https:\/\/kertoonstudio.fr\/index.php\/le-cinema-a-lecole\/ploermel-saint-jean\/\">Plo\u00ebrmel<\/a><br><a href=\"https:\/\/kertoonstudio.fr\/index.php\/le-cinema-a-lecole\/ploermel-saint-jean\/\">Saint-Jean<\/a> <\/td><td class=\"has-text-align-center\" data-align=\"center\"><a href=\"https:\/\/kertoonstudio.fr\/index.php\/archives-ploermel-st-joseph\/\"><img loading=\"lazy\" decoding=\"async\" width=\"200\" height=\"150\" class=\"wp-image-937\" style=\"width: 150px\" src=\"https:\/\/kertoonstudio.fr\/wp-content\/uploads\/2020\/05\/200x150_ecole_ploermel_st-joseph.jpg\" alt=\"\"><\/a><a href=\"https:\/\/kertoonstudio.fr\/index.php\/le-cinema-a-lecole\/st-joseph\/\"> <\/a><br><a href=\"https:\/\/kertoonstudio.fr\/index.php\/archives-ploermel-st-joseph\/\">Plo\u00ebrmel<\/a><br><a href=\"https:\/\/kertoonstudio.fr\/index.php\/archives-ploermel-st-joseph\/\">Saint-Joseph<\/a><\/td><td class=\"has-text-align-center\" data-align=\"center\"><a href=\"https:\/\/kertoonstudio.fr\/index.php\/archives-ploermel-st-louis\/\"><img loading=\"lazy\" decoding=\"async\" width=\"200\" height=\"150\" class=\"wp-image-938\" style=\"width: 150px\" src=\"https:\/\/kertoonstudio.fr\/wp-content\/uploads\/2020\/05\/200x150_ecole_ploermel_st-louis.jpg\" alt=\"\"><\/a><a href=\"https:\/\/kertoonstudio.fr\/index.php\/le-cinema-a-lecole\/st-louis\/\"> <\/a><br><a href=\"https:\/\/kertoonstudio.fr\/index.php\/le-cinema-a-lecole\/st-louis\/\">Plo\u00ebrmel<\/a><br><a href=\"https:\/\/kertoonstudio.fr\/index.php\/le-cinema-a-lecole\/st-louis\/\">Saint-Louis<\/a><\/td><td class=\"has-text-align-center\" data-align=\"center\"><a href=\"https:\/\/kertoonstudio.fr\/index.php\/archives-taupont-notre-dame\/\"><img loading=\"lazy\" decoding=\"async\" width=\"200\" height=\"150\" class=\"wp-image-939\" style=\"width: 150px\" src=\"https:\/\/kertoonstudio.fr\/wp-content\/uploads\/2020\/05\/200x150_ecole_taupont_prive.jpg\" alt=\"\"><\/a><a href=\"https:\/\/kertoonstudio.fr\/index.php\/le-cinema-a-lecole\/taupont-prive\/\"> <\/a><br><a href=\"https:\/\/kertoonstudio.fr\/index.php\/le-cinema-a-lecole\/taupont-prive\/\">Taupont<\/a><br><a href=\"https:\/\/kertoonstudio.fr\/index.php\/le-cinema-a-lecole\/taupont-prive\/\">Notre Dame<\/a><\/td><\/tr><tr><td class=\"has-text-align-center\" data-align=\"center\"><\/td><td class=\"has-text-align-center\" data-align=\"center\"><\/td><td class=\"has-text-align-center\" data-align=\"center\"><\/td><td class=\"has-text-align-center\" data-align=\"center\"><\/td><\/tr><\/tbody><\/table><\/figure>\n\n\n\n<p><\/p>\n<\/div><\/div>\n\n\n\n<p><\/p>\n<\/div><\/div>\n\n\n\n<div style=\"height:100px\" aria-hidden=\"true\" class=\"wp-block-spacer\"><\/div>\n","protected":false},"excerpt":{"rendered":"<p>LES ARCHIVES SCOLAIRES Comme le pr\u00e9cise la&nbsp;loi du 19 octobre 2020, vous trouverez sur cette page, les films dans lesquels apparaissent sans mot de passe des enfants ayant d\u00e9sormais 16 ans et plus LES ARCHIVES DES \u00c9COLES Kertoon intervient la journ\u00e9e dans les \u00e9coles afin d&rsquo;\u00e9veiller les enfants \u00e0 l&rsquo;image. Du brouillon aux films plus&hellip;&nbsp;<a href=\"https:\/\/kertoon.grouplive.net\/index.php\/kertoon-dans-les-ecoles\/les-archives-scolaires\/\" rel=\"bookmark\">Lire la suite &raquo;<span class=\"screen-reader-text\">Les archives scolaires<\/span><\/a><\/p>\n","protected":false},"author":3,"featured_media":0,"parent":9071,"menu_order":0,"comment_status":"closed","ping_status":"closed","template":"","meta":{"neve_meta_sidebar":"default","neve_meta_container":"contained","neve_meta_enable_content_width":"on","neve_meta_content_width":80,"neve_meta_title_alignment":"","neve_meta_author_avatar":"","neve_post_elements_order":"","neve_meta_disable_header":"","neve_meta_disable_footer":"on","neve_meta_disable_title":"","footnotes":""},"class_list":["post-6811","page","type-page","status-publish","hentry"],"aioseo_notices":[],"_links":{"self":[{"href":"https:\/\/kertoon.grouplive.net\/index.php\/wp-json\/wp\/v2\/pages\/6811","targetHints":{"allow":["GET"]}}],"collection":[{"href":"https:\/\/kertoon.grouplive.net\/index.php\/wp-json\/wp\/v2\/pages"}],"about":[{"href":"https:\/\/kertoon.grouplive.net\/index.php\/wp-json\/wp\/v2\/types\/page"}],"author":[{"embeddable":true,"href":"https:\/\/kertoon.grouplive.net\/index.php\/wp-json\/wp\/v2\/users\/3"}],"replies":[{"embeddable":true,"href":"https:\/\/kertoon.grouplive.net\/index.php\/wp-json\/wp\/v2\/comments?post=6811"}],"version-history":[{"count":28,"href":"https:\/\/kertoon.grouplive.net\/index.php\/wp-json\/wp\/v2\/pages\/6811\/revisions"}],"predecessor-version":[{"id":20492,"href":"https:\/\/kertoon.grouplive.net\/index.php\/wp-json\/wp\/v2\/pages\/6811\/revisions\/20492"}],"up":[{"embeddable":true,"href":"https:\/\/kertoon.grouplive.net\/index.php\/wp-json\/wp\/v2\/pages\/9071"}],"wp:attachment":[{"href":"https:\/\/kertoon.grouplive.net\/index.php\/wp-json\/wp\/v2\/media?parent=6811"}],"curies":[{"name":"wp","href":"https:\/\/api.w.org\/{rel}","templated":true}]}}