{"id":9071,"date":"2023-01-19T01:39:46","date_gmt":"2023-01-19T00:39:46","guid":{"rendered":"https:\/\/kertoonstudio.fr\/?page_id=9071"},"modified":"2025-11-16T03:00:07","modified_gmt":"2025-11-16T02:00:07","slug":"kertoon-dans-les-ecoles","status":"publish","type":"page","link":"https:\/\/kertoon.grouplive.net\/index.php\/kertoon-dans-les-ecoles\/","title":{"rendered":"Kertoon dans les \u00e9coles"},"content":{"rendered":"<div class=\"aioseo-breadcrumbs\"><span class=\"aioseo-breadcrumb\">\n\t\t\tHome\n\t\t<\/span><\/div>\n\n\n<figure class=\"wp-block-image size-large is-style-default\"><img loading=\"lazy\" decoding=\"async\" width=\"1024\" height=\"334\" src=\"https:\/\/kertoonstudio.fr\/wp-content\/uploads\/2020\/07\/bandeau-ecole-scaled-1-1024x334.jpg\" alt=\"\" class=\"wp-image-2419\" srcset=\"https:\/\/kertoon.grouplive.net\/wp-content\/uploads\/2020\/07\/bandeau-ecole-scaled-1-1024x334.jpg 1024w, https:\/\/kertoon.grouplive.net\/wp-content\/uploads\/2020\/07\/bandeau-ecole-scaled-1-300x98.jpg 300w, https:\/\/kertoon.grouplive.net\/wp-content\/uploads\/2020\/07\/bandeau-ecole-scaled-1-768x251.jpg 768w, https:\/\/kertoon.grouplive.net\/wp-content\/uploads\/2020\/07\/bandeau-ecole-scaled-1-1536x502.jpg 1536w, https:\/\/kertoon.grouplive.net\/wp-content\/uploads\/2020\/07\/bandeau-ecole-scaled-1-2048x669.jpg 2048w\" sizes=\"auto, (max-width: 1024px) 100vw, 1024px\" \/><\/figure>\n\n\n\n<h1 class=\"wp-block-heading\">Kertoon dans les \u00e9coles<\/h1>\n\n\n\n<div class=\"wp-block-columns is-layout-flex wp-container-core-columns-is-layout-9d6595d7 wp-block-columns-is-layout-flex\">\n<div class=\"wp-block-column is-layout-flow wp-block-column-is-layout-flow\"><\/div>\n\n\n\n<div class=\"wp-block-column is-layout-flow wp-block-column-is-layout-flow\">\n<figure class=\"wp-block-embed is-type-video is-provider-youtube wp-block-embed-youtube wp-embed-aspect-16-9 wp-has-aspect-ratio\"><div class=\"wp-block-embed__wrapper\">\n<div class=\"nv-iframe-embed\"><iframe loading=\"lazy\" title=\"TYPES DE FILMS\" width=\"1200\" height=\"675\" src=\"https:\/\/www.youtube.com\/embed\/Io0vqiTroag?feature=oembed\" frameborder=\"0\" allow=\"accelerometer; autoplay; clipboard-write; encrypted-media; gyroscope; picture-in-picture; web-share\" referrerpolicy=\"strict-origin-when-cross-origin\" allowfullscreen><\/iframe><\/div>\n<\/div><figcaption class=\"wp-element-caption\">D\u00e9couvrez nos styles tr\u00e8s vari\u00e9s<\/figcaption><\/figure>\n<\/div>\n\n\n\n<div class=\"wp-block-column is-layout-flow wp-block-column-is-layout-flow\"><\/div>\n<\/div>\n\n\n\n<figure class=\"wp-block-table is-style-stripes\"><table><tbody><tr><td class=\"has-text-align-center\" data-align=\"center\"><a href=\"https:\/\/kertoonstudio.fr\/index.php\/le-cinema-peri-scolaire\/\"><img loading=\"lazy\" decoding=\"async\" width=\"150\" height=\"150\" class=\"wp-image-10812\" style=\"width: 150px;\" src=\"https:\/\/kertoonstudio.fr\/wp-content\/uploads\/2025\/08\/peri.jpg\" alt=\"\" srcset=\"https:\/\/kertoon.grouplive.net\/wp-content\/uploads\/2025\/08\/peri.jpg 200w, https:\/\/kertoon.grouplive.net\/wp-content\/uploads\/2025\/08\/peri-150x150.jpg 150w\" sizes=\"auto, (max-width: 150px) 100vw, 150px\" \/><\/a><br><strong>EXTRA SCOLAIRE<\/strong><a href=\"https:\/\/kertoonstudio.fr\/index.php\/le-cinema-peri-scolaire\/\"><strong> <\/strong><\/a><\/td><td class=\"has-text-align-center\" data-align=\"center\"><a href=\"https:\/\/kertoonstudio.fr\/index.php\/le-cinema-peri-scolaire\/les-co-interventions\/\"><img loading=\"lazy\" decoding=\"async\" width=\"150\" height=\"150\" class=\"wp-image-10810\" style=\"width: 150px;\" src=\"https:\/\/kertoonstudio.fr\/wp-content\/uploads\/2025\/08\/cointer.jpg\" alt=\"\" srcset=\"https:\/\/kertoon.grouplive.net\/wp-content\/uploads\/2025\/08\/cointer.jpg 200w, https:\/\/kertoon.grouplive.net\/wp-content\/uploads\/2025\/08\/cointer-150x150.jpg 150w\" sizes=\"auto, (max-width: 150px) 100vw, 150px\" \/><\/a><br><strong><a href=\"https:\/\/kertoonstudio.fr\/index.php\/le-cinema-peri-scolaire\/les-co-interventions\/\">CO-INTER<\/a><\/strong><\/td><td class=\"has-text-align-center\" data-align=\"center\"><a href=\"https:\/\/kertoonstudio.fr\/index.php\/le-cinema-peri-scolaire\/les-archives-scolaires\/\"><img loading=\"lazy\" decoding=\"async\" width=\"150\" height=\"150\" class=\"wp-image-10868\" style=\"width: 150px;\" src=\"https:\/\/kertoonstudio.fr\/wp-content\/uploads\/2025\/08\/archive-scolaire.jpg\" alt=\"\" srcset=\"https:\/\/kertoon.grouplive.net\/wp-content\/uploads\/2025\/08\/archive-scolaire.jpg 200w, https:\/\/kertoon.grouplive.net\/wp-content\/uploads\/2025\/08\/archive-scolaire-150x150.jpg 150w\" sizes=\"auto, (max-width: 150px) 100vw, 150px\" \/><\/a><br><strong><a href=\"https:\/\/kertoonstudio.fr\/index.php\/le-cinema-peri-scolaire\/les-archives-scolaires\/\">ARCHIVES SCOLAIRES<\/a><\/strong><\/td><td class=\"has-text-align-center\" data-align=\"center\"><a href=\"https:\/\/kertoonstudio.fr\/index.php\/kertoon-dans-les-ecoles\/la-faq-scolaire\/\"><img loading=\"lazy\" decoding=\"async\" width=\"150\" height=\"150\" class=\"wp-image-10808\" style=\"width: 150px;\" src=\"https:\/\/kertoonstudio.fr\/wp-content\/uploads\/2025\/08\/faq.jpg\" alt=\"\" srcset=\"https:\/\/kertoon.grouplive.net\/wp-content\/uploads\/2025\/08\/faq.jpg 200w, https:\/\/kertoon.grouplive.net\/wp-content\/uploads\/2025\/08\/faq-150x150.jpg 150w\" sizes=\"auto, (max-width: 150px) 100vw, 150px\" \/><\/a><br><strong><a href=\"https:\/\/kertoonstudio.fr\/index.php\/kertoon-dans-les-ecoles\/la-faq-scolaire\/\">LA FAQ SCOLAIRE<\/a><\/strong><\/td><\/tr><tr><td class=\"has-text-align-center\" data-align=\"center\"><br><br><a href=\"https:\/\/kertoonstudio.fr\/index.php\/nos-films-de-festival\/\"><img loading=\"lazy\" decoding=\"async\" width=\"150\" height=\"150\" class=\"wp-image-10874\" style=\"width: 150px;\" src=\"https:\/\/kertoonstudio.fr\/wp-content\/uploads\/2025\/08\/festival.jpg\" alt=\"\" srcset=\"https:\/\/kertoon.grouplive.net\/wp-content\/uploads\/2025\/08\/festival.jpg 200w, https:\/\/kertoon.grouplive.net\/wp-content\/uploads\/2025\/08\/festival-150x150.jpg 150w\" sizes=\"auto, (max-width: 150px) 100vw, 150px\" \/><\/a><br><a href=\"https:\/\/kertoonstudio.fr\/index.php\/nos-films-de-festival\/\"><strong>PROJET\u00c9S<\/strong><br><strong>AU CIN\u00c9MA<\/strong><\/a><\/td><td class=\"has-text-align-center\" data-align=\"center\"><br><br><br><a href=\"https:\/\/kertoonstudio.fr\/index.php\/les-tutos-kertoon\/\"><img loading=\"lazy\" decoding=\"async\" width=\"150\" height=\"150\" class=\"wp-image-10775\" style=\"width: 150px;\" src=\"https:\/\/kertoonstudio.fr\/wp-content\/uploads\/2025\/08\/tuto.jpg\" alt=\"\" srcset=\"https:\/\/kertoon.grouplive.net\/wp-content\/uploads\/2025\/08\/tuto.jpg 200w, https:\/\/kertoon.grouplive.net\/wp-content\/uploads\/2025\/08\/tuto-150x150.jpg 150w\" sizes=\"auto, (max-width: 150px) 100vw, 150px\" \/><\/a><br><a href=\"https:\/\/kertoonstudio.fr\/index.php\/les-tutos-kertoon\/\"><strong>LES TUTOS<\/strong><\/a><br><a href=\"https:\/\/kertoonstudio.fr\/index.php\/les-tutos-kertoon\/\"><strong> KERTOON<\/strong><\/a><br><\/td><td class=\"has-text-align-center\" data-align=\"center\"><br><br><a href=\"https:\/\/kertoonstudio.fr\/index.php\/souvenirs-deleves\/\"><img loading=\"lazy\" decoding=\"async\" width=\"150\" height=\"150\" class=\"wp-image-10871\" style=\"width: 150px;\" src=\"https:\/\/kertoonstudio.fr\/wp-content\/uploads\/2025\/08\/souvenir-3.jpeg\" alt=\"\" srcset=\"https:\/\/kertoon.grouplive.net\/wp-content\/uploads\/2025\/08\/souvenir-3.jpeg 1024w, https:\/\/kertoon.grouplive.net\/wp-content\/uploads\/2025\/08\/souvenir-3-300x300.jpeg 300w, https:\/\/kertoon.grouplive.net\/wp-content\/uploads\/2025\/08\/souvenir-3-150x150.jpeg 150w, https:\/\/kertoon.grouplive.net\/wp-content\/uploads\/2025\/08\/souvenir-3-768x768.jpeg 768w\" sizes=\"auto, (max-width: 150px) 100vw, 150px\" \/><img decoding=\"async\" src=\"https:\/\/kertoonstudio.fr\/wp-content\/uploads\/2020\/12\/saviez-vous2.jpg\" alt=\"\"><\/a><br><a href=\"https:\/\/kertoonstudio.fr\/index.php\/souvenirs-deleves\/\"><strong>SOUVENIRS D&rsquo;\u00c9L\u00c8VES<\/strong><\/a><br><\/td><td class=\"has-text-align-center\" data-align=\"center\"><\/td><\/tr><\/tbody><\/table><\/figure>\n\n\n\n<div style=\"height:100px\" aria-hidden=\"true\" class=\"wp-block-spacer\"><\/div>\n","protected":false},"excerpt":{"rendered":"<p>Kertoon dans les \u00e9coles EXTRA SCOLAIRE CO-INTER ARCHIVES SCOLAIRES LA FAQ SCOLAIRE PROJET\u00c9SAU CIN\u00c9MA LES TUTOS KERTOON SOUVENIRS D&rsquo;\u00c9L\u00c8VES<\/p>\n","protected":false},"author":3,"featured_media":0,"parent":0,"menu_order":0,"comment_status":"closed","ping_status":"closed","template":"","meta":{"neve_meta_sidebar":"default","neve_meta_container":"contained","neve_meta_enable_content_width":"on","neve_meta_content_width":80,"neve_meta_title_alignment":"","neve_meta_author_avatar":"","neve_post_elements_order":"","neve_meta_disable_header":"","neve_meta_disable_footer":"on","neve_meta_disable_title":"","footnotes":""},"class_list":["post-9071","page","type-page","status-publish","hentry"],"aioseo_notices":[],"_links":{"self":[{"href":"https:\/\/kertoon.grouplive.net\/index.php\/wp-json\/wp\/v2\/pages\/9071","targetHints":{"allow":["GET"]}}],"collection":[{"href":"https:\/\/kertoon.grouplive.net\/index.php\/wp-json\/wp\/v2\/pages"}],"about":[{"href":"https:\/\/kertoon.grouplive.net\/index.php\/wp-json\/wp\/v2\/types\/page"}],"author":[{"embeddable":true,"href":"https:\/\/kertoon.grouplive.net\/index.php\/wp-json\/wp\/v2\/users\/3"}],"replies":[{"embeddable":true,"href":"https:\/\/kertoon.grouplive.net\/index.php\/wp-json\/wp\/v2\/comments?post=9071"}],"version-history":[{"count":75,"href":"https:\/\/kertoon.grouplive.net\/index.php\/wp-json\/wp\/v2\/pages\/9071\/revisions"}],"predecessor-version":[{"id":26468,"href":"https:\/\/kertoon.grouplive.net\/index.php\/wp-json\/wp\/v2\/pages\/9071\/revisions\/26468"}],"wp:attachment":[{"href":"https:\/\/kertoon.grouplive.net\/index.php\/wp-json\/wp\/v2\/media?parent=9071"}],"curies":[{"name":"wp","href":"https:\/\/api.w.org\/{rel}","templated":true}]}}